{"id":2070,"date":"2024-03-01T10:49:07","date_gmt":"2024-03-01T09:49:07","guid":{"rendered":"https:\/\/www.choreoscope.com\/newsletter\/"},"modified":"2025-04-23T12:18:27","modified_gmt":"2025-04-23T10:18:27","slug":"newsletter","status":"publish","type":"page","link":"https:\/\/www.choreoscope.com\/ca\/newsletter\/","title":{"rendered":"Newsletter"},"content":{"rendered":"<div class=\"fusion-fullwidth fullwidth-box fusion-builder-row-1 fusion-flex-container has-pattern-background has-mask-background nonhundred-percent-fullwidth non-hundred-percent-height-scrolling\" style=\"--awb-border-radius-top-left:0px;--awb-border-radius-top-right:0px;--awb-border-radius-bottom-right:0px;--awb-border-radius-bottom-left:0px;--awb-flex-wrap:wrap;\" ><div class=\"fusion-builder-row fusion-row fusion-flex-align-items-flex-start fusion-flex-content-wrap\" style=\"max-width:1352px;margin-left: calc(-4% \/ 2 );margin-right: calc(-4% \/ 2 );\"><div class=\"fusion-layout-column fusion_builder_column fusion-builder-column-0 fusion_builder_column_1_1 1_1 fusion-flex-column\" style=\"--awb-bg-size:cover;--awb-width-large:100%;--awb-margin-top-large:0px;--awb-spacing-right-large:1.92%;--awb-margin-bottom-large:20px;--awb-spacing-left-large:1.92%;--awb-width-medium:100%;--awb-order-medium:0;--awb-spacing-right-medium:1.92%;--awb-spacing-left-medium:1.92%;--awb-width-small:100%;--awb-order-small:0;--awb-spacing-right-small:1.92%;--awb-spacing-left-small:1.92%;\"><div class=\"fusion-column-wrapper fusion-column-has-shadow fusion-flex-justify-content-flex-start fusion-content-layout-column\"><div class=\"fusion-title title fusion-title-1 fusion-sep-none fusion-title-center fusion-title-text fusion-title-size-one\"><h1 class=\"fusion-title-heading title-heading-center fusion-responsive-typography-calculated\" style=\"margin:0;text-transform:uppercase;--fontSize:35;line-height:1.16;\">Subscriu-te a la nostra <span style=\"color: #de5236;\">Newsletter<\/span><\/h1><\/div><div class=\"fusion-title title fusion-title-2 fusion-sep-none fusion-title-center fusion-title-text fusion-title-size-one\"><h1 class=\"fusion-title-heading title-heading-center fusion-responsive-typography-calculated\" style=\"margin:0;--fontSize:35;line-height:1.16;\">#MouElMon<\/h1><\/div><div class=\"fusion-text fusion-text-1\"><div style=\"text-align: center;\">\u00abEs poden moure muntanyes si s&#8217;aconsegueix que les persones que col\u00b7laboren en realitzar una idea, fins i tot sent molt distintes pel que fa al seu car\u00e0cter, temperament i edat, passin a formar alguna cosa aix\u00ed com una fam\u00edlia, animades per una passi\u00f3 comuna.\u00bb<\/div>\n<p style=\"text-align: center;\"><em>(Andrei Tarkovski, Esculpir en el temps)<\/em><\/p>\n<\/div><\/div><\/div><div class=\"fusion-layout-column fusion_builder_column fusion-builder-column-1 fusion_builder_column_1_1 1_1 fusion-flex-column\" style=\"--awb-bg-size:cover;--awb-width-large:100%;--awb-margin-top-large:0px;--awb-spacing-right-large:1.92%;--awb-margin-bottom-large:20px;--awb-spacing-left-large:1.92%;--awb-width-medium:100%;--awb-order-medium:0;--awb-spacing-right-medium:1.92%;--awb-spacing-left-medium:1.92%;--awb-width-small:100%;--awb-order-small:0;--awb-spacing-right-small:1.92%;--awb-spacing-left-small:1.92%;\"><div class=\"fusion-column-wrapper fusion-column-has-shadow fusion-flex-justify-content-flex-start fusion-content-layout-column\"><div class=\"fusion-text fusion-text-2\"><p><iframe data-skip-lazy=\"\" src=\"https:\/\/choreoscope.ipzmarketing.com\/f\/SgWD1AActn4\" frameborder=\"0\" scrolling=\"no\" width=\"100%\" class=\"ipz-iframe\"><\/iframe><br \/>\n<script data-cfasync=\"false\" type=\"text\/javascript\" src=\"https:\/\/assets.ipzmarketing.com\/assets\/signup_form\/iframe_v1.js\"><\/script><\/p>\n<\/div><\/div><\/div><\/div><\/div>\n","protected":false},"excerpt":{"rendered":"","protected":false},"author":1,"featured_media":0,"parent":0,"menu_order":0,"comment_status":"closed","ping_status":"closed","template":"","meta":{"_acf_changed":false,"footnotes":""},"class_list":["post-2070","page","type-page","status-publish","hentry"],"acf":[],"yoast_head":"<!-- This site is optimized with the Yoast SEO plugin v24.6 - https:\/\/yoast.com\/wordpress\/plugins\/seo\/ -->\n<title>Newsletter - Choreoscope<\/title>\n<meta name=\"robots\" content=\"index, follow, max-snippet:-1, max-image-preview:large, max-video-preview:-1\" \/>\n<link rel=\"canonical\" href=\"https:\/\/www.choreoscope.com\/ca\/newsletter\/\" \/>\n<meta property=\"og:locale\" content=\"ca_ES\" \/>\n<meta property=\"og:type\" content=\"article\" \/>\n<meta property=\"og:title\" content=\"Newsletter - Choreoscope\" \/>\n<meta property=\"og:url\" content=\"https:\/\/www.choreoscope.com\/ca\/newsletter\/\" \/>\n<meta property=\"og:site_name\" content=\"Choreoscope\" \/>\n<meta property=\"article:modified_time\" content=\"2025-04-23T10:18:27+00:00\" \/>\n<meta name=\"twitter:card\" content=\"summary_large_image\" \/>\n<meta name=\"twitter:label1\" content=\"Temps estimat de lectura\" \/>\n\t<meta name=\"twitter:data1\" content=\"1 minut\" \/>\n<script type=\"application\/ld+json\" class=\"yoast-schema-graph\">{\"@context\":\"https:\/\/schema.org\",\"@graph\":[{\"@type\":\"WebPage\",\"@id\":\"https:\/\/www.choreoscope.com\/ca\/newsletter\/\",\"url\":\"https:\/\/www.choreoscope.com\/ca\/newsletter\/\",\"name\":\"Newsletter - Choreoscope\",\"isPartOf\":{\"@id\":\"https:\/\/www.choreoscope.com\/#website\"},\"datePublished\":\"2024-03-01T09:49:07+00:00\",\"dateModified\":\"2025-04-23T10:18:27+00:00\",\"breadcrumb\":{\"@id\":\"https:\/\/www.choreoscope.com\/ca\/newsletter\/#breadcrumb\"},\"inLanguage\":\"ca\",\"potentialAction\":[{\"@type\":\"ReadAction\",\"target\":[\"https:\/\/www.choreoscope.com\/ca\/newsletter\/\"]}]},{\"@type\":\"BreadcrumbList\",\"@id\":\"https:\/\/www.choreoscope.com\/ca\/newsletter\/#breadcrumb\",\"itemListElement\":[{\"@type\":\"ListItem\",\"position\":1,\"name\":\"Portada\",\"item\":\"https:\/\/www.choreoscope.com\/ca\/\"},{\"@type\":\"ListItem\",\"position\":2,\"name\":\"Newsletter\"}]},{\"@type\":\"WebSite\",\"@id\":\"https:\/\/www.choreoscope.com\/#website\",\"url\":\"https:\/\/www.choreoscope.com\/\",\"name\":\"Choreoscope\",\"description\":\"Barcelona Dance Film Festival\",\"potentialAction\":[{\"@type\":\"SearchAction\",\"target\":{\"@type\":\"EntryPoint\",\"urlTemplate\":\"https:\/\/www.choreoscope.com\/?s={search_term_string}\"},\"query-input\":{\"@type\":\"PropertyValueSpecification\",\"valueRequired\":true,\"valueName\":\"search_term_string\"}}],\"inLanguage\":\"ca\"}]}<\/script>\n<!-- \/ Yoast SEO plugin. -->","yoast_head_json":{"title":"Newsletter - Choreoscope","robots":{"index":"index","follow":"follow","max-snippet":"max-snippet:-1","max-image-preview":"max-image-preview:large","max-video-preview":"max-video-preview:-1"},"canonical":"https:\/\/www.choreoscope.com\/ca\/newsletter\/","og_locale":"ca_ES","og_type":"article","og_title":"Newsletter - Choreoscope","og_url":"https:\/\/www.choreoscope.com\/ca\/newsletter\/","og_site_name":"Choreoscope","article_modified_time":"2025-04-23T10:18:27+00:00","twitter_card":"summary_large_image","twitter_misc":{"Temps estimat de lectura":"1 minut"},"schema":{"@context":"https:\/\/schema.org","@graph":[{"@type":"WebPage","@id":"https:\/\/www.choreoscope.com\/ca\/newsletter\/","url":"https:\/\/www.choreoscope.com\/ca\/newsletter\/","name":"Newsletter - Choreoscope","isPartOf":{"@id":"https:\/\/www.choreoscope.com\/#website"},"datePublished":"2024-03-01T09:49:07+00:00","dateModified":"2025-04-23T10:18:27+00:00","breadcrumb":{"@id":"https:\/\/www.choreoscope.com\/ca\/newsletter\/#breadcrumb"},"inLanguage":"ca","potentialAction":[{"@type":"ReadAction","target":["https:\/\/www.choreoscope.com\/ca\/newsletter\/"]}]},{"@type":"BreadcrumbList","@id":"https:\/\/www.choreoscope.com\/ca\/newsletter\/#breadcrumb","itemListElement":[{"@type":"ListItem","position":1,"name":"Portada","item":"https:\/\/www.choreoscope.com\/ca\/"},{"@type":"ListItem","position":2,"name":"Newsletter"}]},{"@type":"WebSite","@id":"https:\/\/www.choreoscope.com\/#website","url":"https:\/\/www.choreoscope.com\/","name":"Choreoscope","description":"Barcelona Dance Film Festival","potentialAction":[{"@type":"SearchAction","target":{"@type":"EntryPoint","urlTemplate":"https:\/\/www.choreoscope.com\/?s={search_term_string}"},"query-input":{"@type":"PropertyValueSpecification","valueRequired":true,"valueName":"search_term_string"}}],"inLanguage":"ca"}]}},"_links":{"self":[{"href":"https:\/\/www.choreoscope.com\/ca\/wp-json\/wp\/v2\/pages\/2070","targetHints":{"allow":["GET"]}}],"collection":[{"href":"https:\/\/www.choreoscope.com\/ca\/wp-json\/wp\/v2\/pages"}],"about":[{"href":"https:\/\/www.choreoscope.com\/ca\/wp-json\/wp\/v2\/types\/page"}],"author":[{"embeddable":true,"href":"https:\/\/www.choreoscope.com\/ca\/wp-json\/wp\/v2\/users\/1"}],"replies":[{"embeddable":true,"href":"https:\/\/www.choreoscope.com\/ca\/wp-json\/wp\/v2\/comments?post=2070"}],"version-history":[{"count":2,"href":"https:\/\/www.choreoscope.com\/ca\/wp-json\/wp\/v2\/pages\/2070\/revisions"}],"predecessor-version":[{"id":3768,"href":"https:\/\/www.choreoscope.com\/ca\/wp-json\/wp\/v2\/pages\/2070\/revisions\/3768"}],"wp:attachment":[{"href":"https:\/\/www.choreoscope.com\/ca\/wp-json\/wp\/v2\/media?parent=2070"}],"curies":[{"name":"wp","href":"https:\/\/api.w.org\/{rel}","templated":true}]}}