{"id":4692,"date":"2025-10-16T10:02:44","date_gmt":"2025-10-16T08:02:44","guid":{"rendered":"https:\/\/www.choreoscope.com\/under-my-skin\/"},"modified":"2025-10-31T09:36:49","modified_gmt":"2025-10-31T08:36:49","slug":"under-my-skin","status":"publish","type":"page","link":"https:\/\/www.choreoscope.com\/ca\/under-my-skin\/","title":{"rendered":"Under my skin"},"content":{"rendered":"<p><div class=\"fusion-fullwidth fullwidth-box fusion-builder-row-1 fusion-flex-container has-pattern-background has-mask-background nonhundred-percent-fullwidth non-hundred-percent-height-scrolling\" style=\"--awb-border-radius-top-left:0px;--awb-border-radius-top-right:0px;--awb-border-radius-bottom-right:0px;--awb-border-radius-bottom-left:0px;--awb-padding-top:0px;--awb-padding-bottom:0px;--awb-min-height:350px;--awb-background-color:#ec78ac;--awb-flex-wrap:wrap;\" ><div class=\"awb-background-pattern\" style=\"background-image:  url(data:image\/svg+xml;utf8,%3Csvg%20width%3D%2260%22%20height%3D%2260%22%20fill%3D%22none%22%20xmlns%3D%22http%3A%2F%2Fwww.w3.org%2F2000%2Fsvg%22%3E%3Cpath%20d%3D%22M26%201h-7a3%203%200%2000-3%203v7a3%203%200%20003%203h7a3%203%200%20003-3V4a3%203%200%2000-3-3zM56%201h-7a3%203%200%2000-3%203v7a3%203%200%20003%203h7a3%203%200%20003-3V4a3%203%200%2000-3-3zM11%2031H4a3%203%200%2000-3%203v7a3%203%200%20003%203h7a3%203%200%20003-3v-7a3%203%200%2000-3-3zM26%2031h-7a3%203%200%2000-3%203v7a3%203%200%20003%203h7a3%203%200%20003-3v-7a3%203%200%2000-3-3zM41%2031h-7a3%203%200%2000-3%203v7a3%203%200%20003%203h7a3%203%200%20003-3v-7a3%203%200%2000-3-3zM11%2016H4a3%203%200%2000-3%203v7a3%203%200%20003%203h7a3%203%200%20003-3v-7a3%203%200%2000-3-3zM41%2016h-7a3%203%200%2000-3%203v7a3%203%200%20003%203h7a3%203%200%20003-3v-7a3%203%200%2000-3-3zM56%2016h-7a3%203%200%2000-3%203v7a3%203%200%20003%203h7a3%203%200%20003-3v-7a3%203%200%2000-3-3zM26%2046h-7a3%203%200%2000-3%203v7a3%203%200%20003%203h7a3%203%200%20003-3v-7a3%203%200%2000-3-3zM56%2046h-7a3%203%200%2000-3%203v7a3%203%200%20003%203h7a3%203%200%20003-3v-7a3%203%200%2000-3-3z%22%20fill%3D%22rgba%280%2C0%2C0%2C0.3%29%22%2F%3E%3C%2Fsvg%3E);opacity: 0.12 ;background-size:450px;mix-blend-mode:normal;\"><\/div><div class=\"fusion-builder-row fusion-row fusion-flex-align-items-flex-start fusion-flex-align-content-center fusion-flex-content-wrap\" style=\"max-width:1352px;margin-left: calc(-4% \/ 2 );margin-right: calc(-4% \/ 2 );\"><div class=\"fusion-layout-column fusion_builder_column fusion-builder-column-0 fusion_builder_column_1_1 1_1 fusion-flex-column\" style=\"--awb-bg-size:cover;--awb-width-large:100%;--awb-margin-top-large:0px;--awb-spacing-right-large:1.92%;--awb-margin-bottom-large:20px;--awb-spacing-left-large:1.92%;--awb-width-medium:100%;--awb-order-medium:0;--awb-spacing-right-medium:1.92%;--awb-spacing-left-medium:1.92%;--awb-width-small:100%;--awb-order-small:0;--awb-spacing-right-small:1.92%;--awb-spacing-left-small:1.92%;\"><div class=\"fusion-column-wrapper fusion-column-has-shadow fusion-flex-justify-content-flex-start fusion-content-layout-column\"><div class=\"fusion-title title fusion-title-1 fusion-sep-none fusion-title-center fusion-title-text fusion-title-size-one\" style=\"--awb-text-color:var(--awb-color1);--awb-font-size:60px;\"><h1 class=\"fusion-title-heading title-heading-center fusion-responsive-typography-calculated\" style=\"margin:0;text-transform:uppercase;font-size:1em;--fontSize:60;line-height:1.16;\">Under my skin<\/h1><\/div><div class=\"fusion-title title fusion-title-2 fusion-sep-none fusion-title-center fusion-title-text fusion-title-size-two\" style=\"--awb-text-color:var(--awb-color1);\"><h2 class=\"fusion-title-heading title-heading-center fusion-responsive-typography-calculated\" style=\"margin:0;text-transform:none;--fontSize:35;line-height:1.2;\">27 nov &#8211; 21 h &#8211; Cinemes Girona<\/h2><\/div><div style=\"text-align:center;\"><a class=\"fusion-button button-flat button-large button-custom fusion-button-default button-1 fusion-button-default-span fusion-button-default-type\" style=\"--button_accent_color:#ffffff;--button_accent_hover_color:#ffffff;--button_border_hover_color:#ffffff;--button-border-radius-top-left:0px;--button-border-radius-top-right:0px;--button-border-radius-bottom-right:0px;--button-border-radius-bottom-left:0px;--button_gradient_top_color:var(--awb-color8);--button_gradient_bottom_color:var(--awb-color8);--button_gradient_top_color_hover:var(--awb-custom15);--button_gradient_bottom_color_hover:var(--awb-custom15);\" target=\"_self\" href=\"https:\/\/www.cinemesgirona.cat\/cartelera\/choreoscope\"><span class=\"fusion-button-text awb-button__text awb-button__text--default\">ENTRADES<\/span><\/a><\/div><\/div><\/div><\/div><\/div><div class=\"fusion-fullwidth fullwidth-box fusion-builder-row-2 fusion-flex-container has-pattern-background has-mask-background nonhundred-percent-fullwidth non-hundred-percent-height-scrolling\" style=\"--awb-border-radius-top-left:0px;--awb-border-radius-top-right:0px;--awb-border-radius-bottom-right:0px;--awb-border-radius-bottom-left:0px;--awb-padding-top:60px;--awb-flex-wrap:wrap;\" ><div class=\"fusion-builder-row fusion-row fusion-flex-align-items-flex-start fusion-flex-justify-content-center fusion-flex-content-wrap\" style=\"max-width:1352px;margin-left: calc(-4% \/ 2 );margin-right: calc(-4% \/ 2 );\"><div class=\"fusion-layout-column fusion_builder_column fusion-builder-column-1 fusion_builder_column_5_6 5_6 fusion-flex-column\" style=\"--awb-bg-size:cover;--awb-width-large:83.333333333333%;--awb-margin-top-large:0px;--awb-spacing-right-large:2.304%;--awb-margin-bottom-large:40px;--awb-spacing-left-large:2.304%;--awb-width-medium:83.333333333333%;--awb-order-medium:0;--awb-spacing-right-medium:2.304%;--awb-spacing-left-medium:2.304%;--awb-width-small:100%;--awb-order-small:0;--awb-spacing-right-small:1.92%;--awb-spacing-left-small:1.92%;\" data-scroll-devices=\"small-visibility,medium-visibility,large-visibility\"><div class=\"fusion-column-wrapper fusion-column-has-shadow fusion-flex-justify-content-flex-start fusion-content-layout-column\"><div class=\"fusion-title title fusion-title-3 fusion-sep-none fusion-title-center fusion-title-text fusion-title-size-three\" style=\"--awb-text-color:var(--awb-custom15);--awb-font-size:23px;\"><h3 class=\"fusion-title-heading title-heading-center fusion-responsive-typography-calculated\" style=\"margin:0;font-size:1em;--fontSize:23;line-height:1.2;\"><h3 style=\"text-align: center;\"><span data-sheets-root=\"1\">Amb la participaci\u00f3 del director, Pascal Tessaud i el protagonista Wilfried &#8220;Wolf&#8221; Bl\u00e9<\/span><\/h3><\/h3><\/div><div class=\"fusion-video fusion-selfhosted-video\" style=\"max-width:100%;\"><div class=\"video-wrapper\"><video playsinline=\"true\" width=\"100%\" style=\"object-fit: cover;\" autoplay=\"true\" muted=\"true\" loop=\"true\" preload=\"auto\" controls=\"1\"><source src=\"https:\/\/www.choreoscope.com\/wp-content\/uploads\/2025\/10\/dans-la-peau-trailer1.mp4\" type=\"video\/mp4\">Sorry, your browser doesn&#039;t support embedded videos.<\/video><\/div><\/div><\/div><\/div><div class=\"fusion-layout-column fusion_builder_column fusion-builder-column-2 fusion_builder_column_5_6 5_6 fusion-flex-column\" style=\"--awb-bg-size:cover;--awb-width-large:83.333333333333%;--awb-margin-top-large:0px;--awb-spacing-right-large:2.304%;--awb-margin-bottom-large:50px;--awb-spacing-left-large:2.304%;--awb-width-medium:83.333333333333%;--awb-order-medium:0;--awb-spacing-right-medium:2.304%;--awb-spacing-left-medium:2.304%;--awb-width-small:100%;--awb-order-small:0;--awb-spacing-right-small:1.92%;--awb-spacing-left-small:1.92%;\" data-scroll-devices=\"small-visibility,medium-visibility,large-visibility\"><div class=\"fusion-column-wrapper fusion-column-has-shadow fusion-flex-justify-content-flex-start fusion-content-layout-column\"><div class=\"awb-gallery-wrapper awb-gallery-wrapper-1 button-span-no\" style=\"--more-btn-alignment:center;\"><div style=\"margin:-5px;--awb-bordersize:0px;\" class=\"fusion-gallery fusion-gallery-container fusion-grid-4 fusion-columns-total-4 fusion-gallery-layout-grid fusion-gallery-1\"><div style=\"padding:5px;\" class=\"fusion-grid-column fusion-gallery-column fusion-gallery-column-4 hover-type-zoomin\"><div class=\"fusion-gallery-image\"><a href=\"https:\/\/www.choreoscope.com\/wp-content\/uploads\/2025\/10\/dans-la-peau1.png\" rel=\"noreferrer\" data-rel=\"iLightbox[gallery_image_1]\" class=\"fusion-lightbox\" target=\"_self\"><img decoding=\"async\" src=\"https:\/\/www.choreoscope.com\/wp-content\/uploads\/2025\/10\/dans-la-peau1-320x202.png\" width=\"320\" height=\"202\" alt=\"\" title=\"dans la peau1\" aria-label=\"dans la peau1\" class=\"img-responsive wp-image-4162 fusion-gallery-image-size-fixed\" srcset=\"https:\/\/www.choreoscope.com\/wp-content\/uploads\/2025\/10\/dans-la-peau1-200x125.png 200w, https:\/\/www.choreoscope.com\/wp-content\/uploads\/2025\/10\/dans-la-peau1-300x188.png 300w, https:\/\/www.choreoscope.com\/wp-content\/uploads\/2025\/10\/dans-la-peau1-320x202.png 320w, https:\/\/www.choreoscope.com\/wp-content\/uploads\/2025\/10\/dans-la-peau1-700x441.png 700w\" sizes=\"(max-width: 320px) 100vw, 320px\" \/><\/a><\/div><\/div><div style=\"padding:5px;\" class=\"fusion-grid-column fusion-gallery-column fusion-gallery-column-4 hover-type-zoomin\"><div class=\"fusion-gallery-image\"><a href=\"https:\/\/www.choreoscope.com\/wp-content\/uploads\/2025\/10\/dans-la-peau2.png\" rel=\"noreferrer\" data-rel=\"iLightbox[gallery_image_1]\" class=\"fusion-lightbox\" target=\"_self\"><img decoding=\"async\" src=\"https:\/\/www.choreoscope.com\/wp-content\/uploads\/2025\/10\/dans-la-peau2-320x202.png\" width=\"320\" height=\"202\" alt=\"\" title=\"dans la peau2\" aria-label=\"dans la peau2\" class=\"img-responsive wp-image-4165 fusion-gallery-image-size-fixed\" srcset=\"https:\/\/www.choreoscope.com\/wp-content\/uploads\/2025\/10\/dans-la-peau2-200x125.png 200w, https:\/\/www.choreoscope.com\/wp-content\/uploads\/2025\/10\/dans-la-peau2-300x188.png 300w, https:\/\/www.choreoscope.com\/wp-content\/uploads\/2025\/10\/dans-la-peau2-320x202.png 320w, https:\/\/www.choreoscope.com\/wp-content\/uploads\/2025\/10\/dans-la-peau2-700x441.png 700w\" sizes=\"(max-width: 320px) 100vw, 320px\" \/><\/a><\/div><\/div><div style=\"padding:5px;\" class=\"fusion-grid-column fusion-gallery-column fusion-gallery-column-4 hover-type-zoomin\"><div class=\"fusion-gallery-image\"><a href=\"https:\/\/www.choreoscope.com\/wp-content\/uploads\/2025\/10\/dans-la-peau3.png\" rel=\"noreferrer\" data-rel=\"iLightbox[gallery_image_1]\" class=\"fusion-lightbox\" target=\"_self\"><img decoding=\"async\" src=\"https:\/\/www.choreoscope.com\/wp-content\/uploads\/2025\/10\/dans-la-peau3-320x202.png\" width=\"320\" height=\"202\" alt=\"\" title=\"dans la peau3\" aria-label=\"dans la peau3\" class=\"img-responsive wp-image-4168 fusion-gallery-image-size-fixed\" srcset=\"https:\/\/www.choreoscope.com\/wp-content\/uploads\/2025\/10\/dans-la-peau3-200x125.png 200w, https:\/\/www.choreoscope.com\/wp-content\/uploads\/2025\/10\/dans-la-peau3-300x188.png 300w, https:\/\/www.choreoscope.com\/wp-content\/uploads\/2025\/10\/dans-la-peau3-320x202.png 320w, https:\/\/www.choreoscope.com\/wp-content\/uploads\/2025\/10\/dans-la-peau3-700x441.png 700w\" sizes=\"(max-width: 320px) 100vw, 320px\" \/><\/a><\/div><\/div><div style=\"padding:5px;\" class=\"fusion-grid-column fusion-gallery-column fusion-gallery-column-4 hover-type-zoomin\"><div class=\"fusion-gallery-image\"><a href=\"https:\/\/www.choreoscope.com\/wp-content\/uploads\/2025\/10\/dans-la-peau4.jpg\" rel=\"noreferrer\" data-rel=\"iLightbox[gallery_image_1]\" class=\"fusion-lightbox\" target=\"_self\"><img decoding=\"async\" src=\"https:\/\/www.choreoscope.com\/wp-content\/uploads\/2025\/10\/dans-la-peau4-320x202.jpg\" width=\"320\" height=\"202\" alt=\"\" title=\"dans la peau4\" aria-label=\"dans la peau4\" class=\"img-responsive wp-image-4171 fusion-gallery-image-size-fixed\"  \/><\/a><\/div><\/div><div class=\"clearfix\"><\/div><\/div><\/div><\/div><\/div><div class=\"fusion-layout-column fusion_builder_column fusion-builder-column-3 fusion_builder_column_1_3 1_3 fusion-flex-column\" style=\"--awb-bg-size:cover;--awb-width-large:33.333333333333%;--awb-margin-top-large:0px;--awb-spacing-right-large:5.76%;--awb-margin-bottom-large:20px;--awb-spacing-left-large:5.76%;--awb-width-medium:33.333333333333%;--awb-order-medium:0;--awb-spacing-right-medium:5.76%;--awb-spacing-left-medium:5.76%;--awb-width-small:100%;--awb-order-small:0;--awb-spacing-right-small:1.92%;--awb-spacing-left-small:1.92%;\"><div class=\"fusion-column-wrapper fusion-column-has-shadow fusion-flex-justify-content-flex-start fusion-content-layout-column\"><div class=\"fusion-image-element \" style=\"text-align:center;--awb-caption-title-font-family:var(--h2_typography-font-family);--awb-caption-title-font-weight:var(--h2_typography-font-weight);--awb-caption-title-font-style:var(--h2_typography-font-style);--awb-caption-title-size:var(--h2_typography-font-size);--awb-caption-title-transform:var(--h2_typography-text-transform);--awb-caption-title-line-height:var(--h2_typography-line-height);--awb-caption-title-letter-spacing:var(--h2_typography-letter-spacing);\"><span class=\" fusion-imageframe imageframe-none imageframe-1 hover-type-none\"><img decoding=\"async\" width=\"666\" height=\"1000\" title=\"2 jueves2 dans-la-peau\" src=\"https:\/\/www.choreoscope.com\/wp-content\/uploads\/2025\/10\/2-jueves2-dans-la-peau.jpg\" alt class=\"img-responsive wp-image-4174\" srcset=\"https:\/\/www.choreoscope.com\/wp-content\/uploads\/2025\/10\/2-jueves2-dans-la-peau-200x300.jpg 200w, https:\/\/www.choreoscope.com\/wp-content\/uploads\/2025\/10\/2-jueves2-dans-la-peau-400x601.jpg 400w, https:\/\/www.choreoscope.com\/wp-content\/uploads\/2025\/10\/2-jueves2-dans-la-peau-600x901.jpg 600w, https:\/\/www.choreoscope.com\/wp-content\/uploads\/2025\/10\/2-jueves2-dans-la-peau.jpg 666w\" sizes=\"(max-width: 640px) 100vw, 400px\" \/><\/span><\/div><\/div><\/div><div class=\"fusion-layout-column fusion_builder_column fusion-builder-column-4 fusion_builder_column_2_5 2_5 fusion-flex-column fusion-flex-align-self-center\" style=\"--awb-bg-size:cover;--awb-width-large:40%;--awb-margin-top-large:0px;--awb-spacing-right-large:4.8%;--awb-margin-bottom-large:20px;--awb-spacing-left-large:4.8%;--awb-width-medium:40%;--awb-order-medium:0;--awb-spacing-right-medium:4.8%;--awb-spacing-left-medium:4.8%;--awb-width-small:100%;--awb-order-small:0;--awb-spacing-right-small:1.92%;--awb-spacing-left-small:1.92%;\" data-scroll-devices=\"small-visibility,medium-visibility,large-visibility\"><div class=\"fusion-column-wrapper fusion-column-has-shadow fusion-flex-justify-content-flex-start fusion-content-layout-column\"><div class=\"fusion-title title fusion-title-4 fusion-sep-none fusion-title-text fusion-title-size-two\"><h2 class=\"fusion-title-heading title-heading-left fusion-responsive-typography-calculated\" style=\"margin:0;--fontSize:35;line-height:1.2;\">Under My Skin<\/h2><\/div><div class=\"fusion-text fusion-text-1\"><p><span style=\"color: #000000;\"><strong>Durada: <\/strong><\/span>1:43:03<\/p>\n<p><strong><span style=\"color: #000000;\">Director:<\/span><\/strong> Pascal Tessaud<\/p>\n<p><span style=\"color: #000000;\"><strong>Coreografia:<\/strong><\/span> Wilfried &#8220;Wolf&#8221; Bl\u00e9<\/p>\n<p><span style=\"color: #000000;\"><strong>Pa\u00eds, Any:<\/strong><\/span> Fran\u00e7a, 2024<\/p>\n<p><span style=\"color: #000000;\"><strong>Sinopsi<\/strong><\/span><br \/>\nDe nou al seu barri al nord de Marsella (sud de Fran\u00e7a), en Kaleem accepta una feina en la construcci\u00f3. Tamb\u00e9 hi retroba el seu millor amic, en Rachad, que vol contractar-lo com a gerent del seu nou complex esportiu. Mentre s&#8217;entrena en krump amb obsessi\u00f3, coneix la Marie, una misteriosa arquitecta grega.<\/p>\n<\/div><\/div><\/div><\/div><\/div><\/p>\n","protected":false},"excerpt":{"rendered":"","protected":false},"author":1,"featured_media":0,"parent":0,"menu_order":0,"comment_status":"closed","ping_status":"closed","template":"100-width.php","meta":{"_acf_changed":false,"footnotes":""},"class_list":["post-4692","page","type-page","status-publish","hentry"],"acf":[],"yoast_head":"<!-- This site is optimized with the Yoast SEO plugin v24.6 - https:\/\/yoast.com\/wordpress\/plugins\/seo\/ -->\n<title>Under my skin - Choreoscope<\/title>\n<meta name=\"robots\" content=\"index, follow, max-snippet:-1, max-image-preview:large, max-video-preview:-1\" \/>\n<link rel=\"canonical\" href=\"https:\/\/www.choreoscope.com\/ca\/under-my-skin\/\" \/>\n<meta property=\"og:locale\" content=\"ca_ES\" \/>\n<meta property=\"og:type\" content=\"article\" \/>\n<meta property=\"og:title\" content=\"Under my skin - Choreoscope\" \/>\n<meta property=\"og:url\" content=\"https:\/\/www.choreoscope.com\/ca\/under-my-skin\/\" \/>\n<meta property=\"og:site_name\" content=\"Choreoscope\" \/>\n<meta property=\"article:modified_time\" content=\"2025-10-31T08:36:49+00:00\" \/>\n<meta name=\"twitter:card\" content=\"summary_large_image\" \/>\n<meta name=\"twitter:label1\" content=\"Temps estimat de lectura\" \/>\n\t<meta name=\"twitter:data1\" content=\"2 minuts\" \/>\n<script type=\"application\/ld+json\" class=\"yoast-schema-graph\">{\"@context\":\"https:\/\/schema.org\",\"@graph\":[{\"@type\":\"WebPage\",\"@id\":\"https:\/\/www.choreoscope.com\/ca\/under-my-skin\/\",\"url\":\"https:\/\/www.choreoscope.com\/ca\/under-my-skin\/\",\"name\":\"Under my skin - Choreoscope\",\"isPartOf\":{\"@id\":\"https:\/\/www.choreoscope.com\/#website\"},\"datePublished\":\"2025-10-16T08:02:44+00:00\",\"dateModified\":\"2025-10-31T08:36:49+00:00\",\"breadcrumb\":{\"@id\":\"https:\/\/www.choreoscope.com\/ca\/under-my-skin\/#breadcrumb\"},\"inLanguage\":\"ca\",\"potentialAction\":[{\"@type\":\"ReadAction\",\"target\":[\"https:\/\/www.choreoscope.com\/ca\/under-my-skin\/\"]}]},{\"@type\":\"BreadcrumbList\",\"@id\":\"https:\/\/www.choreoscope.com\/ca\/under-my-skin\/#breadcrumb\",\"itemListElement\":[{\"@type\":\"ListItem\",\"position\":1,\"name\":\"Portada\",\"item\":\"https:\/\/www.choreoscope.com\/ca\/\"},{\"@type\":\"ListItem\",\"position\":2,\"name\":\"Under my skin\"}]},{\"@type\":\"WebSite\",\"@id\":\"https:\/\/www.choreoscope.com\/#website\",\"url\":\"https:\/\/www.choreoscope.com\/\",\"name\":\"Choreoscope\",\"description\":\"Barcelona Dance Film Festival\",\"potentialAction\":[{\"@type\":\"SearchAction\",\"target\":{\"@type\":\"EntryPoint\",\"urlTemplate\":\"https:\/\/www.choreoscope.com\/?s={search_term_string}\"},\"query-input\":{\"@type\":\"PropertyValueSpecification\",\"valueRequired\":true,\"valueName\":\"search_term_string\"}}],\"inLanguage\":\"ca\"}]}<\/script>\n<!-- \/ Yoast SEO plugin. -->","yoast_head_json":{"title":"Under my skin - Choreoscope","robots":{"index":"index","follow":"follow","max-snippet":"max-snippet:-1","max-image-preview":"max-image-preview:large","max-video-preview":"max-video-preview:-1"},"canonical":"https:\/\/www.choreoscope.com\/ca\/under-my-skin\/","og_locale":"ca_ES","og_type":"article","og_title":"Under my skin - Choreoscope","og_url":"https:\/\/www.choreoscope.com\/ca\/under-my-skin\/","og_site_name":"Choreoscope","article_modified_time":"2025-10-31T08:36:49+00:00","twitter_card":"summary_large_image","twitter_misc":{"Temps estimat de lectura":"2 minuts"},"schema":{"@context":"https:\/\/schema.org","@graph":[{"@type":"WebPage","@id":"https:\/\/www.choreoscope.com\/ca\/under-my-skin\/","url":"https:\/\/www.choreoscope.com\/ca\/under-my-skin\/","name":"Under my skin - Choreoscope","isPartOf":{"@id":"https:\/\/www.choreoscope.com\/#website"},"datePublished":"2025-10-16T08:02:44+00:00","dateModified":"2025-10-31T08:36:49+00:00","breadcrumb":{"@id":"https:\/\/www.choreoscope.com\/ca\/under-my-skin\/#breadcrumb"},"inLanguage":"ca","potentialAction":[{"@type":"ReadAction","target":["https:\/\/www.choreoscope.com\/ca\/under-my-skin\/"]}]},{"@type":"BreadcrumbList","@id":"https:\/\/www.choreoscope.com\/ca\/under-my-skin\/#breadcrumb","itemListElement":[{"@type":"ListItem","position":1,"name":"Portada","item":"https:\/\/www.choreoscope.com\/ca\/"},{"@type":"ListItem","position":2,"name":"Under my skin"}]},{"@type":"WebSite","@id":"https:\/\/www.choreoscope.com\/#website","url":"https:\/\/www.choreoscope.com\/","name":"Choreoscope","description":"Barcelona Dance Film Festival","potentialAction":[{"@type":"SearchAction","target":{"@type":"EntryPoint","urlTemplate":"https:\/\/www.choreoscope.com\/?s={search_term_string}"},"query-input":{"@type":"PropertyValueSpecification","valueRequired":true,"valueName":"search_term_string"}}],"inLanguage":"ca"}]}},"_links":{"self":[{"href":"https:\/\/www.choreoscope.com\/ca\/wp-json\/wp\/v2\/pages\/4692","targetHints":{"allow":["GET"]}}],"collection":[{"href":"https:\/\/www.choreoscope.com\/ca\/wp-json\/wp\/v2\/pages"}],"about":[{"href":"https:\/\/www.choreoscope.com\/ca\/wp-json\/wp\/v2\/types\/page"}],"author":[{"embeddable":true,"href":"https:\/\/www.choreoscope.com\/ca\/wp-json\/wp\/v2\/users\/1"}],"replies":[{"embeddable":true,"href":"https:\/\/www.choreoscope.com\/ca\/wp-json\/wp\/v2\/comments?post=4692"}],"version-history":[{"count":5,"href":"https:\/\/www.choreoscope.com\/ca\/wp-json\/wp\/v2\/pages\/4692\/revisions"}],"predecessor-version":[{"id":4969,"href":"https:\/\/www.choreoscope.com\/ca\/wp-json\/wp\/v2\/pages\/4692\/revisions\/4969"}],"wp:attachment":[{"href":"https:\/\/www.choreoscope.com\/ca\/wp-json\/wp\/v2\/media?parent=4692"}],"curies":[{"name":"wp","href":"https:\/\/api.w.org\/{rel}","templated":true}]}}