{"id":4736,"date":"2025-10-14T09:10:35","date_gmt":"2025-10-14T07:10:35","guid":{"rendered":"https:\/\/www.choreoscope.com\/the-sea-be-like-water\/"},"modified":"2025-10-31T10:37:52","modified_gmt":"2025-10-31T09:37:52","slug":"the-sea-be-like-water","status":"publish","type":"page","link":"https:\/\/www.choreoscope.com\/ca\/the-sea-be-like-water\/","title":{"rendered":"The Sea + Be like water"},"content":{"rendered":"<p><div class=\"fusion-fullwidth fullwidth-box fusion-builder-row-1 fusion-flex-container has-pattern-background has-mask-background nonhundred-percent-fullwidth non-hundred-percent-height-scrolling\" style=\"--awb-border-radius-top-left:0px;--awb-border-radius-top-right:0px;--awb-border-radius-bottom-right:0px;--awb-border-radius-bottom-left:0px;--awb-padding-top:0px;--awb-padding-bottom:0px;--awb-min-height:350px;--awb-background-color:#ec78ac;--awb-flex-wrap:wrap;\" ><div class=\"awb-background-pattern\" style=\"background-image:  url(data:image\/svg+xml;utf8,%3Csvg%20width%3D%2260%22%20height%3D%2260%22%20fill%3D%22none%22%20xmlns%3D%22http%3A%2F%2Fwww.w3.org%2F2000%2Fsvg%22%3E%3Cpath%20d%3D%22M26%201h-7a3%203%200%2000-3%203v7a3%203%200%20003%203h7a3%203%200%20003-3V4a3%203%200%2000-3-3zM56%201h-7a3%203%200%2000-3%203v7a3%203%200%20003%203h7a3%203%200%20003-3V4a3%203%200%2000-3-3zM11%2031H4a3%203%200%2000-3%203v7a3%203%200%20003%203h7a3%203%200%20003-3v-7a3%203%200%2000-3-3zM26%2031h-7a3%203%200%2000-3%203v7a3%203%200%20003%203h7a3%203%200%20003-3v-7a3%203%200%2000-3-3zM41%2031h-7a3%203%200%2000-3%203v7a3%203%200%20003%203h7a3%203%200%20003-3v-7a3%203%200%2000-3-3zM11%2016H4a3%203%200%2000-3%203v7a3%203%200%20003%203h7a3%203%200%20003-3v-7a3%203%200%2000-3-3zM41%2016h-7a3%203%200%2000-3%203v7a3%203%200%20003%203h7a3%203%200%20003-3v-7a3%203%200%2000-3-3zM56%2016h-7a3%203%200%2000-3%203v7a3%203%200%20003%203h7a3%203%200%20003-3v-7a3%203%200%2000-3-3zM26%2046h-7a3%203%200%2000-3%203v7a3%203%200%20003%203h7a3%203%200%20003-3v-7a3%203%200%2000-3-3zM56%2046h-7a3%203%200%2000-3%203v7a3%203%200%20003%203h7a3%203%200%20003-3v-7a3%203%200%2000-3-3z%22%20fill%3D%22rgba%280%2C0%2C0%2C0.3%29%22%2F%3E%3C%2Fsvg%3E);opacity: 0.12 ;background-size:450px;mix-blend-mode:normal;\"><\/div><div class=\"fusion-builder-row fusion-row fusion-flex-align-items-flex-start fusion-flex-align-content-center fusion-flex-content-wrap\" style=\"max-width:1352px;margin-left: calc(-4% \/ 2 );margin-right: calc(-4% \/ 2 );\"><div class=\"fusion-layout-column fusion_builder_column fusion-builder-column-0 fusion_builder_column_1_1 1_1 fusion-flex-column\" style=\"--awb-bg-size:cover;--awb-width-large:100%;--awb-margin-top-large:0px;--awb-spacing-right-large:1.92%;--awb-margin-bottom-large:20px;--awb-spacing-left-large:1.92%;--awb-width-medium:100%;--awb-order-medium:0;--awb-spacing-right-medium:1.92%;--awb-spacing-left-medium:1.92%;--awb-width-small:100%;--awb-order-small:0;--awb-spacing-right-small:1.92%;--awb-spacing-left-small:1.92%;\"><div class=\"fusion-column-wrapper fusion-column-has-shadow fusion-flex-justify-content-flex-start fusion-content-layout-column\"><div class=\"fusion-title title fusion-title-1 fusion-sep-none fusion-title-center fusion-title-text fusion-title-size-one\" style=\"--awb-text-color:var(--awb-color1);--awb-font-size:60px;\"><h1 class=\"fusion-title-heading title-heading-center fusion-responsive-typography-calculated\" style=\"margin:0;text-transform:uppercase;font-size:1em;--fontSize:60;line-height:1.16;\">The Sea + Be like water<\/h1><\/div><div class=\"fusion-title title fusion-title-2 fusion-sep-none fusion-title-center fusion-title-text fusion-title-size-two\" style=\"--awb-text-color:var(--awb-custom15);\"><h2 class=\"fusion-title-heading title-heading-center fusion-responsive-typography-calculated\" style=\"margin:0;--fontSize:35;line-height:1.2;\">28 nov &#8211; 12 h &#8211; Institut del Teatre<\/h2><\/div><div class=\"fusion-title title fusion-title-3 fusion-sep-none fusion-title-center fusion-title-text fusion-title-size-three\" style=\"--awb-text-color:var(--awb-custom15);\"><h3 class=\"fusion-title-heading title-heading-center fusion-responsive-typography-calculated\" style=\"margin:0;--fontSize:18;--minFontSize:18;line-height:1.2;\">Entrada gratu\u00efta<\/h3><\/div><\/div><\/div><\/div><\/div><div class=\"fusion-fullwidth fullwidth-box fusion-builder-row-2 fusion-flex-container has-pattern-background has-mask-background nonhundred-percent-fullwidth non-hundred-percent-height-scrolling\" style=\"--awb-border-radius-top-left:0px;--awb-border-radius-top-right:0px;--awb-border-radius-bottom-right:0px;--awb-border-radius-bottom-left:0px;--awb-padding-top:60px;--awb-flex-wrap:wrap;\" ><div class=\"fusion-builder-row fusion-row fusion-flex-align-items-flex-start fusion-flex-justify-content-center fusion-flex-content-wrap\" style=\"max-width:1352px;margin-left: calc(-4% \/ 2 );margin-right: calc(-4% \/ 2 );\"><div class=\"fusion-layout-column fusion_builder_column fusion-builder-column-1 fusion_builder_column_1_4 1_4 fusion-flex-column\" style=\"--awb-bg-size:cover;--awb-width-large:25%;--awb-margin-top-large:0px;--awb-spacing-right-large:7.68%;--awb-margin-bottom-large:20px;--awb-spacing-left-large:7.68%;--awb-width-medium:25%;--awb-order-medium:0;--awb-spacing-right-medium:7.68%;--awb-spacing-left-medium:7.68%;--awb-width-small:100%;--awb-order-small:0;--awb-spacing-right-small:1.92%;--awb-spacing-left-small:1.92%;\"><div class=\"fusion-column-wrapper fusion-column-has-shadow fusion-flex-justify-content-flex-start fusion-content-layout-column\"><div class=\"fusion-image-element \" style=\"text-align:center;--awb-caption-title-font-family:var(--h2_typography-font-family);--awb-caption-title-font-weight:var(--h2_typography-font-weight);--awb-caption-title-font-style:var(--h2_typography-font-style);--awb-caption-title-size:var(--h2_typography-font-size);--awb-caption-title-transform:var(--h2_typography-text-transform);--awb-caption-title-line-height:var(--h2_typography-line-height);--awb-caption-title-letter-spacing:var(--h2_typography-letter-spacing);\"><span class=\" fusion-imageframe imageframe-none imageframe-1 hover-type-none\"><img decoding=\"async\" width=\"666\" height=\"1000\" title=\"3 viernes2 the-sea\" src=\"https:\/\/www.choreoscope.com\/wp-content\/uploads\/2025\/10\/3-viernes2-the-sea.jpg\" alt class=\"img-responsive wp-image-4400\" srcset=\"https:\/\/www.choreoscope.com\/wp-content\/uploads\/2025\/10\/3-viernes2-the-sea-200x300.jpg 200w, https:\/\/www.choreoscope.com\/wp-content\/uploads\/2025\/10\/3-viernes2-the-sea-400x601.jpg 400w, https:\/\/www.choreoscope.com\/wp-content\/uploads\/2025\/10\/3-viernes2-the-sea-600x901.jpg 600w, https:\/\/www.choreoscope.com\/wp-content\/uploads\/2025\/10\/3-viernes2-the-sea.jpg 666w\" sizes=\"(max-width: 640px) 100vw, 400px\" \/><\/span><\/div><\/div><\/div><div class=\"fusion-layout-column fusion_builder_column fusion-builder-column-2 fusion_builder_column_1_2 1_2 fusion-flex-column\" style=\"--awb-bg-size:cover;--awb-width-large:50%;--awb-margin-top-large:0px;--awb-spacing-right-large:3.84%;--awb-margin-bottom-large:20px;--awb-spacing-left-large:3.84%;--awb-width-medium:50%;--awb-order-medium:0;--awb-spacing-right-medium:3.84%;--awb-spacing-left-medium:3.84%;--awb-width-small:100%;--awb-order-small:0;--awb-spacing-right-small:1.92%;--awb-spacing-left-small:1.92%;\"><div class=\"fusion-column-wrapper fusion-column-has-shadow fusion-flex-justify-content-flex-start fusion-content-layout-column\"><div class=\"fusion-title title fusion-title-4 fusion-sep-none fusion-title-text fusion-title-size-two\"><h2 class=\"fusion-title-heading title-heading-left fusion-responsive-typography-calculated\" style=\"margin:0;--fontSize:35;line-height:1.2;\">The Sea<\/h2><\/div><div class=\"fusion-text fusion-text-1\"><p><span style=\"color: #000000;\"><strong>Durada: <\/strong><\/span>1:04:03<\/p>\n<p><strong><span style=\"color: #000000;\">Director:<\/span><\/strong> Douglas Rosenberg<\/p>\n<p><strong><span style=\"color: #000000;\">Coreografia:<\/span><\/strong> Douglas Rosenberg<\/p>\n<p><span style=\"color: #000000;\"><strong>Pa\u00eds, Any:<\/strong><\/span> Estats Units, Su\u00e8cia, 2025<\/p>\n<p><span style=\"color: #000000;\"><strong>RRSS:<\/strong><\/span> IG @rosenberg_douglas<\/p>\n<p><span style=\"color: #000000;\"><strong>Sinopsi<\/strong><\/span><br \/>\nThe Sea (El mar) explora la naturalesa de l&#8217;envelliment i la relaci\u00f3 dels homes de la meva edat amb el paisatge, la solitud i la comunitat. Enregistrada amb un repartiment d&#8217;actors majorit\u00e0riament no professionals, que provenen de la rodalia de l&#8217;illa de F\u00e5r\u00f6, la pel\u00b7l\u00edcula indaga en la intimitat masculina, la camaraderia i el pas del temps a trav\u00e9s d&#8217;homes en la tercera edat. Filmada \u00edntegrament en exteriors, a la costa del mar B\u00e0ltic, segueix les petjades del cineasta suec Ingmar Bergman.<\/p>\n<\/div><\/div><\/div><\/div><\/div><div class=\"fusion-fullwidth fullwidth-box fusion-builder-row-3 fusion-flex-container has-pattern-background has-mask-background nonhundred-percent-fullwidth non-hundred-percent-height-scrolling\" style=\"--awb-border-radius-top-left:0px;--awb-border-radius-top-right:0px;--awb-border-radius-bottom-right:0px;--awb-border-radius-bottom-left:0px;--awb-padding-top:60px;--awb-flex-wrap:wrap;\" ><div class=\"fusion-builder-row fusion-row fusion-flex-align-items-flex-start fusion-flex-justify-content-center fusion-flex-content-wrap\" style=\"max-width:1352px;margin-left: calc(-4% \/ 2 );margin-right: calc(-4% \/ 2 );\"><div class=\"fusion-layout-column fusion_builder_column fusion-builder-column-3 fusion_builder_column_1_4 1_4 fusion-flex-column\" style=\"--awb-bg-size:cover;--awb-width-large:25%;--awb-margin-top-large:0px;--awb-spacing-right-large:7.68%;--awb-margin-bottom-large:20px;--awb-spacing-left-large:7.68%;--awb-width-medium:25%;--awb-order-medium:0;--awb-spacing-right-medium:7.68%;--awb-spacing-left-medium:7.68%;--awb-width-small:100%;--awb-order-small:0;--awb-spacing-right-small:1.92%;--awb-spacing-left-small:1.92%;\"><div class=\"fusion-column-wrapper fusion-column-has-shadow fusion-flex-justify-content-flex-start fusion-content-layout-column\"><div class=\"fusion-image-element \" style=\"text-align:center;--awb-caption-title-font-family:var(--h2_typography-font-family);--awb-caption-title-font-weight:var(--h2_typography-font-weight);--awb-caption-title-font-style:var(--h2_typography-font-style);--awb-caption-title-size:var(--h2_typography-font-size);--awb-caption-title-transform:var(--h2_typography-text-transform);--awb-caption-title-line-height:var(--h2_typography-line-height);--awb-caption-title-letter-spacing:var(--h2_typography-letter-spacing);\"><span class=\" fusion-imageframe imageframe-none imageframe-2 hover-type-none\"><img decoding=\"async\" width=\"666\" height=\"1000\" title=\"3 viernes22 be-like-water\" src=\"https:\/\/www.choreoscope.com\/wp-content\/uploads\/2025\/10\/3-viernes22-be-like-water.jpg\" alt class=\"img-responsive wp-image-4403\" srcset=\"https:\/\/www.choreoscope.com\/wp-content\/uploads\/2025\/10\/3-viernes22-be-like-water-200x300.jpg 200w, https:\/\/www.choreoscope.com\/wp-content\/uploads\/2025\/10\/3-viernes22-be-like-water-400x601.jpg 400w, https:\/\/www.choreoscope.com\/wp-content\/uploads\/2025\/10\/3-viernes22-be-like-water-600x901.jpg 600w, https:\/\/www.choreoscope.com\/wp-content\/uploads\/2025\/10\/3-viernes22-be-like-water.jpg 666w\" sizes=\"(max-width: 640px) 100vw, 400px\" \/><\/span><\/div><\/div><\/div><div class=\"fusion-layout-column fusion_builder_column fusion-builder-column-4 fusion_builder_column_1_2 1_2 fusion-flex-column\" style=\"--awb-bg-size:cover;--awb-width-large:50%;--awb-margin-top-large:0px;--awb-spacing-right-large:3.84%;--awb-margin-bottom-large:20px;--awb-spacing-left-large:3.84%;--awb-width-medium:50%;--awb-order-medium:0;--awb-spacing-right-medium:3.84%;--awb-spacing-left-medium:3.84%;--awb-width-small:100%;--awb-order-small:0;--awb-spacing-right-small:1.92%;--awb-spacing-left-small:1.92%;\"><div class=\"fusion-column-wrapper fusion-column-has-shadow fusion-flex-justify-content-flex-start fusion-content-layout-column\"><div class=\"fusion-title title fusion-title-5 fusion-sep-none fusion-title-text fusion-title-size-two\"><h2 class=\"fusion-title-heading title-heading-left fusion-responsive-typography-calculated\" style=\"margin:0;--fontSize:35;line-height:1.2;\">Be Like Water<\/h2><\/div><div class=\"fusion-text fusion-text-2\"><p><span style=\"color: #000000;\"><strong>Durada: <\/strong><\/span>0:16:11<\/p>\n<p><strong><span style=\"color: #000000;\">Director:<\/span><\/strong> Tasya Menaker<\/p>\n<p><strong><span style=\"color: #000000;\">Coreografia:<\/span><\/strong> Liz Kueneke,<br \/>\nAnnebelle Widmann<\/p>\n<p><span style=\"color: #000000;\"><strong>Pa\u00eds, Any:<\/strong><\/span> Espanya, 2023<\/p>\n<p><span style=\"color: #000000;\"><strong>RRSS:<\/strong><\/span> &#8220;IG, Fb @aguascopio IG @tasyamenaker<br \/>\nIG @liz.kueneke<br \/>\nIG @ellebanna_art&#8221;<\/p>\n<p><span style=\"color: #000000;\"><strong>Sinopsi<\/strong><\/span><br \/>\nAguascopio, trio art\u00edstic femen\u00ed d&#8217;Eivissa, ha creat una obra profunda i vibrant que convida a reflexionar sobre la necessitat de preservar el mar. La cinta pret\u00e9n inspirar respecte i crear consci\u00e8ncia sobre l\u2019ecosistema \u00fanic de les Illes Balears, centrant-se en el paper crucial de les prades de posid\u00f2nia. Coneguda com els &#8220;pulmons del mar&#8221;, la posid\u00f2nia \u00e9s vital per a la producci\u00f3 d\u2019oxigen i per mantenir la transpar\u00e8ncia extraordin\u00e0ria de la costa balear.<\/p>\n<\/div><\/div><\/div><\/div><\/div><\/p>\n","protected":false},"excerpt":{"rendered":"","protected":false},"author":1,"featured_media":0,"parent":0,"menu_order":0,"comment_status":"closed","ping_status":"closed","template":"100-width.php","meta":{"_acf_changed":false,"footnotes":""},"class_list":["post-4736","page","type-page","status-publish","hentry"],"acf":[],"yoast_head":"<!-- This site is optimized with the Yoast SEO plugin v24.6 - https:\/\/yoast.com\/wordpress\/plugins\/seo\/ -->\n<title>The Sea + Be like water - Choreoscope<\/title>\n<meta name=\"robots\" content=\"index, follow, max-snippet:-1, max-image-preview:large, max-video-preview:-1\" \/>\n<link rel=\"canonical\" href=\"https:\/\/www.choreoscope.com\/ca\/the-sea-be-like-water\/\" \/>\n<meta property=\"og:locale\" content=\"ca_ES\" \/>\n<meta property=\"og:type\" content=\"article\" \/>\n<meta property=\"og:title\" content=\"The Sea + Be like water - Choreoscope\" \/>\n<meta property=\"og:url\" content=\"https:\/\/www.choreoscope.com\/ca\/the-sea-be-like-water\/\" \/>\n<meta property=\"og:site_name\" content=\"Choreoscope\" \/>\n<meta property=\"article:modified_time\" content=\"2025-10-31T09:37:52+00:00\" \/>\n<meta name=\"twitter:card\" content=\"summary_large_image\" \/>\n<meta name=\"twitter:label1\" content=\"Temps estimat de lectura\" \/>\n\t<meta name=\"twitter:data1\" content=\"2 minuts\" \/>\n<script type=\"application\/ld+json\" class=\"yoast-schema-graph\">{\"@context\":\"https:\/\/schema.org\",\"@graph\":[{\"@type\":\"WebPage\",\"@id\":\"https:\/\/www.choreoscope.com\/ca\/the-sea-be-like-water\/\",\"url\":\"https:\/\/www.choreoscope.com\/ca\/the-sea-be-like-water\/\",\"name\":\"The Sea + Be like water - Choreoscope\",\"isPartOf\":{\"@id\":\"https:\/\/www.choreoscope.com\/#website\"},\"datePublished\":\"2025-10-14T07:10:35+00:00\",\"dateModified\":\"2025-10-31T09:37:52+00:00\",\"breadcrumb\":{\"@id\":\"https:\/\/www.choreoscope.com\/ca\/the-sea-be-like-water\/#breadcrumb\"},\"inLanguage\":\"ca\",\"potentialAction\":[{\"@type\":\"ReadAction\",\"target\":[\"https:\/\/www.choreoscope.com\/ca\/the-sea-be-like-water\/\"]}]},{\"@type\":\"BreadcrumbList\",\"@id\":\"https:\/\/www.choreoscope.com\/ca\/the-sea-be-like-water\/#breadcrumb\",\"itemListElement\":[{\"@type\":\"ListItem\",\"position\":1,\"name\":\"Portada\",\"item\":\"https:\/\/www.choreoscope.com\/ca\/\"},{\"@type\":\"ListItem\",\"position\":2,\"name\":\"The Sea + Be like water\"}]},{\"@type\":\"WebSite\",\"@id\":\"https:\/\/www.choreoscope.com\/#website\",\"url\":\"https:\/\/www.choreoscope.com\/\",\"name\":\"Choreoscope\",\"description\":\"Barcelona Dance Film Festival\",\"potentialAction\":[{\"@type\":\"SearchAction\",\"target\":{\"@type\":\"EntryPoint\",\"urlTemplate\":\"https:\/\/www.choreoscope.com\/?s={search_term_string}\"},\"query-input\":{\"@type\":\"PropertyValueSpecification\",\"valueRequired\":true,\"valueName\":\"search_term_string\"}}],\"inLanguage\":\"ca\"}]}<\/script>\n<!-- \/ Yoast SEO plugin. -->","yoast_head_json":{"title":"The Sea + Be like water - Choreoscope","robots":{"index":"index","follow":"follow","max-snippet":"max-snippet:-1","max-image-preview":"max-image-preview:large","max-video-preview":"max-video-preview:-1"},"canonical":"https:\/\/www.choreoscope.com\/ca\/the-sea-be-like-water\/","og_locale":"ca_ES","og_type":"article","og_title":"The Sea + Be like water - Choreoscope","og_url":"https:\/\/www.choreoscope.com\/ca\/the-sea-be-like-water\/","og_site_name":"Choreoscope","article_modified_time":"2025-10-31T09:37:52+00:00","twitter_card":"summary_large_image","twitter_misc":{"Temps estimat de lectura":"2 minuts"},"schema":{"@context":"https:\/\/schema.org","@graph":[{"@type":"WebPage","@id":"https:\/\/www.choreoscope.com\/ca\/the-sea-be-like-water\/","url":"https:\/\/www.choreoscope.com\/ca\/the-sea-be-like-water\/","name":"The Sea + Be like water - Choreoscope","isPartOf":{"@id":"https:\/\/www.choreoscope.com\/#website"},"datePublished":"2025-10-14T07:10:35+00:00","dateModified":"2025-10-31T09:37:52+00:00","breadcrumb":{"@id":"https:\/\/www.choreoscope.com\/ca\/the-sea-be-like-water\/#breadcrumb"},"inLanguage":"ca","potentialAction":[{"@type":"ReadAction","target":["https:\/\/www.choreoscope.com\/ca\/the-sea-be-like-water\/"]}]},{"@type":"BreadcrumbList","@id":"https:\/\/www.choreoscope.com\/ca\/the-sea-be-like-water\/#breadcrumb","itemListElement":[{"@type":"ListItem","position":1,"name":"Portada","item":"https:\/\/www.choreoscope.com\/ca\/"},{"@type":"ListItem","position":2,"name":"The Sea + Be like water"}]},{"@type":"WebSite","@id":"https:\/\/www.choreoscope.com\/#website","url":"https:\/\/www.choreoscope.com\/","name":"Choreoscope","description":"Barcelona Dance Film Festival","potentialAction":[{"@type":"SearchAction","target":{"@type":"EntryPoint","urlTemplate":"https:\/\/www.choreoscope.com\/?s={search_term_string}"},"query-input":{"@type":"PropertyValueSpecification","valueRequired":true,"valueName":"search_term_string"}}],"inLanguage":"ca"}]}},"_links":{"self":[{"href":"https:\/\/www.choreoscope.com\/ca\/wp-json\/wp\/v2\/pages\/4736","targetHints":{"allow":["GET"]}}],"collection":[{"href":"https:\/\/www.choreoscope.com\/ca\/wp-json\/wp\/v2\/pages"}],"about":[{"href":"https:\/\/www.choreoscope.com\/ca\/wp-json\/wp\/v2\/types\/page"}],"author":[{"embeddable":true,"href":"https:\/\/www.choreoscope.com\/ca\/wp-json\/wp\/v2\/users\/1"}],"replies":[{"embeddable":true,"href":"https:\/\/www.choreoscope.com\/ca\/wp-json\/wp\/v2\/comments?post=4736"}],"version-history":[{"count":3,"href":"https:\/\/www.choreoscope.com\/ca\/wp-json\/wp\/v2\/pages\/4736\/revisions"}],"predecessor-version":[{"id":5008,"href":"https:\/\/www.choreoscope.com\/ca\/wp-json\/wp\/v2\/pages\/4736\/revisions\/5008"}],"wp:attachment":[{"href":"https:\/\/www.choreoscope.com\/ca\/wp-json\/wp\/v2\/media?parent=4736"}],"curies":[{"name":"wp","href":"https:\/\/api.w.org\/{rel}","templated":true}]}}