{"id":1382,"date":"2017-09-29T21:43:18","date_gmt":"2017-09-29T19:43:18","guid":{"rendered":"https:\/\/www.choreoscope.com\/ediciones-anteriores\/?page_id=1382"},"modified":"2017-11-06T11:42:43","modified_gmt":"2017-11-06T10:42:43","slug":"talentos-17","status":"publish","type":"page","link":"https:\/\/www.choreoscope.com\/ediciones-anteriores\/talentos-17\/","title":{"rendered":"Talentos 17"},"content":{"rendered":"<section class=\"wpb-content-wrapper\"><p>[vc_row][vc_column width=\u00bb1\/4&#8243;][\/vc_column][vc_column width=\u00bb1\/2&#8243;]<div class=\"smile-icon-timeline-wrap csstime   \"     style=\"\"><div class=\"timeline-line \" style=\"border-right-color:;\"><span><\/span><\/div><div class=\"timeline-wrapper\"><\/div><div class=\"timeline-feature-item feat-item feat-top \"><div class=\"feat-dot feat-top\"><div class=\"timeline-dot\"><\/div><\/div><div class=\"ult-timeline-arrow feat-top\"><s><\/s><l><\/l><\/div><div class=\"timeline-icon-block\"><div class=\"ult-timeline-icon tl-icon-no-bg\" style=\"   \"><\/div> <!-- icon --><\/div><div class=\"timeline-header-block\" >\n\t\t\t\t\t\t\t<div class=\"timeline-header\" id=\"timeline-featured-1073\"  style=\"\"><h3\n\t\t\t class=\"ult-timeline-title ult-responsive\"   data-ultimate-target='#timeline-featured-1073 .ult-timeline-title'  data-responsive-json-new='{\"font-size\":\"\",\"line-height\":\"\"}'  style=\"\"><\/h3><div class=\"ult-responsive custom-lht\"  data-ultimate-target='#timeline-featured-1073 .custom-lht'  data-responsive-json-new='{\"font-size\":\"\",\"line-height\":\"\"}'  style=\"\"><img decoding=\"async\" loading=\"lazy\" class=\"aligncenter wp-image-853 size-full\" src=\"https:\/\/www.choreoscope.com\/ediciones-anteriores\/wp-content\/uploads\/2016\/10\/filmoteca.png\" alt=\"filmoteca\" width=\"277\" height=\"100\" \/><\/div><\/div> <!-- header --><\/div><\/div><div class=\"timeline-wrapper \"><\/div><div class=\"timeline-feature-item feat-item  \"><div class=\"feat-dot \"><div class=\"timeline-dot\"><\/div><\/div><div class=\"ult-timeline-arrow \"><s><\/s><l><\/l><\/div><div class=\"timeline-icon-block\"><div class=\"ult-timeline-icon tl-icon-no-bg\" style=\"   \"><\/div> <!-- icon --><\/div><div class=\"timeline-header-block\" >\n\t\t\t\t\t\t\t<div class=\"timeline-header\" id=\"timeline-featured-9176\"  style=\"\"><h3\n\t\t\t class=\"ult-timeline-title ult-responsive\"   data-ultimate-target='#timeline-featured-9176 .ult-timeline-title'  data-responsive-json-new='{\"font-size\":\"\",\"line-height\":\"\"}'  style=\"\"><\/h3><div class=\"ult-responsive custom-lht\"  data-ultimate-target='#timeline-featured-9176 .custom-lht'  data-responsive-json-new='{\"font-size\":\"\",\"line-height\":\"\"}'  style=\"\"><\/p>\n<h5 class=\"ult-timeline-title ult-responsive\" style=\"text-align: center;\" data-ultimate-target=\"#timeline-featured-1640 .ult-timeline-title\" data-responsive-json-new=\"{&quot;font-size&quot;:&quot;&quot;,&quot;line-height&quot;:&quot;&quot;}\"><\/h5>\n<h5 class=\"ult-timeline-title ult-responsive\" style=\"text-align: center;\" data-ultimate-target=\"#timeline-featured-1640 .ult-timeline-title\" data-responsive-json-new=\"{&quot;font-size&quot;:&quot;&quot;,&quot;line-height&quot;:&quot;&quot;}\">PROJECCIONS \/ PROYECCIONES \/ SCREENINGS<\/h5>\n<p style=\"text-align: center;\"><strong>Sede<\/strong>: Filmoteca de Catalunya<br \/>\n<strong>Sesi\u00f3n de clausura:\u00a0<\/strong><span style=\"text-decoration: underline;\">domingo 12 de noviembre | 19:30h<\/span><br \/>\n<strong>Precio<\/strong>:\u00a0<a href=\"http:\/\/www.filmoteca.cat\/web\/entrades-i-abonaments\/entrades\" target=\"_blank\">www.filmoteca.cat\/web\/entrades-i-abonaments\/entrades<\/a><\/p>\n<p style=\"text-align: center;\">En la Sesi\u00f3n de Clausura proyectaremosla ganadora de J\u00f3venes Talentos 2017. Adem\u00e1s, dos\u00a0pel\u00edculas\u00a0de Clara Van Gool (Premio Honor\u00edfico 2017), el cortometraje\u00a0<em>Prom night<\/em>\u00a0de Celia Rowlson-Hall (Premio Aportaci\u00f3n Excepcional al Cine de Danza 2017) y haremos entrega del Palmar\u00e9s. Proyectaremos tambi\u00e9n\u00a0<em>Hesk<\/em>\u00a0con m\u00fasica en directo interpretada por Marina Herlop.<\/p>\n<p><\/div><\/div> <!-- header --><\/div><\/div><div class=\"timeline-wrapper \"><\/div><\/div>[\/vc_column][vc_column width=\u00bb1\/4&#8243;][\/vc_column][\/vc_row][vc_row][vc_column width=\u00bb1\/3&#8243;]<div class=\"smile-icon-timeline-wrap csstime   \"     style=\"\"><div class=\"timeline-line \" style=\"border-right-color:;\"><span><\/span><\/div><div class=\"timeline-wrapper\"><\/div><div class=\"timeline-feature-item feat-item  \"><div class=\"feat-dot \"><div class=\"timeline-dot\"><\/div><\/div><div class=\"ult-timeline-arrow \"><s><\/s><l><\/l><\/div><div class=\"timeline-icon-block\"><div class=\"ult-timeline-icon tl-icon-no-bg\" style=\"   \"><\/div> <!-- icon --><\/div><div class=\"timeline-header-block\" >\n\t\t\t\t\t\t\t<div class=\"timeline-header\" id=\"timeline-featured-3564\"  style=\"\"><h3\n\t\t\t class=\"ult-timeline-title ult-responsive\"   data-ultimate-target='#timeline-featured-3564 .ult-timeline-title'  data-responsive-json-new='{\"font-size\":\"\",\"line-height\":\"\"}'  style=\"\">JOC D\u00b4OMBRES<\/h3><div class=\"ult-responsive custom-lht\"  data-ultimate-target='#timeline-featured-3564 .custom-lht'  data-responsive-json-new='{\"font-size\":\"\",\"line-height\":\"\"}'  style=\"\"><\/p>\n<p class=\"p1\" style=\"text-align: center;\"><img decoding=\"async\" loading=\"lazy\" class=\"aligncenter size-medium wp-image-1311\" src=\"https:\/\/www.choreoscope.com\/ediciones-anteriores\/wp-content\/uploads\/2017\/08\/Joc-dOmbres-300x200.jpg\" alt=\"Joc d'Ombres\" width=\"300\" height=\"200\" srcset=\"https:\/\/www.choreoscope.com\/ediciones-anteriores\/wp-content\/uploads\/2017\/08\/Joc-dOmbres-300x200.jpg 300w, https:\/\/www.choreoscope.com\/ediciones-anteriores\/wp-content\/uploads\/2017\/08\/Joc-dOmbres-768x512.jpg 768w, https:\/\/www.choreoscope.com\/ediciones-anteriores\/wp-content\/uploads\/2017\/08\/Joc-dOmbres-1024x683.jpg 1024w, https:\/\/www.choreoscope.com\/ediciones-anteriores\/wp-content\/uploads\/2017\/08\/Joc-dOmbres.jpg 1620w\" sizes=\"(max-width: 300px) 100vw, 300px\" \/><\/p>\n<p class=\"p1\" style=\"text-align: center;\">Catalu\u00f1a, 2017, 4\u2019 59\u2019\u2019<\/p>\n<p style=\"text-align: left;\"><strong>Director: <\/strong>Arnau Moreno<br \/>\n<strong>Coreograf\u00eda: <\/strong>Arnau Moreno<\/p>\n<p style=\"text-align: left;\"><strong>Sinopsis:\u00a0<\/strong><\/p>\n<p style=\"text-align: left;\">Representaci\u00f3n de una lucha interna.<\/p>\n<p style=\"text-align: left;\"><em>Representation of an internal struggle.<\/em><\/p>\n<p><\/div><\/div> <!-- header --><\/div><\/div><div class=\"timeline-wrapper \"><\/div><\/div>[\/vc_column][vc_column width=\u00bb1\/3&#8243;]<div class=\"smile-icon-timeline-wrap csstime   \"     style=\"\"><div class=\"timeline-line \" style=\"border-right-color:;\"><span><\/span><\/div><div class=\"timeline-wrapper\"><\/div><div class=\"timeline-feature-item feat-item  \"><div class=\"feat-dot \"><div class=\"timeline-dot\"><\/div><\/div><div class=\"ult-timeline-arrow \"><s><\/s><l><\/l><\/div><div class=\"timeline-icon-block\"><div class=\"ult-timeline-icon tl-icon-no-bg\" style=\"   \"><\/div> <!-- icon --><\/div><div class=\"timeline-header-block\" >\n\t\t\t\t\t\t\t<div class=\"timeline-header\" id=\"timeline-featured-5006\"  style=\"\"><h3\n\t\t\t class=\"ult-timeline-title ult-responsive\"   data-ultimate-target='#timeline-featured-5006 .ult-timeline-title'  data-responsive-json-new='{\"font-size\":\"\",\"line-height\":\"\"}'  style=\"\">TOTENTANZ<\/h3><div class=\"ult-responsive custom-lht\"  data-ultimate-target='#timeline-featured-5006 .custom-lht'  data-responsive-json-new='{\"font-size\":\"\",\"line-height\":\"\"}'  style=\"\"><\/p>\n<p style=\"text-align: center;\"><img decoding=\"async\" loading=\"lazy\" class=\"aligncenter size-medium wp-image-1312\" src=\"https:\/\/www.choreoscope.com\/ediciones-anteriores\/wp-content\/uploads\/2017\/08\/Totentanz-300x188.jpg\" alt=\"Totentanz\" width=\"300\" height=\"188\" srcset=\"https:\/\/www.choreoscope.com\/ediciones-anteriores\/wp-content\/uploads\/2017\/08\/Totentanz-300x188.jpg 300w, https:\/\/www.choreoscope.com\/ediciones-anteriores\/wp-content\/uploads\/2017\/08\/Totentanz-768x480.jpg 768w, https:\/\/www.choreoscope.com\/ediciones-anteriores\/wp-content\/uploads\/2017\/08\/Totentanz-1024x640.jpg 1024w, https:\/\/www.choreoscope.com\/ediciones-anteriores\/wp-content\/uploads\/2017\/08\/Totentanz.jpg 1728w\" sizes=\"(max-width: 300px) 100vw, 300px\" \/><\/p>\n<p style=\"text-align: center;\">Catalu\u00f1a, 2017, 4\u2019 54\u2019\u2019<\/p>\n<p style=\"text-align: left;\"><strong>Director:\u00a0<\/strong>Pablo Marqu\u00e9s<br \/>\n<strong>Coreograf\u00eda: <\/strong>Mabel Olea<\/p>\n<p style=\"text-align: left;\"><strong>Sinopsis:\u00a0<\/strong><\/p>\n<p style=\"text-align: left;\">Mabel es una chica que sufre \u00abcorof\u00f3bia\u00bb. Quiere superarla pero no sabe como. Solo enfrentandote a tu miedo, lo podr\u00e1s vencer.<\/p>\n<p style=\"text-align: left;\"><em>Mabel is a girl who suffers \u00abchorophobia\u00bb. He wants to overcome it but he does not know how. Only by facing your fear, you can overcome it.<\/em><\/p>\n<p><\/div><\/div> <!-- header --><\/div><\/div><div class=\"timeline-wrapper \"><\/div><\/div>[\/vc_column][vc_column width=\u00bb1\/3&#8243;]<div class=\"smile-icon-timeline-wrap csstime   \"     style=\"\"><div class=\"timeline-line \" style=\"border-right-color:;\"><span><\/span><\/div><div class=\"timeline-wrapper\"><\/div><div class=\"timeline-feature-item feat-item  \"><div class=\"feat-dot \"><div class=\"timeline-dot\"><\/div><\/div><div class=\"ult-timeline-arrow \"><s><\/s><l><\/l><\/div><div class=\"timeline-icon-block\"><div class=\"ult-timeline-icon tl-icon-no-bg\" style=\"   \"><\/div> <!-- icon --><\/div><div class=\"timeline-header-block\" >\n\t\t\t\t\t\t\t<div class=\"timeline-header\" id=\"timeline-featured-6627\"  style=\"\"><h3\n\t\t\t class=\"ult-timeline-title ult-responsive\"   data-ultimate-target='#timeline-featured-6627 .ult-timeline-title'  data-responsive-json-new='{\"font-size\":\"\",\"line-height\":\"\"}'  style=\"\">SAND<\/h3><div class=\"ult-responsive custom-lht\"  data-ultimate-target='#timeline-featured-6627 .custom-lht'  data-responsive-json-new='{\"font-size\":\"\",\"line-height\":\"\"}'  style=\"\"><\/p>\n<p class=\"p1\" style=\"text-align: center;\"><img decoding=\"async\" loading=\"lazy\" class=\"aligncenter size-medium wp-image-1315\" src=\"https:\/\/www.choreoscope.com\/ediciones-anteriores\/wp-content\/uploads\/2017\/08\/1-frame4_Sand-300x188.jpg\" alt=\"Sand\" width=\"300\" height=\"188\" srcset=\"https:\/\/www.choreoscope.com\/ediciones-anteriores\/wp-content\/uploads\/2017\/08\/1-frame4_Sand-300x188.jpg 300w, https:\/\/www.choreoscope.com\/ediciones-anteriores\/wp-content\/uploads\/2017\/08\/1-frame4_Sand-768x480.jpg 768w, https:\/\/www.choreoscope.com\/ediciones-anteriores\/wp-content\/uploads\/2017\/08\/1-frame4_Sand-1024x640.jpg 1024w, https:\/\/www.choreoscope.com\/ediciones-anteriores\/wp-content\/uploads\/2017\/08\/1-frame4_Sand.jpg 1728w\" sizes=\"(max-width: 300px) 100vw, 300px\" \/><\/p>\n<p class=\"p1\" style=\"text-align: center;\">Catalu\u00f1a, 2016, 3\u2019 16\u2019\u2019<\/p>\n<p style=\"text-align: left;\"><strong>Director: <\/strong>Jaime Llamas<br \/>\n<strong>Coreograf\u00eda: <\/strong>N\u00faria Serra<\/p>\n<p style=\"text-align: left;\"><strong>Sinopsis:\u00a0<\/strong><\/p>\n<p style=\"text-align: left;\">Primer proyecto de Barcelona Dance Lab: The Art of Movement Through a Lense.<\/p>\n<p style=\"text-align: left;\"><em>Barcelona Dance Lab&#8217;s first project: The Art of Movement Through a Lense.<\/em><\/p>\n<p><\/div><\/div> <!-- header --><\/div><\/div><div class=\"timeline-wrapper \"><\/div><\/div>[\/vc_column][\/vc_row][vc_row][vc_column width=\u00bb1\/3&#8243;]<div class=\"smile-icon-timeline-wrap csstime   \"     style=\"\"><div class=\"timeline-line \" style=\"border-right-color:;\"><span><\/span><\/div><div class=\"timeline-wrapper\"><\/div><div class=\"timeline-feature-item feat-item  \"><div class=\"feat-dot \"><div class=\"timeline-dot\"><\/div><\/div><div class=\"ult-timeline-arrow \"><s><\/s><l><\/l><\/div><div class=\"timeline-icon-block\"><div class=\"ult-timeline-icon tl-icon-no-bg\" style=\"   \"><\/div> <!-- icon --><\/div><div class=\"timeline-header-block\" >\n\t\t\t\t\t\t\t<div class=\"timeline-header\" id=\"timeline-featured-5989\"  style=\"\"><h3\n\t\t\t class=\"ult-timeline-title ult-responsive\"   data-ultimate-target='#timeline-featured-5989 .ult-timeline-title'  data-responsive-json-new='{\"font-size\":\"\",\"line-height\":\"\"}'  style=\"\">THE JOKERZ<\/h3><div class=\"ult-responsive custom-lht\"  data-ultimate-target='#timeline-featured-5989 .custom-lht'  data-responsive-json-new='{\"font-size\":\"\",\"line-height\":\"\"}'  style=\"\"><\/p>\n<p style=\"text-align: center;\"><img decoding=\"async\" loading=\"lazy\" class=\"aligncenter size-medium wp-image-1313\" src=\"https:\/\/www.choreoscope.com\/ediciones-anteriores\/wp-content\/uploads\/2017\/08\/THE-JOKERZ-a-Risas-300x200.jpg\" alt=\"THE JOKERZ - a Risas\" width=\"300\" height=\"200\" srcset=\"https:\/\/www.choreoscope.com\/ediciones-anteriores\/wp-content\/uploads\/2017\/08\/THE-JOKERZ-a-Risas-300x200.jpg 300w, https:\/\/www.choreoscope.com\/ediciones-anteriores\/wp-content\/uploads\/2017\/08\/THE-JOKERZ-a-Risas-768x513.jpg 768w, https:\/\/www.choreoscope.com\/ediciones-anteriores\/wp-content\/uploads\/2017\/08\/THE-JOKERZ-a-Risas-1024x684.jpg 1024w, https:\/\/www.choreoscope.com\/ediciones-anteriores\/wp-content\/uploads\/2017\/08\/THE-JOKERZ-a-Risas.jpg 1617w\" sizes=\"(max-width: 300px) 100vw, 300px\" \/><\/p>\n<p style=\"text-align: center;\">Catalu\u00f1a, 2016, 4\u2019 24\u2019\u2019<\/p>\n<p style=\"text-align: left;\"><strong>Director:\u00a0<\/strong>Arias Fern\u00e1ndez<br \/>\n<strong>Coreograf\u00eda: <\/strong>Nahuel Barrios &amp; Arias Fernandez<\/p>\n<p style=\"text-align: left;\"><strong>Sinopsis:\u00a0<\/strong><\/p>\n<p style=\"text-align: left;\">La personalidad y el comportamiento social puestos del rev\u00e9s. Cr\u00edtica reflexiva hacia los papeles que interpretamos en la sociedad, caracterizados y jugando; \u201cThe Jokerz\u00bb.<\/p>\n<p style=\"text-align: left;\"><em>Personality and social behavior put upside down. Reflective criticism towards the roles we interpret in society, characterized and played; \u00abThe Jokerz\u00bb.<\/em><\/p>\n<p><\/div><\/div> <!-- header --><\/div><\/div><div class=\"timeline-wrapper \"><\/div><\/div>[\/vc_column][vc_column width=\u00bb1\/3&#8243;]<div class=\"smile-icon-timeline-wrap csstime   \"     style=\"\"><div class=\"timeline-line \" style=\"border-right-color:;\"><span><\/span><\/div><div class=\"timeline-wrapper\"><\/div><div class=\"timeline-feature-item feat-item  \"><div class=\"feat-dot \"><div class=\"timeline-dot\"><\/div><\/div><div class=\"ult-timeline-arrow \"><s><\/s><l><\/l><\/div><div class=\"timeline-icon-block\"><div class=\"ult-timeline-icon tl-icon-no-bg\" style=\"   \"><\/div> <!-- icon --><\/div><div class=\"timeline-header-block\" >\n\t\t\t\t\t\t\t<div class=\"timeline-header\" id=\"timeline-featured-7505\"  style=\"\"><h3\n\t\t\t class=\"ult-timeline-title ult-responsive\"   data-ultimate-target='#timeline-featured-7505 .ult-timeline-title'  data-responsive-json-new='{\"font-size\":\"\",\"line-height\":\"\"}'  style=\"\">SENTIR<\/h3><div class=\"ult-responsive custom-lht\"  data-ultimate-target='#timeline-featured-7505 .custom-lht'  data-responsive-json-new='{\"font-size\":\"\",\"line-height\":\"\"}'  style=\"\"><\/p>\n<p style=\"text-align: center;\"><img decoding=\"async\" loading=\"lazy\" class=\"aligncenter size-medium wp-image-1316\" src=\"https:\/\/www.choreoscope.com\/ediciones-anteriores\/wp-content\/uploads\/2017\/08\/Sentir--300x169.jpg\" alt=\"Sentir-\" width=\"300\" height=\"169\" srcset=\"https:\/\/www.choreoscope.com\/ediciones-anteriores\/wp-content\/uploads\/2017\/08\/Sentir--300x169.jpg 300w, https:\/\/www.choreoscope.com\/ediciones-anteriores\/wp-content\/uploads\/2017\/08\/Sentir--768x432.jpg 768w, https:\/\/www.choreoscope.com\/ediciones-anteriores\/wp-content\/uploads\/2017\/08\/Sentir--1024x576.jpg 1024w, https:\/\/www.choreoscope.com\/ediciones-anteriores\/wp-content\/uploads\/2017\/08\/Sentir-.jpg 1921w\" sizes=\"(max-width: 300px) 100vw, 300px\" \/><\/p>\n<p style=\"text-align: center;\">Catalu\u00f1a, 2016, 5\u2019 00\u2019\u2019<\/p>\n<p style=\"text-align: left;\"><strong>Director:\u00a0<\/strong>Zarina \u00a0Rond\u00f3n<br \/>\n<strong>Coreograf\u00eda: <\/strong>Zarina \u00a0Rond\u00f3n<\/p>\n<p style=\"text-align: left;\"><strong>Sinopsis:\u00a0<\/strong><\/p>\n<p style=\"text-align: left;\">Cuando re\u00fanes a ocho actores de teatro f\u00edsico para experimentar lo que siente el cuerpo y como se mueve partiendo de lo que le propone el espacio y la m\u00fasica puede ser extraordinario.<\/p>\n<p style=\"text-align: left;\"><em>When you get together 8 actors and actresses from physical theatre to experience how the body feels and moves through the space and music can be really extraordinary.<\/em><\/p>\n<p><\/div><\/div> <!-- header --><\/div><\/div><div class=\"timeline-wrapper \"><\/div><\/div>[\/vc_column][\/vc_row][vc_row][vc_column]<div class=\"ult-spacer spacer-69e086cc5356b\" data-id=\"69e086cc5356b\" data-height=\"10\" data-height-mobile=\"10\" data-height-tab=\"10\" data-height-tab-portrait=\"\" data-height-mobile-landscape=\"\" style=\"clear:both;display:block;\"><\/div>[vc_column_text]<\/p>\n<h4 class=\"ult-timeline-title ult-responsive\" style=\"text-align: center;\" data-ultimate-target=\"#timeline-featured-4181 .ult-timeline-title\" data-responsive-json-new=\"{&quot;font-size&quot;:&quot;&quot;,&quot;line-height&quot;:&quot;&quot;}\">Las pel\u00edculas de la Selecci\u00f3n Oficial \u00a0y de J\u00f3venes Talentos disponibles tambi\u00e9n en FILMIN<\/h4>\n<div class=\"ult-responsive custom-lht\" data-ultimate-target=\"#timeline-featured-4181 .custom-lht\" data-responsive-json-new=\"{&quot;font-size&quot;:&quot;&quot;,&quot;line-height&quot;:&quot;&quot;}\">\n<p style=\"text-align: center;\"><a href=\"https:\/\/www.filmin.es\/canal\/choreoscope\" target=\"_blank\"><img decoding=\"async\" loading=\"lazy\" class=\"aligncenter wp-image-475 size-full\" src=\"https:\/\/www.choreoscope.com\/ediciones-anteriores\/wp-content\/uploads\/2016\/01\/filmin-logo-e1454250434290.png\" alt=\"filmin logo\" width=\"150\" height=\"42\" data-pin-nopin=\"true\" \/><\/a>No te las pierdas!<\/p>\n<p style=\"text-align: center;\">A partir del 10 de Noviembre puedes ver las pel\u00edculas de la Selecci\u00f3n Oficial y J\u00f3venes Talentos Choreoscope 2017 tambi\u00e9n en FILMIN.\u00a0<a href=\"https:\/\/www.filmin.es\/canal\/choreoscope\" target=\"_blank\">Descubre nuestro canal AQU\u00cd.<\/a><\/p>\n<\/div>\n<p>[\/vc_column_text][\/vc_column][\/vc_row][vc_row][vc_column]<div class=\"ult-spacer spacer-69e086cc53585\" data-id=\"69e086cc53585\" data-height=\"30\" data-height-mobile=\"30\" data-height-tab=\"30\" data-height-tab-portrait=\"\" data-height-mobile-landscape=\"\" style=\"clear:both;display:block;\"><\/div><div class=\"dt-fancy-separator h3-size accent-title-color\" style=\"width: 100%;\"><div class=\"dt-fancy-title\"><span class=\"separator-holder separator-left\" style=\"border-color: #e96c4c;\"><\/span>JURADO<span class=\"separator-holder separator-right\" style=\"border-color: #e96c4c;\"><\/span><\/div><\/div><div class=\"ult-spacer spacer-69e086cc535d9\" data-id=\"69e086cc535d9\" data-height=\"10\" data-height-mobile=\"10\" data-height-tab=\"10\" data-height-tab-portrait=\"\" data-height-mobile-landscape=\"\" style=\"clear:both;display:block;\"><\/div>[\/vc_column][\/vc_row][vc_row][vc_column width=\u00bb1\/4&#8243;][\/vc_column][vc_column width=\u00bb1\/4&#8243;][vc_column_text]<\/p>\n<p class=\"p1\" style=\"text-align: left;\"><strong><img decoding=\"async\" loading=\"lazy\" class=\"alignleft size-full wp-image-1582\" src=\"https:\/\/www.choreoscope.com\/ediciones-anteriores\/wp-content\/uploads\/2017\/09\/marta1.jpg\" alt=\"marta\" width=\"121\" height=\"156\" \/>MARTA OLIVERES I TORTOSA\u00a0<\/strong>\u00e9s postgraduada en Emprenedoria, Creativitat i Processos d\u2019Innovaci\u00f3 Interdisciplinaris Universitat de Barcelona , i m\u00e0ster de Gesti\u00f3 i Administraci\u00f3 de la Petita i Mitjana Empresa per la Cambra de Comer\u00e7 de Barcelona .<\/p>\n<p class=\"p1\" style=\"text-align: left;\">L\u2019any 1984 inicia la seva traject\u00f2ria professional en el m\u00f3n de la gesti\u00f3 cultural, treballant amb la companyia Comediants i, m\u00e9s tard, exercint de road manager de La Fura dels Baus. L\u2019any 2005 va crear la plataforma MoM\/El V\u00edvero, dedicada a la producci\u00f3 d\u2019activitats d\u2019artistes i a la seva distribuci\u00f3 nacional i internacional. Consolidada al mercat internacional, ha treballat amb artistes com Marcel\u00b7l\u00ed Ant\u00fanez, Roger Bernat o Carles Santos, i actualment ho fa amb Sonia G\u00f3mez Animal Religion, Regina Fiz, Cia Prisamata i David Espinosa, entre d\u2019altres. Entre els anys 2005 i 2009 va ser membre del consell d\u2019administraci\u00f3 de l\u2019Informal European Theater Meeting (IETM), i del 2009 al 2011 tamb\u00e9 ho va ser del primer plenari del Consell Nacional de la Cultura i dels Arts de Catalunya.<\/p>\n<p>[\/vc_column_text][\/vc_column][vc_column width=\u00bb1\/4&#8243;][vc_column_text]<\/p>\n<p style=\"text-align: left;\"><strong><img decoding=\"async\" loading=\"lazy\" class=\"alignleft size-full wp-image-1583\" src=\"https:\/\/www.choreoscope.com\/ediciones-anteriores\/wp-content\/uploads\/2017\/09\/Lorand-Janos-1.jpg\" alt=\"Lorand Janos\" width=\"119\" height=\"156\" \/>LOR\u00c1ND J\u00c1NOS.<\/strong>\u00a0Director de Choreoscope. Nascut a Transilv\u00e0nia, va estudiar direcci\u00f3 de cinema a la Acad\u00e8mia de Cinema de Bucarest, a m\u00e9s de Photo-Video Art a l&#8217;Acad\u00e8mia de Belles Arts de la mateixa ciutat. Des de 2001 resideix a Barcelona, on ha estudiat Publicitat i Relacions P\u00fabliques, a m\u00e9s d&#8217;haver dirigit diversos curtmetratges. Els seus \u00faltims films han estat seleccionats per festivals de la talla de Dance on Camera, Jumping Frames, Videodansa Buenos Aires, Dan\u00e7a em Focus, MashRome, Boomtown Film &amp; Music Festival etc. En 2014 va ser membre del jurat per a la Dance Films Association de Nova York en la selecci\u00f3 de les beques de postproducci\u00f3 de projectes cinematogr\u00e0fics de dansa (Production Grant Review Panel 2014) i el 2015 per Muvers 360\u00ba, un projecte d&#8217;Erre Que Erre Danza.<\/p>\n<p style=\"text-align: left;\">Publicacions: <em>Dansa a 24 fotogrames per segon: Reflex i precursor de canvis socials (2016,\u00a0<\/em>dins de\u00a0<em>La investigaci\u00f3n en Danza en Espa\u00f1a. Valencia: Mahali Ediciones)\u00a0<\/em>&#8211; en col\u00b7laboraci\u00f3 amb Bego\u00f1a Olabarria Smith.<\/p>\n<p>[\/vc_column_text][\/vc_column][vc_column width=\u00bb1\/4&#8243;][\/vc_column][\/vc_row]<\/p>\n<\/section>","protected":false},"excerpt":{"rendered":"<p>[vc_row][vc_column width=\u00bb1\/4&#8243;][\/vc_column][vc_column width=\u00bb1\/2&#8243;][\/vc_column][vc_column width=\u00bb1\/4&#8243;][\/vc_column][\/vc_row][vc_row][vc_column width=\u00bb1\/3&#8243;][\/vc_column][vc_column width=\u00bb1\/3&#8243;][\/vc_column][vc_column width=\u00bb1\/3&#8243;][\/vc_column][\/vc_row][vc_row][vc_column width=\u00bb1\/3&#8243;][\/vc_column][vc_column width=\u00bb1\/3&#8243;][\/vc_column][\/vc_row][vc_row][vc_column][vc_column_text] Las pel\u00edculas de la Selecci\u00f3n Oficial \u00a0y de J\u00f3venes Talentos disponibles tambi\u00e9n en FILMIN No te las pierdas! A partir del 10 de Noviembre puedes ver las pel\u00edculas de la Selecci\u00f3n Oficial y J\u00f3venes Talentos Choreoscope 2017 tambi\u00e9n en FILMIN.\u00a0Descubre nuestro canal AQU\u00cd. [\/vc_column_text][\/vc_column][\/vc_row][vc_row][vc_column][\/vc_column][\/vc_row][vc_row][vc_column width=\u00bb1\/4&#8243;][\/vc_column][vc_column width=\u00bb1\/4&#8243;][vc_column_text]&hellip;<\/p>\n","protected":false},"author":2,"featured_media":0,"parent":0,"menu_order":0,"comment_status":"closed","ping_status":"closed","template":"","meta":[],"_links":{"self":[{"href":"https:\/\/www.choreoscope.com\/ediciones-anteriores\/wp-json\/wp\/v2\/pages\/1382"}],"collection":[{"href":"https:\/\/www.choreoscope.com\/ediciones-anteriores\/wp-json\/wp\/v2\/pages"}],"about":[{"href":"https:\/\/www.choreoscope.com\/ediciones-anteriores\/wp-json\/wp\/v2\/types\/page"}],"author":[{"embeddable":true,"href":"https:\/\/www.choreoscope.com\/ediciones-anteriores\/wp-json\/wp\/v2\/users\/2"}],"replies":[{"embeddable":true,"href":"https:\/\/www.choreoscope.com\/ediciones-anteriores\/wp-json\/wp\/v2\/comments?post=1382"}],"version-history":[{"count":13,"href":"https:\/\/www.choreoscope.com\/ediciones-anteriores\/wp-json\/wp\/v2\/pages\/1382\/revisions"}],"predecessor-version":[{"id":1580,"href":"https:\/\/www.choreoscope.com\/ediciones-anteriores\/wp-json\/wp\/v2\/pages\/1382\/revisions\/1580"}],"wp:attachment":[{"href":"https:\/\/www.choreoscope.com\/ediciones-anteriores\/wp-json\/wp\/v2\/media?parent=1382"}],"curies":[{"name":"wp","href":"https:\/\/api.w.org\/{rel}","templated":true}]}}