{"id":1384,"date":"2017-09-29T21:40:46","date_gmt":"2017-09-29T19:40:46","guid":{"rendered":"https:\/\/www.choreoscope.com\/ediciones-anteriores\/?page_id=1384"},"modified":"2019-01-21T18:34:34","modified_gmt":"2019-01-21T17:34:34","slug":"videojuegos-danza","status":"publish","type":"page","link":"https:\/\/www.choreoscope.com\/ediciones-anteriores\/videojuegos-danza\/","title":{"rendered":"Videojuegos Danza"},"content":{"rendered":"<section class=\"wpb-content-wrapper\"><p>[vc_row][vc_column width=\u00bb1\/6&#8243;][\/vc_column][vc_column width=\u00bb2\/3&#8243;]<div class=\"smile-icon-timeline-wrap csstime   \"     style=\"\"><div class=\"timeline-line \" style=\"border-right-color:;\"><span><\/span><\/div><div class=\"timeline-wrapper\"><\/div><div class=\"timeline-feature-item feat-item feat-top \"><div class=\"feat-dot feat-top\"><div class=\"timeline-dot\"><\/div><\/div><div class=\"ult-timeline-arrow feat-top\"><s><\/s><l><\/l><\/div><div class=\"timeline-icon-block\"><div class=\"ult-timeline-icon tl-icon-no-bg\" style=\"   \"><\/div> <!-- icon --><\/div><div class=\"timeline-header-block\" >\n\t\t\t\t\t\t\t<div class=\"timeline-header\" id=\"timeline-featured-6860\"  style=\"\"><h3\n\t\t\t class=\"ult-timeline-title ult-responsive\"   data-ultimate-target='#timeline-featured-6860 .ult-timeline-title'  data-responsive-json-new='{\"font-size\":\"\",\"line-height\":\"\"}'  style=\"\"><\/h3><div class=\"ult-responsive custom-lht\"  data-ultimate-target='#timeline-featured-6860 .custom-lht'  data-responsive-json-new='{\"font-size\":\"\",\"line-height\":\"\"}'  style=\"\"><img decoding=\"async\" loading=\"lazy\" class=\"aligncenter wp-image-860 size-full\" src=\"https:\/\/www.choreoscope.com\/ediciones-anteriores\/wp-content\/uploads\/2016\/10\/santaMonica.png\" alt=\"santamonica\" width=\"173\" height=\"100\" \/><\/div><\/div> <!-- header --><\/div><\/div><div class=\"timeline-wrapper \"><\/div><div class=\"timeline-feature-item feat-item  \"><div class=\"feat-dot \"><div class=\"timeline-dot\"><\/div><\/div><div class=\"ult-timeline-arrow \"><s><\/s><l><\/l><\/div><div class=\"timeline-icon-block\"><div class=\"ult-timeline-icon tl-icon-no-bg\" style=\"   \"><\/div> <!-- icon --><\/div><div class=\"timeline-header-block\" >\n\t\t\t\t\t\t\t<div class=\"timeline-header\" id=\"timeline-featured-2355\"  style=\"\"><h3\n\t\t\t class=\"ult-timeline-title ult-responsive\"   data-ultimate-target='#timeline-featured-2355 .ult-timeline-title'  data-responsive-json-new='{\"font-size\":\"\",\"line-height\":\"\"}'  style=\"\"><\/h3><div class=\"ult-responsive custom-lht\"  data-ultimate-target='#timeline-featured-2355 .custom-lht'  data-responsive-json-new='{\"font-size\":\"\",\"line-height\":\"\"}'  style=\"\"><\/p>\n<h4 style=\"text-align: center;\">EXPOSICI\u00d3\/EXPOSICI\u00d3N\/EXHIBITION<\/h4>\n<h4 style=\"text-align: center;\">Videojuegos de Danza &#8211; Dance Video Games<\/h4>\n<h5 style=\"text-align: center;\">COMISIONADO POR\u00a0<a href=\"http:\/\/jodeeallen.com\/\" target=\"_blank\" rel=\"noopener\">JODEE ALLEN.<\/a><\/h5>\n<p style=\"text-align: center;\">Con la colaboraci\u00f3n de <a href=\"http:\/\/enti.cat\/es\/\" target=\"_blank\" rel=\"noopener\">ENTI-UB<\/a> y <a href=\"http:\/\/www.international.gouv.qc.ca\/ca\/barcelone\" target=\"_blank\" rel=\"noopener\">Bureau du Qu\u00e9bec \u00e0 Barcelone<\/a>.<\/p>\n<p><strong>Sede<\/strong>: Arts Santa M\u00f2nica<br \/>\n<strong>Fechas<\/strong>: <span style=\"text-decoration: underline;\">del 7 al 19 de noviembre | 11h a 21h<\/span><br \/>\n<strong>Precio<\/strong>: entrada libre<\/p>\n<p><span style=\"color: #ffffff;\">.<\/span><\/p>\n<p style=\"text-align: left;\"><strong>En colaboraci\u00f3n con ENTI-UB (la universidad del videojuego)\u00a0<\/strong>y la complicidad del\u00a0<strong>Bureau du Qu\u00e9bec \u00e0 Barcelone<\/strong>, inauguramos\u00a0<strong>la primera exposici\u00f3n de videojuegos de danza del mundo.\u00a0<\/strong>Esta exposici\u00f3n propone un espacio l\u00fadico-profesional que recorre la historia de este g\u00e9nero y que a su vez expone una selecci\u00f3n de los mejores videojuegos de danza de ayer y de hoy\u00a0<strong>para que los asistentes jueguen y bailen.<\/strong><\/p>\n<p style=\"text-align: right;\"><img decoding=\"async\" loading=\"lazy\" class=\"aligncenter wp-image-1288 size-large\" src=\"https:\/\/www.choreoscope.com\/ediciones-anteriores\/wp-content\/uploads\/2017\/08\/jodee-10-1024x681.jpg\" alt=\"Photo by : Karina Thibault\" width=\"1024\" height=\"681\" srcset=\"https:\/\/www.choreoscope.com\/ediciones-anteriores\/wp-content\/uploads\/2017\/08\/jodee-10-1024x681.jpg 1024w, https:\/\/www.choreoscope.com\/ediciones-anteriores\/wp-content\/uploads\/2017\/08\/jodee-10-300x200.jpg 300w, https:\/\/www.choreoscope.com\/ediciones-anteriores\/wp-content\/uploads\/2017\/08\/jodee-10-768x511.jpg 768w, https:\/\/www.choreoscope.com\/ediciones-anteriores\/wp-content\/uploads\/2017\/08\/jodee-10.jpg 1936w\" sizes=\"(max-width: 1024px) 100vw, 1024px\" \/>im\u00e1genes JoDee Allen por: Allen\u00a0Karina Thibault<\/p>\n<p style=\"text-align: left;\">Estamos acostumbrados a pensar que los videojuegos\u00a0son de naturaleza sedentaria pero el nacimiento reciente de los videojuegos gestuales \u2013con sensores del movimiento e interfaces t\u00e1ctiles- rompe de pleno con esta concepci\u00f3n. El <strong>enorme atractivo de los videojuegos de danza<\/strong> y las nuevas posibilidades interactivas que ofrecen hacen de este nuevo g\u00e9nero uno con much\u00edsimo potencial. Todos hemos bailado alguna vez sobre una <em>Pump it up<\/em> o hemos o\u00eddo hablar de <em>Just Dance <\/em>pero\u2026 <strong>\u00bfcu\u00e1l es su historia?<\/strong><\/p>\n<p style=\"text-align: left;\"><strong>En colaboraci\u00f3n con ENTI-UB (la universidad del videojuego)<\/strong> y del <strong>Bureau du Qu\u00e9bec \u00e0 Barcelone<\/strong>, inauguramos<strong> la primera exposici\u00f3n de videojuegos de danza del mundo.<\/strong> Esta exposici\u00f3n propone un espacio l\u00fadico-profesional que recorre la historia de este g\u00e9nero y que a su vez expone una selecci\u00f3n de los mejores videojuegos de danza de ayer y de hoy.<\/p>\n<p style=\"text-align: left;\"><strong>JoDee Allen<\/strong> tiene una m\u00e1ster de la Universidad de Concordia y viene de una pr\u00e1ctica art\u00edstica fuerte como core\u00f3grafa y bailarina. Su investigaci\u00f3n actual explora las intersecciones de los juegos digitales basados en el gesto, las danzas callejeras competitivas y las pr\u00e1cticas de juegos sociales.<\/p>\n<p style=\"text-align: left;\"><span style=\"color: #ffffff;\">.<\/span><\/p>\n<hr \/>\n<p style=\"text-align: left;\"><span style=\"color: #ffffff;\">.<\/span><\/p>\n<p style=\"text-align: left;\"><em>Video games are often perceived as a highly mediated form of play and generally sedentary in nature. The recent birth of gesture video gaming breaks down these misconceptions &#8211; these games get people moving!\u00a0 Gesture-based video games have doubly the potential to inspire because of their enormously broad appeal. From Dance Dance Revolution to Dance Central gesture games deliver a considerably easier learning curve than navigating a multi-buttoned controller but they have also become this genre\u2019s greatest design limitation: see an action on screen &#8211; mimic the action with your body. This Arcade is a carefully conceived reconfiguration of an habitual arcade experience, bringing together alternative dance games that push the boundary of the form juxtaposed alongside popular dance games made for gesture and mobile consoles.\u00a0The sum of these experiences is a playful appraisal of public gaming arcades as a site for dance performance that investigates the coding of dance for video games and its reinscription on the gamer\u2019s body.<\/em><\/p>\n<p style=\"text-align: left;\"><em><strong>JoDee Allen<\/strong> has a master\u2019s degree from Concordia University and comes from a strong artistic practice as a choreographer and dancer. Her current research explores the intersections of\u00a0gesture-based digital gaming, competitive street dances and social game play practices.<\/em><\/p>\n<p><\/div><\/div> <!-- header --><\/div><\/div><div class=\"timeline-wrapper \"><\/div><div class=\"timeline-feature-item feat-item  \"><div class=\"feat-dot \"><div class=\"timeline-dot\"><\/div><\/div><div class=\"ult-timeline-arrow \"><s><\/s><l><\/l><\/div><div class=\"timeline-icon-block\"><div class=\"ult-timeline-icon tl-icon-no-bg\" style=\"   \"><\/div> <!-- icon --><\/div><div class=\"timeline-header-block\" >\n\t\t\t\t\t\t\t<div class=\"timeline-header\" id=\"timeline-featured-6666\"  style=\"\"><h3\n\t\t\t class=\"ult-timeline-title ult-responsive\"   data-ultimate-target='#timeline-featured-6666 .ult-timeline-title'  data-responsive-json-new='{\"font-size\":\"\",\"line-height\":\"\"}'  style=\"\">ENTI-UB<\/h3><div class=\"ult-responsive custom-lht\"  data-ultimate-target='#timeline-featured-6666 .custom-lht'  data-responsive-json-new='{\"font-size\":\"\",\"line-height\":\"\"}'  style=\"\"><\/p>\n<div><i><img decoding=\"async\" loading=\"lazy\" class=\"size-medium wp-image-1300 aligncenter\" src=\"https:\/\/www.choreoscope.com\/ediciones-anteriores\/wp-content\/uploads\/2017\/08\/foto-enti-300x200.png\" alt=\"foto enti\" width=\"300\" height=\"200\" srcset=\"https:\/\/www.choreoscope.com\/ediciones-anteriores\/wp-content\/uploads\/2017\/08\/foto-enti-300x200.png 300w, https:\/\/www.choreoscope.com\/ediciones-anteriores\/wp-content\/uploads\/2017\/08\/foto-enti-768x512.png 768w, https:\/\/www.choreoscope.com\/ediciones-anteriores\/wp-content\/uploads\/2017\/08\/foto-enti-1024x683.png 1024w, https:\/\/www.choreoscope.com\/ediciones-anteriores\/wp-content\/uploads\/2017\/08\/foto-enti.png 2048w\" sizes=\"(max-width: 300px) 100vw, 300px\" \/><\/i><\/div>\n<div style=\"text-align: justify;\">\u00ab<strong>La Escuela de Nuevas Tecnolog\u00edas Interactivas de la Universitat de Barcelona (ENTI-UB)<\/strong> naci\u00f3 de un deseo y una necesidad:\u00a0el deseo de poder compartir en Barcelona los estudios y la formaci\u00f3n que las mejores universidades del mundo ya est\u00e1n llevando a cabo, y la necesidad de contribuir al incipiente cluster del Videojuego, el Juego Aplicado (Serious Games) y la \u00abThemed Entertainment\u00bb de nuestra ciudad con los mejores creativos y profesionales. Prueba de ello fueron el dise\u00f1o y la implementaci\u00f3n de titulaciones pioneras en Catalunya como el primer Grado en Programaci\u00f3n de Videojuegos y Juegos Aplicados (Contenidos Digitales Interactivos) en 2013, el de Producci\u00f3n Art\u00edstica para Videojuegos en 2015 o los recientes programas de M\u00e1ster en Emprendimiento Digital y M\u00fasica para el Sector Entretenimiento (2017), entre otros tantos como nuestros ciclos de grado superior en estas mismas ramas.<\/div>\n<div style=\"text-align: justify;\"><\/div>\n<div style=\"text-align: justify;\">Nuestros estudiantes aprenden a conceptualizar, dise\u00f1ar, producir y gestionar Videojuegos y Juegos Aplicados.\u00a0Siempre pensando en todo el alcance de mercado posible y por tanto orient\u00e1ndolo a toda disciplina final (Entretenimiento Puro, Arquitectura, Salud, Deporte, Educaci\u00f3n, Comunicaci\u00f3n, Fisioterapia, etc.), as\u00ed como para todo formato existente, ya sea anal\u00f3gico o digital (PC, Mac, Smartphone, Tableta, Consola, Cine, V\u00eddeo, M\u00fasica).<\/div>\n<div style=\"text-align: justify;\"><\/div>\n<div>\n<div style=\"text-align: justify;\">En ENTI-UB se trabaja con\u00a0ambos hemisferios, derecho e izquierdo, emergiendo como guerreros y guerreras del conocimiento\u00a0riguroso, cient\u00edfico y aplicado que os prometemos desde la UB. Siempre en base a\u00a0los mismos roles\u00a0que requiere la industria, generando proyectos, internacionalizando y\u00a0emprendiendo. Todo desde el primer curso, el primer d\u00eda, el primer minuto. Un 50% de la poblaci\u00f3n del primer mundo juega\u00a0a videojuegos. Y alguien tiene que hacerlos.\u00bb<\/div>\n<\/div>\n<p><\/div><\/div> <!-- header --><\/div><\/div><div class=\"timeline-wrapper \"><\/div><\/div>[\/vc_column][vc_column width=\u00bb1\/6&#8243;][\/vc_column][\/vc_row]<\/p>\n<\/section>","protected":false},"excerpt":{"rendered":"<p>[vc_row][vc_column width=\u00bb1\/6&#8243;][\/vc_column][vc_column width=\u00bb2\/3&#8243;][\/vc_column][vc_column width=\u00bb1\/6&#8243;][\/vc_column][\/vc_row]<\/p>\n","protected":false},"author":2,"featured_media":0,"parent":0,"menu_order":0,"comment_status":"closed","ping_status":"closed","template":"","meta":[],"_links":{"self":[{"href":"https:\/\/www.choreoscope.com\/ediciones-anteriores\/wp-json\/wp\/v2\/pages\/1384"}],"collection":[{"href":"https:\/\/www.choreoscope.com\/ediciones-anteriores\/wp-json\/wp\/v2\/pages"}],"about":[{"href":"https:\/\/www.choreoscope.com\/ediciones-anteriores\/wp-json\/wp\/v2\/types\/page"}],"author":[{"embeddable":true,"href":"https:\/\/www.choreoscope.com\/ediciones-anteriores\/wp-json\/wp\/v2\/users\/2"}],"replies":[{"embeddable":true,"href":"https:\/\/www.choreoscope.com\/ediciones-anteriores\/wp-json\/wp\/v2\/comments?post=1384"}],"version-history":[{"count":16,"href":"https:\/\/www.choreoscope.com\/ediciones-anteriores\/wp-json\/wp\/v2\/pages\/1384\/revisions"}],"predecessor-version":[{"id":2052,"href":"https:\/\/www.choreoscope.com\/ediciones-anteriores\/wp-json\/wp\/v2\/pages\/1384\/revisions\/2052"}],"wp:attachment":[{"href":"https:\/\/www.choreoscope.com\/ediciones-anteriores\/wp-json\/wp\/v2\/media?parent=1384"}],"curies":[{"name":"wp","href":"https:\/\/api.w.org\/{rel}","templated":true}]}}