{"id":1460,"date":"2017-10-03T18:05:47","date_gmt":"2017-10-03T16:05:47","guid":{"rendered":"https:\/\/www.choreoscope.com\/ediciones-anteriores\/?page_id=1460"},"modified":"2019-01-21T18:31:41","modified_gmt":"2019-01-21T17:31:41","slug":"bolshoi-babylon","status":"publish","type":"page","link":"https:\/\/www.choreoscope.com\/ediciones-anteriores\/bolshoi-babylon\/","title":{"rendered":"Bolshoi Babylon"},"content":{"rendered":"<section class=\"wpb-content-wrapper\"><p>[vc_row][vc_column width=\u00bb1\/6&#8243;][\/vc_column][vc_column width=\u00bb2\/3&#8243;]<div class=\"smile-icon-timeline-wrap csstime   \"     style=\"\"><div class=\"timeline-line \" style=\"border-right-color:;\"><span><\/span><\/div><div class=\"timeline-wrapper\"><\/div><div class=\"timeline-feature-item feat-item feat-top \"><div class=\"feat-dot feat-top\"><div class=\"timeline-dot\"><\/div><\/div><div class=\"ult-timeline-arrow feat-top\"><s><\/s><l><\/l><\/div><div class=\"timeline-icon-block\"><div class=\"ult-timeline-icon tl-icon-no-bg\" style=\"   \"><\/div> <!-- icon --><\/div><div class=\"timeline-header-block\" >\n\t\t\t\t\t\t\t<div class=\"timeline-header\" id=\"timeline-featured-6652\"  style=\"\"><h3\n\t\t\t class=\"ult-timeline-title ult-responsive\"   data-ultimate-target='#timeline-featured-6652 .ult-timeline-title'  data-responsive-json-new='{\"font-size\":\"\",\"line-height\":\"\"}'  style=\"\"><\/h3><div class=\"ult-responsive custom-lht\"  data-ultimate-target='#timeline-featured-6652 .custom-lht'  data-responsive-json-new='{\"font-size\":\"\",\"line-height\":\"\"}'  style=\"\"><img decoding=\"async\" loading=\"lazy\" class=\"aligncenter wp-image-853 size-full\" src=\"https:\/\/www.choreoscope.com\/ediciones-anteriores\/wp-content\/uploads\/2016\/10\/filmoteca.png\" alt=\"filmoteca\" width=\"277\" height=\"100\" \/><\/div><\/div> <!-- header --><\/div><\/div><div class=\"timeline-wrapper \"><\/div><div class=\"timeline-feature-item feat-item  \"><div class=\"feat-dot \"><div class=\"timeline-dot\"><\/div><\/div><div class=\"ult-timeline-arrow \"><s><\/s><l><\/l><\/div><div class=\"timeline-icon-block\"><div class=\"ult-timeline-icon tl-icon-no-bg\" style=\"   \"><\/div> <!-- icon --><\/div><div class=\"timeline-header-block\" >\n\t\t\t\t\t\t\t<div class=\"timeline-header\" id=\"timeline-featured-4563\"  style=\"\"><h3\n\t\t\t class=\"ult-timeline-title ult-responsive\"   data-ultimate-target='#timeline-featured-4563 .ult-timeline-title'  data-responsive-json-new='{\"font-size\":\"\",\"line-height\":\"\"}'  style=\"\">Sesi\u00f3n Inaugural: BOLSHOI BABYLON<\/h3><div class=\"ult-responsive custom-lht\"  data-ultimate-target='#timeline-featured-4563 .custom-lht'  data-responsive-json-new='{\"font-size\":\"\",\"line-height\":\"\"}'  style=\"\"><\/p>\n<p class=\"p1\" style=\"text-align: center;\"><strong>Sede<\/strong>: Filmoteca de Catalunya<br \/>\n<strong>Documental. Estreno Espa\u00f1a:\u00a0<\/strong><span style=\"text-decoration: underline;\">Mi\u00e9rcoles 8 de noviembre | 20h<\/span><br \/>\n<strong>Precio<\/strong>: <a href=\"http:\/\/www.filmoteca.cat\/web\/entrades-i-abonaments\/entrades\" target=\"_blank\" rel=\"noopener\">www.filmoteca.cat\/web\/entrades-i-abonaments\/entrades<\/a><\/p>\n<p style=\"text-align: left;\"><img decoding=\"async\" loading=\"lazy\" class=\"aligncenter wp-image-1336 size-large\" src=\"https:\/\/www.choreoscope.com\/ediciones-anteriores\/wp-content\/uploads\/2017\/09\/Bolshoi_Babylon-1024x422.jpg\" alt=\"Bolshoi_Babylon\" width=\"1024\" height=\"422\" srcset=\"https:\/\/www.choreoscope.com\/ediciones-anteriores\/wp-content\/uploads\/2017\/09\/Bolshoi_Babylon-1024x422.jpg 1024w, https:\/\/www.choreoscope.com\/ediciones-anteriores\/wp-content\/uploads\/2017\/09\/Bolshoi_Babylon-300x124.jpg 300w, https:\/\/www.choreoscope.com\/ediciones-anteriores\/wp-content\/uploads\/2017\/09\/Bolshoi_Babylon-768x317.jpg 768w\" sizes=\"(max-width: 1024px) 100vw, 1024px\" \/>RU, 2015, 1h 26\u2019<\/p>\n<p style=\"text-align: left;\"><strong>Director:<\/strong>\u00a0Nick Read, Marc Franchetti<br \/>\n<strong>Coreograf\u00eda:<\/strong>\u00a0Bolshoi Ballet<\/p>\n<p class=\"p1\" style=\"text-align: left;\"><strong>Sinopsis:<\/strong><\/p>\n<p class=\"p1\" style=\"text-align: left;\">Un a\u00f1o en el c\u00e9lebre Teatro de Ballet Bolshoi. Dirigido por Nick Read y Mark Franchetti y de los productores de &#8216;Man on Wire&#8217; y &#8216;Searching for Sugar Man&#8217;, el documental se adentra entre las bambalinas de la danza de una forma singular, donde se puede ver el <strong>alto nivel competitivo<\/strong> y c\u00f3mo <strong>las ambiciones pueden provocar enemistades y desconfianzas.<\/strong> En 2013, Sergei Filin, el director del ballet, sufri\u00f3 <strong>un ataque con \u00e1cido,<\/strong> destapando enredos y episodios oscuros que esconden el backstage de la famosa compa\u00f1\u00eda. Cada implicado en el caso contar\u00e1 su versi\u00f3n de los hechos, dejando <strong>una conclusi\u00f3n intrigante.<\/strong> Bolshoi Babylon se estren\u00f3 en el Toronto International Film Festival y cuenta con <strong>dos nominaciones a los Premios Emmy.<\/strong><\/p>\n<p class=\"p1\" style=\"text-align: left;\"><span style=\"color: #ffffff;\">.<\/span><\/p>\n<hr \/>\n<p class=\"p1\" style=\"text-align: left;\"><span style=\"color: #ffffff;\">.<\/span><\/p>\n<p class=\"p1\" style=\"text-align: left;\"><em>A year in the\u00a0world famous Bolshoi Ballet Theater. Directed by Nick Read and Mark Franchetti and from the producers of &#8216;Man on Wire&#8217; and &#8216;Searching for Sugar Man&#8217;, the documentary\u00a0enters the ballet world in a unique way, where you can see the high competition level and how ambitions can provoke enmity and mistrust. In 2013 Sergei Filin, the director of the Bolshoi, suffered an acid attack, uncovering entanglements and dark episodes that hide the backstage of the famous company. Each involved in the case will tell their version of the facts, leaving an intriguing conclusion. Bolshoi Babylon premiered at the Toronto International Film Festival and has two Emmy Award nominations.<\/em><\/p>\n<p><\/div><\/div> <!-- header --><\/div><\/div><div class=\"timeline-wrapper \"><\/div><\/div>[vc_raw_html]JTNDaWZyYW1lJTIwc3JjJTNEJTIyaHR0cHMlM0ElMkYlMkZwbGF5ZXIudmltZW8uY29tJTJGdmlkZW8lMkYxNDUyNjU0MDQlM0ZhdXRvcGxheSUzRDElMjZsb29wJTNEMSUyNnRpdGxlJTNEMCUyNmJ5bGluZSUzRDAlMjZwb3J0cmFpdCUzRDAlMjIlMjB3aWR0aCUzRCUyMjgwMCUyMiUyMGhlaWdodCUzRCUyMjQ1MCUyMiUyMGZyYW1lYm9yZGVyJTNEJTIyMCUyMiUyMHdlYmtpdGFsbG93ZnVsbHNjcmVlbiUyMG1vemFsbG93ZnVsbHNjcmVlbiUyMGFsbG93ZnVsbHNjcmVlbiUzRSUzQyUyRmlmcmFtZSUzRQ==[\/vc_raw_html][\/vc_column][vc_column width=\u00bb1\/6&#8243;][\/vc_column][\/vc_row]<\/p>\n<\/section>","protected":false},"excerpt":{"rendered":"<p>[vc_row][vc_column width=\u00bb1\/6&#8243;][\/vc_column][vc_column width=\u00bb2\/3&#8243;][vc_raw_html]JTNDaWZyYW1lJTIwc3JjJTNEJTIyaHR0cHMlM0ElMkYlMkZwbGF5ZXIudmltZW8uY29tJTJGdmlkZW8lMkYxNDUyNjU0MDQlM0ZhdXRvcGxheSUzRDElMjZsb29wJTNEMSUyNnRpdGxlJTNEMCUyNmJ5bGluZSUzRDAlMjZwb3J0cmFpdCUzRDAlMjIlMjB3aWR0aCUzRCUyMjgwMCUyMiUyMGhlaWdodCUzRCUyMjQ1MCUyMiUyMGZyYW1lYm9yZGVyJTNEJTIyMCUyMiUyMHdlYmtpdGFsbG93ZnVsbHNjcmVlbiUyMG1vemFsbG93ZnVsbHNjcmVlbiUyMGFsbG93ZnVsbHNjcmVlbiUzRSUzQyUyRmlmcmFtZSUzRQ==[\/vc_raw_html][\/vc_column][vc_column width=\u00bb1\/6&#8243;][\/vc_column][\/vc_row]<\/p>\n","protected":false},"author":2,"featured_media":0,"parent":0,"menu_order":0,"comment_status":"closed","ping_status":"closed","template":"","meta":[],"_links":{"self":[{"href":"https:\/\/www.choreoscope.com\/ediciones-anteriores\/wp-json\/wp\/v2\/pages\/1460"}],"collection":[{"href":"https:\/\/www.choreoscope.com\/ediciones-anteriores\/wp-json\/wp\/v2\/pages"}],"about":[{"href":"https:\/\/www.choreoscope.com\/ediciones-anteriores\/wp-json\/wp\/v2\/types\/page"}],"author":[{"embeddable":true,"href":"https:\/\/www.choreoscope.com\/ediciones-anteriores\/wp-json\/wp\/v2\/users\/2"}],"replies":[{"embeddable":true,"href":"https:\/\/www.choreoscope.com\/ediciones-anteriores\/wp-json\/wp\/v2\/comments?post=1460"}],"version-history":[{"count":10,"href":"https:\/\/www.choreoscope.com\/ediciones-anteriores\/wp-json\/wp\/v2\/pages\/1460\/revisions"}],"predecessor-version":[{"id":2144,"href":"https:\/\/www.choreoscope.com\/ediciones-anteriores\/wp-json\/wp\/v2\/pages\/1460\/revisions\/2144"}],"wp:attachment":[{"href":"https:\/\/www.choreoscope.com\/ediciones-anteriores\/wp-json\/wp\/v2\/media?parent=1460"}],"curies":[{"name":"wp","href":"https:\/\/api.w.org\/{rel}","templated":true}]}}