{"id":1552,"date":"2017-10-20T11:44:38","date_gmt":"2017-10-20T09:44:38","guid":{"rendered":"https:\/\/www.choreoscope.com\/ediciones-anteriores\/?page_id=1552"},"modified":"2019-01-21T18:45:58","modified_gmt":"2019-01-21T17:45:58","slug":"test","status":"publish","type":"page","link":"https:\/\/www.choreoscope.com\/ediciones-anteriores\/test\/","title":{"rendered":"Test"},"content":{"rendered":"<section class=\"wpb-content-wrapper\"><p>[vc_row][vc_column width=\u00bb1\/3&#8243;][\/vc_column][vc_column width=\u00bb1\/3&#8243;][vc_single_image image=\u00bb1571&#8243; img_size=\u00bbfull\u00bb alignment=\u00bbcenter\u00bb][\/vc_column][vc_column width=\u00bb1\/3&#8243;][\/vc_column][\/vc_row][vc_row][vc_column width=\u00bb1\/4&#8243;][vc_single_image image=\u00bb853&#8243; img_size=\u00bbfull\u00bb alignment=\u00bbcenter\u00bb][\/vc_column][vc_column width=\u00bb1\/4&#8243;][vc_single_image image=\u00bb1595&#8243; img_size=\u00bb157\u2006\u00d7\u200695&#8243; alignment=\u00bbcenter\u00bb][\/vc_column][vc_column width=\u00bb1\/4&#8243;][vc_single_image image=\u00bb1572&#8243; img_size=\u00bb200&#215;110&#8243; alignment=\u00bbcenter\u00bb][\/vc_column][vc_column width=\u00bb1\/4&#8243;][vc_single_image image=\u00bb852&#8243; img_size=\u00bb200&#215;110&#8243; alignment=\u00bbcenter\u00bb][\/vc_column][\/vc_row][vc_row][vc_column width=\u00bb1\/6&#8243;][\/vc_column][vc_column width=\u00bb2\/3&#8243;]<div class=\"smile-icon-timeline-wrap csstime   \"     style=\"\"><div class=\"timeline-line \" style=\"border-right-color:;\"><span><\/span><\/div><div class=\"timeline-wrapper\"><\/div><div class=\"timeline-feature-item feat-item  \"><div class=\"feat-dot \"><div class=\"timeline-dot\"><\/div><\/div><div class=\"ult-timeline-arrow \"><s><\/s><l><\/l><\/div><div class=\"timeline-icon-block\"><div class=\"ult-timeline-icon tl-icon-no-bg\" style=\"   \"><\/div> <!-- icon --><\/div><div class=\"timeline-header-block\" >\n\t\t\t\t\t\t\t<div class=\"timeline-header\" id=\"timeline-featured-8388\"  style=\"\"><h3\n\t\t\t class=\"ult-timeline-title ult-responsive\"   data-ultimate-target='#timeline-featured-8388 .ult-timeline-title'  data-responsive-json-new='{\"font-size\":\"\",\"line-height\":\"\"}'  style=\"\">EVENTO ESPECIAL: TEST<\/h3><div class=\"ult-responsive custom-lht\"  data-ultimate-target='#timeline-featured-8388 .custom-lht'  data-responsive-json-new='{\"font-size\":\"\",\"line-height\":\"\"}'  style=\"\"><\/p>\n<p class=\"p1\" style=\"text-align: center;\"><strong>Sede<\/strong>: Filmoteca de Catalunya<br \/>\n<strong>Ficci\u00f3n. <\/strong><span style=\"text-decoration: underline;\">Viernes 1 de diciembre | 19.30h<\/span><br \/>\n<strong>Precio:\u00a0entrada libre.<\/strong> Evento dedicado a recaudar fondos para la Fundaci\u00f3 Cl\u00ednic<\/p>\n<p class=\"p1\" style=\"text-align: center;\">Adem\u00e1s, <strong>Filmin destinar\u00e1<\/strong> a la causa<strong> todos los beneficios obtenidos por el visionado de obras LGBT<\/strong> durante el 1 de diciembre<\/p>\n<p style=\"text-align: left;\"><img decoding=\"async\" loading=\"lazy\" class=\"aligncenter wp-image-1562 size-large\" src=\"https:\/\/www.choreoscope.com\/ediciones-anteriores\/wp-content\/uploads\/2017\/10\/test6-1024x576.jpg\" alt=\"test6\" width=\"1024\" height=\"576\" srcset=\"https:\/\/www.choreoscope.com\/ediciones-anteriores\/wp-content\/uploads\/2017\/10\/test6-1024x576.jpg 1024w, https:\/\/www.choreoscope.com\/ediciones-anteriores\/wp-content\/uploads\/2017\/10\/test6-300x169.jpg 300w, https:\/\/www.choreoscope.com\/ediciones-anteriores\/wp-content\/uploads\/2017\/10\/test6-768x432.jpg 768w, https:\/\/www.choreoscope.com\/ediciones-anteriores\/wp-content\/uploads\/2017\/10\/test6.jpg 1555w\" sizes=\"(max-width: 1024px) 100vw, 1024px\" \/>EUA, 2013, 1h 29\u2019<\/p>\n<p style=\"text-align: left;\"><strong>Director:<\/strong>\u00a0Chris Mason Johnson<br \/>\n<strong>Coreograf\u00eda:<\/strong>\u00a0Sidra Bell<\/p>\n<p class=\"p1\" style=\"text-align: left;\"><span style=\"color: #ffffff;\"><b>.<\/b><\/span><\/p>\n<p style=\"text-align: left;\"><strong>Choreoscope<\/strong>, en colaboraci\u00f3n con\u00a0<strong>Fire!!<\/strong>\u00a0(Muestra Internacional de Cine Gay y L\u00e9sbico de Barcelona)\u00a0y\u00a0con\u00a0la participaci\u00f3n de la\u00a0<strong>Filmoteca de Catalunya\u00a0<\/strong>y\u00a0<strong>FILMIN<\/strong>,<strong>\u00a0<\/strong>presenta una proyecci\u00f3n muy especial:\u00a0<strong><em>TEST<\/em>.\u00a0<\/strong><\/p>\n<p style=\"text-align: left;\">Esta proyecci\u00f3n ben\u00e9fica, que tendr\u00e1 lugar el\u00a0<strong>1 de diciembre, d\u00eda mundial contra el SIDA,<\/strong>\u00a0est\u00e1\u00a0enfocada a fomentar el di\u00e1logo, a concienciar y a\u00a0crear esperanza alrededor de una de las enfermedades m\u00e1s mort\u00edferas de nuestros tiempos: el VIH y el SIDA. El objetivo es recaudar fondos para\u00a0la investigaci\u00f3n y prevenci\u00f3n del VIH y del SIDA. Los fondos ir\u00e1n destinados a la\u00a0<strong>Fundaci\u00f3 Clinic de Barcelona.<\/strong><\/p>\n<p style=\"text-align: left;\"><span style=\"color: #ffffff;\">.<\/span><strong><em>\u00a0<\/em><\/strong><\/p>\n<p style=\"text-align: left;\"><em><strong>Sinopsis:<\/strong> Frankie es el nuevo miembro de la compa\u00f1\u00eda de danza contempor\u00e1nea m\u00e1s apasionante de San Francisco. Algunos de los bailarines, abiertamente homosexuales entre el resto de sus compa\u00f1eros de escenario, <strong>comienzan a sentir el rechazo<\/strong> con peque\u00f1os detalles como ser evitados ante un contacto f\u00edsico directo o ser acusados de padecer enfermedades que compart\u00edan s\u00edntomas con el SIDA, como por ejemplo un resfriado com\u00fan. Frankie, menospreciado por sus compa\u00f1eros, entabla amistad con Todd, un veterano de la compa\u00f1\u00eda. Cuando su amistad se vuelve m\u00e1s profunda, <strong>los dos se enfrentar\u00e1n al test de esa nueva enfermedad de la que nadie parece saber nada<\/strong> excepto de a qu\u00e9 comunidad ataca.\u00a0<\/em><\/p>\n<p style=\"text-align: left;\"><span style=\"color: #ffffff;\">.<\/span><\/p>\n<p style=\"text-align: left;\">Dirigida por <strong>Chris Mason Johnson<\/strong>, esta pel\u00edcula est\u00e1 ambientada en la ciudad de <strong>San Francisco en el a\u00f1o 1985<\/strong>. Se\u00a0sit\u00faa en el\u00a0<strong>clima hostil en el que los homosexuales vivieron tras la aparici\u00f3n del SIDA\u00a0<\/strong>en Estados Unidos y en la psicosis en la que deriv\u00f3 la transmisi\u00f3n de la enfermedad.\u00a0<strong><em>Test\u00a0<\/em><\/strong>explota sus puntos fuertes cuando indaga sobre <strong>la ignorancia de las v\u00edas de transmisi\u00f3n del SIDA<\/strong>, ignorancia que en su momento provoc\u00f3 un enorme estigma social acompa\u00f1ado de una caza de brujas que casi lleg\u00f3 a colocar estrellas rosas entre los homosexuales.<br \/>\nSe estren\u00f3 en el Festival Internacional de Cine de Seattle,\u00a0gan\u00f3 dos Premios del Jurado en Outfest (Los \u00c1ngeles), tuvo su\u00a0<strong>estreno europeo en la Berlinale\u00a0<\/strong>y recibi\u00f3 excelentes elogios de la cr\u00edtica: \u201cSi alguna vez\u00a0ha habido una pel\u00edcula contempor\u00e1nea que ilumina por qu\u00e9 el cine\u00a0<em>queer\u00a0<\/em>todav\u00eda importa, es \u00e9sta.\u201d (Film Comment).\u00a0<strong><em>Test<\/em>\u00a0<\/strong>fue nominada recientemente para un Premio Independent Spirit John Cassavetes.<\/p>\n<p><\/div><\/div> <!-- header --><\/div><\/div><div class=\"timeline-wrapper \"><\/div><\/div>[vc_raw_html]JTNDaWZyYW1lJTIwc3JjJTNEJTIyaHR0cHMlM0ElMkYlMkZwbGF5ZXIudmltZW8uY29tJTJGdmlkZW8lMkYyMzk0NDg1NjYlM0ZhdXRvcGxheSUzRDElMjZsb29wJTNEMSUyMiUyMHdpZHRoJTNEJTIyODAwJTIyJTIwaGVpZ2h0JTNEJTIyNDUwJTIyJTIwZnJhbWVib3JkZXIlM0QlMjIwJTIyJTIwd2Via2l0YWxsb3dmdWxsc2NyZWVuJTIwbW96YWxsb3dmdWxsc2NyZWVuJTIwYWxsb3dmdWxsc2NyZWVuJTNFJTNDJTJGaWZyYW1lJTNF[\/vc_raw_html][\/vc_column][vc_column width=\u00bb1\/6&#8243;][\/vc_column][\/vc_row]<\/p>\n<\/section>","protected":false},"excerpt":{"rendered":"<p>[vc_row][vc_column width=\u00bb1\/3&#8243;][\/vc_column][vc_column width=\u00bb1\/3&#8243;][vc_single_image image=\u00bb1571&#8243; img_size=\u00bbfull\u00bb alignment=\u00bbcenter\u00bb][\/vc_column][vc_column width=\u00bb1\/3&#8243;][\/vc_column][\/vc_row][vc_row][vc_column width=\u00bb1\/4&#8243;][vc_single_image image=\u00bb853&#8243; img_size=\u00bbfull\u00bb alignment=\u00bbcenter\u00bb][\/vc_column][vc_column width=\u00bb1\/4&#8243;][vc_single_image image=\u00bb1595&#8243; img_size=\u00bb157\u2006\u00d7\u200695&#8243; alignment=\u00bbcenter\u00bb][\/vc_column][vc_column width=\u00bb1\/4&#8243;][vc_single_image image=\u00bb1572&#8243; img_size=\u00bb200&#215;110&#8243; alignment=\u00bbcenter\u00bb][\/vc_column][vc_column width=\u00bb1\/4&#8243;][vc_single_image image=\u00bb852&#8243; img_size=\u00bb200&#215;110&#8243; alignment=\u00bbcenter\u00bb][\/vc_column][\/vc_row][vc_row][vc_column width=\u00bb1\/6&#8243;][\/vc_column][vc_column width=\u00bb2\/3&#8243;][vc_raw_html]JTNDaWZyYW1lJTIwc3JjJTNEJTIyaHR0cHMlM0ElMkYlMkZwbGF5ZXIudmltZW8uY29tJTJGdmlkZW8lMkYyMzk0NDg1NjYlM0ZhdXRvcGxheSUzRDElMjZsb29wJTNEMSUyMiUyMHdpZHRoJTNEJTIyODAwJTIyJTIwaGVpZ2h0JTNEJTIyNDUwJTIyJTIwZnJhbWVib3JkZXIlM0QlMjIwJTIyJTIwd2Via2l0YWxsb3dmdWxsc2NyZWVuJTIwbW96YWxsb3dmdWxsc2NyZWVuJTIwYWxsb3dmdWxsc2NyZWVuJTNFJTNDJTJGaWZyYW1lJTNF[\/vc_raw_html][\/vc_column][vc_column width=\u00bb1\/6&#8243;][\/vc_column][\/vc_row]<\/p>\n","protected":false},"author":2,"featured_media":0,"parent":0,"menu_order":0,"comment_status":"closed","ping_status":"closed","template":"","meta":[],"_links":{"self":[{"href":"https:\/\/www.choreoscope.com\/ediciones-anteriores\/wp-json\/wp\/v2\/pages\/1552"}],"collection":[{"href":"https:\/\/www.choreoscope.com\/ediciones-anteriores\/wp-json\/wp\/v2\/pages"}],"about":[{"href":"https:\/\/www.choreoscope.com\/ediciones-anteriores\/wp-json\/wp\/v2\/types\/page"}],"author":[{"embeddable":true,"href":"https:\/\/www.choreoscope.com\/ediciones-anteriores\/wp-json\/wp\/v2\/users\/2"}],"replies":[{"embeddable":true,"href":"https:\/\/www.choreoscope.com\/ediciones-anteriores\/wp-json\/wp\/v2\/comments?post=1552"}],"version-history":[{"count":17,"href":"https:\/\/www.choreoscope.com\/ediciones-anteriores\/wp-json\/wp\/v2\/pages\/1552\/revisions"}],"predecessor-version":[{"id":2057,"href":"https:\/\/www.choreoscope.com\/ediciones-anteriores\/wp-json\/wp\/v2\/pages\/1552\/revisions\/2057"}],"wp:attachment":[{"href":"https:\/\/www.choreoscope.com\/ediciones-anteriores\/wp-json\/wp\/v2\/media?parent=1552"}],"curies":[{"name":"wp","href":"https:\/\/api.w.org\/{rel}","templated":true}]}}