{"id":1667,"date":"2018-06-22T18:26:33","date_gmt":"2018-06-22T16:26:33","guid":{"rendered":"https:\/\/www.choreoscope.com\/ediciones-anteriores\/?page_id=1667"},"modified":"2019-02-19T17:25:53","modified_gmt":"2019-02-19T16:25:53","slug":"workshop","status":"publish","type":"page","link":"https:\/\/www.choreoscope.com\/ediciones-anteriores\/workshop\/","title":{"rendered":"Cunningham Workshop"},"content":{"rendered":"<section class=\"wpb-content-wrapper\"><p>[vc_row][vc_column][vc_single_image image=\u00bb1814&#8243; img_size=\u00bbfull\u00bb alignment=\u00bbcenter\u00bb]<div class=\"ult-spacer spacer-69e347ae3aca5\" data-id=\"69e347ae3aca5\" data-height=\"40\" data-height-mobile=\"40\" data-height-tab=\"40\" data-height-tab-portrait=\"\" data-height-mobile-landscape=\"\" style=\"clear:both;display:block;\"><\/div><div class=\"dt-fancy-separator h3-size accent-title-color\" style=\"width: 100%;\"><div class=\"dt-fancy-title\"><span class=\"separator-holder separator-left\"><\/span>4 EVENTS<span class=\"separator-holder separator-right\"><\/span><\/div><\/div><div class=\"dt-fancy-separator h5-size accent-title-color\" style=\"width: 100%;\"><div class=\"dt-fancy-title\"><span class=\"separator-holder separator-left\"><\/span>The Merce Cunningham Workshop<span class=\"separator-holder separator-right\"><\/span><\/div><\/div><div class=\"ult-spacer spacer-69e347ae3ad23\" data-id=\"69e347ae3ad23\" data-height=\"40\" data-height-mobile=\"40\" data-height-tab=\"40\" data-height-tab-portrait=\"\" data-height-mobile-landscape=\"\" style=\"clear:both;display:block;\"><\/div><div class=\"ult-spacer spacer-69e347ae3ad37\" data-id=\"69e347ae3ad37\" data-height=\"40\" data-height-mobile=\"40\" data-height-tab=\"40\" data-height-tab-portrait=\"\" data-height-mobile-landscape=\"\" style=\"clear:both;display:block;\"><\/div>[\/vc_column][\/vc_row][vc_row][vc_column width=\u00bb1\/4&#8243;][\/vc_column][vc_column width=\u00bb1\/4&#8243;][vc_single_image image=\u00bb1816&#8243; img_size=\u00bbfull\u00bb alignment=\u00bbcenter\u00bb]<div class=\"ult-spacer spacer-69e347ae3ad45\" data-id=\"69e347ae3ad45\" data-height=\"40\" data-height-mobile=\"40\" data-height-tab=\"40\" data-height-tab-portrait=\"\" data-height-mobile-landscape=\"\" style=\"clear:both;display:block;\"><\/div><div class=\"ult-spacer spacer-69e347ae3ad51\" data-id=\"69e347ae3ad51\" data-height=\"40\" data-height-mobile=\"40\" data-height-tab=\"40\" data-height-tab-portrait=\"\" data-height-mobile-landscape=\"\" style=\"clear:both;display:block;\"><\/div>[\/vc_column][vc_column width=\u00bb1\/4&#8243;][vc_single_image image=\u00bb1815&#8243; img_size=\u00bbfull\u00bb alignment=\u00bbcenter\u00bb]<div class=\"ult-spacer spacer-69e347ae3ad5c\" data-id=\"69e347ae3ad5c\" data-height=\"40\" data-height-mobile=\"40\" data-height-tab=\"40\" data-height-tab-portrait=\"\" data-height-mobile-landscape=\"\" style=\"clear:both;display:block;\"><\/div><div class=\"ult-spacer spacer-69e347ae3ad67\" data-id=\"69e347ae3ad67\" data-height=\"40\" data-height-mobile=\"40\" data-height-tab=\"40\" data-height-tab-portrait=\"\" data-height-mobile-landscape=\"\" style=\"clear:both;display:block;\"><\/div>[\/vc_column][vc_column width=\u00bb1\/4&#8243;][\/vc_column][\/vc_row][vc_row][vc_column width=\u00bb1\/2&#8243;][vc_column_text]<span style=\"font-weight: 400;\">In 1991 at the age of 72, Merce Cunningham incorporated the use of a software program called <strong>LifeForms<\/strong> in his creative process making dances. He\u2019d been asked to help develop the software now known as <strong>DanceForms<\/strong>. <\/span><\/p>\n<p><span style=\"font-weight: 400;\">Using this tool and others which Cunningham pioneered, Trustee Trevor Carlson will conduct a workshop with students from arts schools in Catalunya over six days culminated in a series of short Dance Films made by the young artists whose studies are focused in Dance, Music, and Film making. The DanceForms workshop participants will include students from <strong>Institute of the Arts Barcelona<\/strong>, <strong>Plat\u00f3 del Cinema<\/strong>, and <strong>Escola Superior de M\u00fasica de Catalunya<\/strong> and <strong>Taller de M\u00fasics<\/strong>. This Official Merce Cunningham Centennial workshop is being supervised and coordinated by <strong>Choreoscope<\/strong> and <strong>Thorus Arts<\/strong>. <\/span>[\/vc_column_text][\/vc_column][vc_column width=\u00bb1\/2&#8243;][vc_column_text]En 1991, a la edad de 72 a\u00f1os, Merce Cunningham incorpor\u00f3 el uso de un programa de software llamado <strong>LifeForms<\/strong> en su proceso creativo de danza. Le pidieron que ayudara a desarrollar el software ahora conocido como <strong>DanceForms<\/strong>.<\/p>\n<p>Utilizando esta herramienta, pero tambi\u00e9n otras que Cunningham fue pionero, Trevor Carlson de la <strong>Fundaci\u00f3n Cunningham<\/strong> impartir\u00e1 un taller con estudiantes de escuelas de arte en Catalunya durante seis d\u00edas culminado en una serie de Cortometrajes de Danza realizados por j\u00f3venes artistas cuyos estudios se centran en Danza, M\u00fasica y Cine. Los participantes del taller DanceForms incluir\u00e1n a estudiantes del <strong>Institute of Arts Barcelona<\/strong>, <strong>Plat\u00f3 del Cinema<\/strong>, y la <strong>Escuela Superior de M\u00fasica de Catalu\u00f1a<\/strong> y el <strong>Taller de M\u00fasics<\/strong>. Este taller oficial del Centenario Merce Cunningham est\u00e1 siendo supervisado y coordinado por <strong>Choreoscope<\/strong> y <strong>Thorus Arts<\/strong>.[\/vc_column_text][\/vc_column][\/vc_row][vc_row][vc_column]<div class=\"ult-spacer spacer-69e347ae3ad72\" data-id=\"69e347ae3ad72\" data-height=\"40\" data-height-mobile=\"40\" data-height-tab=\"40\" data-height-tab-portrait=\"\" data-height-mobile-landscape=\"\" style=\"clear:both;display:block;\"><\/div><div class=\"ult-spacer spacer-69e347ae3ad81\" data-id=\"69e347ae3ad81\" data-height=\"40\" data-height-mobile=\"40\" data-height-tab=\"40\" data-height-tab-portrait=\"\" data-height-mobile-landscape=\"\" style=\"clear:both;display:block;\"><\/div>[vc_column_text]<\/p>\n<p style=\"text-align: center;\"><span style=\"font-weight: 400;\">Coordination:<\/span><\/p>\n<p>&nbsp;<\/p>\n<p style=\"text-align: center;\"><b>Choreoscope International Dance Film Festival Barcelona<\/b><\/p>\n<p style=\"text-align: center;\"><span style=\"font-weight: 400;\">Lor\u00e1nd J\u00e1nos<\/span><\/p>\n<p style=\"text-align: center;\"><span style=\"font-weight: 400;\">Sara Dominguez<\/span><\/p>\n<p>&nbsp;<\/p>\n<p style=\"text-align: center;\"><span style=\"font-weight: 400;\">Organization:<\/span><\/p>\n<p>&nbsp;<\/p>\n<p style=\"text-align: center;\"><b>Merce Cunningham Trust<\/b><\/p>\n<p style=\"text-align: center;\"><span style=\"font-weight: 400;\">Trevor Carlson<\/span><\/p>\n<p>&nbsp;<\/p>\n<p style=\"text-align: center;\"><b>Thorus Arts<\/b><\/p>\n<p style=\"text-align: center;\"><span style=\"font-weight: 400;\">Daria Porokhovo\u00ef<\/span><\/p>\n<p>&nbsp;<\/p>\n<p style=\"text-align: center;\"><b>Dance department: IAB &#8211; Institute of Arts Barcelona <\/b><\/p>\n<p style=\"text-align: center;\"><span style=\"font-weight: 400;\">Armando Rotondi<\/span><\/p>\n<p>&nbsp;<\/p>\n<p style=\"text-align: center;\"><b>Film Department: Plat\u00f3 del Cinema<\/b><\/p>\n<p style=\"text-align: center;\"><span style=\"font-weight: 400;\">\u00c0lex Murrull<\/span><\/p>\n<p style=\"text-align: center;\"><span style=\"font-weight: 400;\">Danel Aser<\/span><\/p>\n<p>[\/vc_column_text]<div class=\"ult-spacer spacer-69e347ae3ad8b\" data-id=\"69e347ae3ad8b\" data-height=\"40\" data-height-mobile=\"40\" data-height-tab=\"40\" data-height-tab-portrait=\"\" data-height-mobile-landscape=\"\" style=\"clear:both;display:block;\"><\/div><div class=\"ult-spacer spacer-69e347ae3ad94\" data-id=\"69e347ae3ad94\" data-height=\"40\" data-height-mobile=\"40\" data-height-tab=\"40\" data-height-tab-portrait=\"\" data-height-mobile-landscape=\"\" style=\"clear:both;display:block;\"><\/div>[\/vc_column][\/vc_row][vc_row][vc_column width=\u00bb1\/4&#8243;][\/vc_column][vc_column width=\u00bb1\/2&#8243;]<div class=\"ult-spacer spacer-69e347ae3ad9d\" data-id=\"69e347ae3ad9d\" data-height=\"40\" data-height-mobile=\"40\" data-height-tab=\"40\" data-height-tab-portrait=\"\" data-height-mobile-landscape=\"\" style=\"clear:both;display:block;\"><\/div>[vc_column_text]<\/p>\n<p style=\"text-align: center;\">Choreoscope &#8211; the International Dance Film Festival of Barcelona<\/p>\n<p style=\"text-align: center;\">is partly made possible thanks to the generous support of<\/p>\n<p>[\/vc_column_text][vc_single_image image=\u00bb854&#8243; img_size=\u00bbmedium\u00bb alignment=\u00bbcenter\u00bb][\/vc_column][vc_column width=\u00bb1\/4&#8243;][\/vc_column][\/vc_row]<\/p>\n<\/section>","protected":false},"excerpt":{"rendered":"<p>[vc_row][vc_column][vc_single_image image=\u00bb1814&#8243; img_size=\u00bbfull\u00bb alignment=\u00bbcenter\u00bb][\/vc_column][\/vc_row][vc_row][vc_column width=\u00bb1\/4&#8243;][\/vc_column][vc_column width=\u00bb1\/4&#8243;][vc_single_image image=\u00bb1816&#8243; img_size=\u00bbfull\u00bb alignment=\u00bbcenter\u00bb][\/vc_column][vc_column width=\u00bb1\/4&#8243;][vc_single_image image=\u00bb1815&#8243; img_size=\u00bbfull\u00bb alignment=\u00bbcenter\u00bb][\/vc_column][vc_column width=\u00bb1\/4&#8243;][\/vc_column][\/vc_row][vc_row][vc_column width=\u00bb1\/2&#8243;][vc_column_text]In 1991 at the age of 72, Merce Cunningham incorporated the use of a software program called LifeForms in his creative process making dances. He\u2019d been asked to help develop the software now known as DanceForms. Using this tool and others&hellip;<\/p>\n","protected":false},"author":2,"featured_media":0,"parent":0,"menu_order":0,"comment_status":"closed","ping_status":"closed","template":"","meta":[],"_links":{"self":[{"href":"https:\/\/www.choreoscope.com\/ediciones-anteriores\/wp-json\/wp\/v2\/pages\/1667"}],"collection":[{"href":"https:\/\/www.choreoscope.com\/ediciones-anteriores\/wp-json\/wp\/v2\/pages"}],"about":[{"href":"https:\/\/www.choreoscope.com\/ediciones-anteriores\/wp-json\/wp\/v2\/types\/page"}],"author":[{"embeddable":true,"href":"https:\/\/www.choreoscope.com\/ediciones-anteriores\/wp-json\/wp\/v2\/users\/2"}],"replies":[{"embeddable":true,"href":"https:\/\/www.choreoscope.com\/ediciones-anteriores\/wp-json\/wp\/v2\/comments?post=1667"}],"version-history":[{"count":17,"href":"https:\/\/www.choreoscope.com\/ediciones-anteriores\/wp-json\/wp\/v2\/pages\/1667\/revisions"}],"predecessor-version":[{"id":2078,"href":"https:\/\/www.choreoscope.com\/ediciones-anteriores\/wp-json\/wp\/v2\/pages\/1667\/revisions\/2078"}],"wp:attachment":[{"href":"https:\/\/www.choreoscope.com\/ediciones-anteriores\/wp-json\/wp\/v2\/media?parent=1667"}],"curies":[{"name":"wp","href":"https:\/\/api.w.org\/{rel}","templated":true}]}}