{"id":1918,"date":"2018-09-04T16:45:15","date_gmt":"2018-09-04T14:45:15","guid":{"rendered":"https:\/\/www.choreoscope.com\/ediciones-anteriores\/?page_id=1918"},"modified":"2018-09-05T20:27:27","modified_gmt":"2018-09-05T18:27:27","slug":"vermut","status":"publish","type":"page","link":"https:\/\/www.choreoscope.com\/ediciones-anteriores\/vermut\/","title":{"rendered":"Vermut de Cinedanza: Premio Faux Pas"},"content":{"rendered":"<section class=\"wpb-content-wrapper\"><p>[vc_row][vc_column width=\u00bb1\/6&#8243;][\/vc_column][vc_column width=\u00bb2\/3&#8243;]<div class=\"smile-icon-timeline-wrap csstime   \"     style=\"\"><div class=\"timeline-line \" style=\"border-right-color:;\"><span><\/span><\/div><div class=\"timeline-wrapper\"><\/div><div class=\"timeline-feature-item feat-item feat-top \"><div class=\"feat-dot feat-top\"><div class=\"timeline-dot\"><\/div><\/div><div class=\"ult-timeline-arrow feat-top\"><s><\/s><l><\/l><\/div><div class=\"timeline-icon-block\"><div class=\"ult-timeline-icon tl-icon-no-bg\" style=\"   \"><\/div> <!-- icon --><\/div><div class=\"timeline-header-block\" >\n\t\t\t\t\t\t\t<div class=\"timeline-header\" id=\"timeline-featured-8564\"  style=\"\"><h3\n\t\t\t class=\"ult-timeline-title ult-responsive\"   data-ultimate-target='#timeline-featured-8564 .ult-timeline-title'  data-responsive-json-new='{\"font-size\":\"\",\"line-height\":\"\"}'  style=\"\"><\/h3><div class=\"ult-responsive custom-lht\"  data-ultimate-target='#timeline-featured-8564 .custom-lht'  data-responsive-json-new='{\"font-size\":\"\",\"line-height\":\"\"}'  style=\"\"><img decoding=\"async\" loading=\"lazy\" class=\"aligncenter size-full wp-image-1927\" src=\"https:\/\/www.choreoscope.com\/ediciones-anteriores\/wp-content\/uploads\/2018\/09\/notariat-web.png\" alt=\"notariat web\" width=\"238\" height=\"173\" \/><\/div><\/div> <!-- header --><\/div><\/div><div class=\"timeline-wrapper \"><\/div><div class=\"timeline-feature-item feat-item  \"><div class=\"feat-dot \"><div class=\"timeline-dot\"><\/div><\/div><div class=\"ult-timeline-arrow \"><s><\/s><l><\/l><\/div><div class=\"timeline-icon-block\"><div class=\"ult-timeline-icon tl-icon-no-bg\" style=\"   \"><\/div> <!-- icon --><\/div><div class=\"timeline-header-block\" >\n\t\t\t\t\t\t\t<div class=\"timeline-header\" id=\"timeline-featured-1958\"  style=\"\"><h3\n\t\t\t class=\"ult-timeline-title ult-responsive\"   data-ultimate-target='#timeline-featured-1958 .ult-timeline-title'  data-responsive-json-new='{\"font-size\":\"\",\"line-height\":\"\"}'  style=\"\">Vermut de Cinedanza: Premio Faux Pas<\/h3><div class=\"ult-responsive custom-lht\"  data-ultimate-target='#timeline-featured-1958 .custom-lht'  data-responsive-json-new='{\"font-size\":\"\",\"line-height\":\"\"}'  style=\"\"><\/p>\n<p class=\"p1\" style=\"text-align: center;\"><strong>Sede<\/strong>: Bodega Notariat N\u00ba1<\/p>\n<p class=\"p1\" style=\"text-align: center;\">Domingo, 14 de Octubre, 13:00h \u2013 17:00h<\/p>\n<p class=\"p1\" style=\"text-align: center;\"><strong>Precio<\/strong>: entrada libre<\/p>\n<p>Copa de vermut de regalo (unidades limitadas), Vino del d\u00eda a 1,50\u20ac, 2&#215;1 en Cervezas Artesanas Belgas (Deranke), Obsequios, Sorpresas, Danza en Vivo y&#8230;<\/p>\n<p><\/div><\/div> <!-- header --><\/div><\/div><div class=\"timeline-wrapper \"><\/div><\/div><div class=\"dt-fancy-separator h5-size accent-title-color\" style=\"width: 100%;\"><div class=\"dt-fancy-title\"><span class=\"separator-holder separator-left\"><\/span>FAUX PAS AWARDS<span class=\"separator-holder separator-right\"><\/span><\/div><\/div><div class=\"ult-spacer spacer-69e086d93b1c9\" data-id=\"69e086d93b1c9\" data-height=\"40\" data-height-mobile=\"40\" data-height-tab=\"40\" data-height-tab-portrait=\"\" data-height-mobile-landscape=\"\" style=\"clear:both;display:block;\"><\/div>[\/vc_column][\/vc_row][vc_row][vc_column width=\u00bb1\/2&#8243;][vc_column_text]Each year during the submission process Choreoscope receives hundreds of films. Some of them however do not respect our rules &amp; regulations, are not even dance films. However the festival would like to acknowledge the illusion, work, effort and invested time of these artists as well, and, inspired by the \u00abworst film director of all times\u00bb, Ed Wood, introduces the Faux Pas category for \u00abthe films that took a wrong step\u00bb. This category is meant as Choreoscope\u00b4s version of the Razzie Awards.[\/vc_column_text]<div class=\"ult-spacer spacer-69e086d93b1f2\" data-id=\"69e086d93b1f2\" data-height=\"40\" data-height-mobile=\"40\" data-height-tab=\"40\" data-height-tab-portrait=\"\" data-height-mobile-landscape=\"\" style=\"clear:both;display:block;\"><\/div>[\/vc_column][vc_column width=\u00bb1\/2&#8243;][vc_column_text]Cada a\u00f1o, durante el proceso de preselecci\u00f3n, Choreoscope recibe cientos de pel\u00edculas. Algunos de ellos, sin embargo, no respetan nuestro reglamento, o ni siquiera son pel\u00edculas de danza. Sin embargo, el festival quiere reconocer la ilusi\u00f3n, el trabajo, el esfuerzo y el tiempo invertido de estos artistas e, inspirado en el \u00abpeor director de cine de todos los tiempos\u00bb, Ed Wood, presenta la categor\u00eda Faux Pas para \u00ablas pel\u00edculas que\u00a0dieron un paso en falso\u00bb. Esta categor\u00eda es nuestra versi\u00f3n de los Premios Razzie.[\/vc_column_text]<div class=\"ult-spacer spacer-69e086d93b211\" data-id=\"69e086d93b211\" data-height=\"40\" data-height-mobile=\"40\" data-height-tab=\"40\" data-height-tab-portrait=\"\" data-height-mobile-landscape=\"\" style=\"clear:both;display:block;\"><\/div>[\/vc_column][\/vc_row][vc_row][vc_column width=\u00bb1\/3&#8243;]<div class=\"smile-icon-timeline-wrap csstime   \"     style=\"\"><div class=\"timeline-line \" style=\"border-right-color:;\"><span><\/span><\/div><div class=\"timeline-wrapper\"><\/div><div class=\"timeline-feature-item feat-item  \"><div class=\"feat-dot \"><div class=\"timeline-dot\"><\/div><\/div><div class=\"ult-timeline-arrow \"><s><\/s><l><\/l><\/div><div class=\"timeline-icon-block\"><div class=\"ult-timeline-icon tl-icon-no-bg\" style=\"   \"><\/div> <!-- icon --><\/div><div class=\"timeline-header-block\" >\n\t\t\t\t\t\t\t<div class=\"timeline-header\" id=\"timeline-featured-8131\"  style=\"\"><h3\n\t\t\t class=\"ult-timeline-title ult-responsive\"   data-ultimate-target='#timeline-featured-8131 .ult-timeline-title'  data-responsive-json-new='{\"font-size\":\"\",\"line-height\":\"\"}'  style=\"\">TOMATO FIELDS FOREVER<\/h3><div class=\"ult-responsive custom-lht\"  data-ultimate-target='#timeline-featured-8131 .custom-lht'  data-responsive-json-new='{\"font-size\":\"\",\"line-height\":\"\"}'  style=\"\"><\/p>\n<p style=\"text-align: center;\"><img decoding=\"async\" loading=\"lazy\" class=\"aligncenter wp-image-1938 size-medium\" src=\"https:\/\/www.choreoscope.com\/ediciones-anteriores\/wp-content\/uploads\/2018\/09\/Tomato-Fields-Forever-1-300x141.jpg\" alt=\"Tomato Fields Forever\" width=\"300\" height=\"141\" srcset=\"https:\/\/www.choreoscope.com\/ediciones-anteriores\/wp-content\/uploads\/2018\/09\/Tomato-Fields-Forever-1-300x141.jpg 300w, https:\/\/www.choreoscope.com\/ediciones-anteriores\/wp-content\/uploads\/2018\/09\/Tomato-Fields-Forever-1-768x360.jpg 768w, https:\/\/www.choreoscope.com\/ediciones-anteriores\/wp-content\/uploads\/2018\/09\/Tomato-Fields-Forever-1-1024x480.jpg 1024w, https:\/\/www.choreoscope.com\/ediciones-anteriores\/wp-content\/uploads\/2018\/09\/Tomato-Fields-Forever-1.jpg 1920w\" sizes=\"(max-width: 300px) 100vw, 300px\" \/><\/p>\n<p style=\"text-align: center;\">Espa\u00f1a, 2016, 4\u2019<\/p>\n<p style=\"text-align: left;\"><strong>Director:\u00a0<\/strong><span class=\"dashboard-card-title\">Jaime\u00a0Garc\u00eda Parra<\/span><br \/>\n<strong>Coreograf\u00eda:\u00a0<\/strong>Faux Pas<\/p>\n<p style=\"text-align: left;\"><strong>Sinopsis:\u00a0<\/strong><\/p>\n<p class=\"p1\" style=\"text-align: left;\">La historia m\u00e1s grande, jam\u00e1s acontecida en Almer\u00eda, es sin duda la historia de los Beatles.<\/p>\n<p style=\"text-align: left;\"><em>The greatest story that ever happened in Almer\u00eda is the story of The Beatles.<\/em><\/p>\n<p><\/div><\/div> <!-- header --><\/div><\/div><div class=\"timeline-wrapper \"><\/div><\/div>[\/vc_column][vc_column width=\u00bb1\/3&#8243;]<div class=\"smile-icon-timeline-wrap csstime   \"     style=\"\"><div class=\"timeline-line \" style=\"border-right-color:;\"><span><\/span><\/div><div class=\"timeline-wrapper\"><\/div><div class=\"timeline-feature-item feat-item  \"><div class=\"feat-dot \"><div class=\"timeline-dot\"><\/div><\/div><div class=\"ult-timeline-arrow \"><s><\/s><l><\/l><\/div><div class=\"timeline-icon-block\"><div class=\"ult-timeline-icon tl-icon-no-bg\" style=\"   \"><\/div> <!-- icon --><\/div><div class=\"timeline-header-block\" >\n\t\t\t\t\t\t\t<div class=\"timeline-header\" id=\"timeline-featured-6206\"  style=\"\"><h3\n\t\t\t class=\"ult-timeline-title ult-responsive\"   data-ultimate-target='#timeline-featured-6206 .ult-timeline-title'  data-responsive-json-new='{\"font-size\":\"\",\"line-height\":\"\"}'  style=\"\">RUNDA<\/h3><div class=\"ult-responsive custom-lht\"  data-ultimate-target='#timeline-featured-6206 .custom-lht'  data-responsive-json-new='{\"font-size\":\"\",\"line-height\":\"\"}'  style=\"\"><\/p>\n<p style=\"text-align: center;\"><img decoding=\"async\" loading=\"lazy\" class=\"aligncenter size-medium wp-image-1939\" src=\"https:\/\/www.choreoscope.com\/ediciones-anteriores\/wp-content\/uploads\/2018\/09\/18-frame1_Runda\u0301-300x200.jpg\" alt=\"Runda\u0301\" width=\"300\" height=\"200\" srcset=\"https:\/\/www.choreoscope.com\/ediciones-anteriores\/wp-content\/uploads\/2018\/09\/18-frame1_Runda\u0301-300x200.jpg 300w, https:\/\/www.choreoscope.com\/ediciones-anteriores\/wp-content\/uploads\/2018\/09\/18-frame1_Runda\u0301-768x512.jpg 768w, https:\/\/www.choreoscope.com\/ediciones-anteriores\/wp-content\/uploads\/2018\/09\/18-frame1_Runda\u0301-1024x682.jpg 1024w, https:\/\/www.choreoscope.com\/ediciones-anteriores\/wp-content\/uploads\/2018\/09\/18-frame1_Runda\u0301.jpg 1621w\" sizes=\"(max-width: 300px) 100vw, 300px\" \/><\/p>\n<p style=\"text-align: center;\">Italia, 2017, 2\u2019<\/p>\n<p style=\"text-align: left;\"><strong>Director:<\/strong>\u00a0<span class=\"dashboard-card-title\">Maurizio\u00a0Loi<\/span><br \/>\n<strong>Coreograf\u00eda:<\/strong>\u00a0Faux Pas<\/p>\n<p style=\"text-align: left;\"><strong>Sinopsis:\u00a0<\/strong><\/p>\n<p class=\"p1\" style=\"text-align: left;\">Inserisco un vhs impolverato nel videoregistratore e vengo catturato dagli anni 90.<\/p>\n<p style=\"text-align: left;\"><em>I put a dusty vhs in the VCR and I am caught in the 90&#8217;s.<\/em><\/p>\n<p><\/div><\/div> <!-- header --><\/div><\/div><div class=\"timeline-wrapper \"><\/div><\/div>[\/vc_column][vc_column width=\u00bb1\/3&#8243;]<div class=\"smile-icon-timeline-wrap csstime   \"     style=\"\"><div class=\"timeline-line \" style=\"border-right-color:;\"><span><\/span><\/div><div class=\"timeline-wrapper\"><\/div><div class=\"timeline-feature-item feat-item  \"><div class=\"feat-dot \"><div class=\"timeline-dot\"><\/div><\/div><div class=\"ult-timeline-arrow \"><s><\/s><l><\/l><\/div><div class=\"timeline-icon-block\"><div class=\"ult-timeline-icon tl-icon-no-bg\" style=\"   \"><\/div> <!-- icon --><\/div><div class=\"timeline-header-block\" >\n\t\t\t\t\t\t\t<div class=\"timeline-header\" id=\"timeline-featured-5389\"  style=\"\"><h3\n\t\t\t class=\"ult-timeline-title ult-responsive\"   data-ultimate-target='#timeline-featured-5389 .ult-timeline-title'  data-responsive-json-new='{\"font-size\":\"\",\"line-height\":\"\"}'  style=\"\">800\u00b4s BALAN<\/h3><div class=\"ult-responsive custom-lht\"  data-ultimate-target='#timeline-featured-5389 .custom-lht'  data-responsive-json-new='{\"font-size\":\"\",\"line-height\":\"\"}'  style=\"\"><\/p>\n<p style=\"text-align: center;\"><img decoding=\"async\" loading=\"lazy\" class=\"aligncenter size-medium wp-image-1940\" src=\"https:\/\/www.choreoscope.com\/ediciones-anteriores\/wp-content\/uploads\/2018\/09\/7-frame4_800s-Balan-300x134.jpg\" alt=\"7-frame4_800's Balan\" width=\"300\" height=\"134\" srcset=\"https:\/\/www.choreoscope.com\/ediciones-anteriores\/wp-content\/uploads\/2018\/09\/7-frame4_800s-Balan-300x134.jpg 300w, https:\/\/www.choreoscope.com\/ediciones-anteriores\/wp-content\/uploads\/2018\/09\/7-frame4_800s-Balan-768x343.jpg 768w, https:\/\/www.choreoscope.com\/ediciones-anteriores\/wp-content\/uploads\/2018\/09\/7-frame4_800s-Balan-1024x458.jpg 1024w, https:\/\/www.choreoscope.com\/ediciones-anteriores\/wp-content\/uploads\/2018\/09\/7-frame4_800s-Balan.jpg 1920w\" sizes=\"(max-width: 300px) 100vw, 300px\" \/><\/p>\n<p style=\"text-align: center;\">Espa\u00f1a, 2017, 4\u2019<\/p>\n<p style=\"text-align: left;\"><strong>Director:<\/strong>\u00a0Jaime\u00a0Garc\u00eda Parra<br \/>\n<strong>Coreograf\u00eda:<\/strong>\u00a0Faux Pas<\/p>\n<p style=\"text-align: left;\"><strong>Sinopsis:\u00a0<\/strong><\/p>\n<p class=\"p1\" style=\"text-align: left;\">Tras las c\u00e1maras, la vida de los figurantes durante el rodaje de las pel\u00edculas es dura e inc\u00f3moda.<\/p>\n<p style=\"text-align: left;\"><em>Behind the scenes, extras have a difficult and hard life during a shooting.<\/em><\/p>\n<p><\/div><\/div> <!-- header --><\/div><\/div><div class=\"timeline-wrapper \"><\/div><\/div>[\/vc_column][\/vc_row][vc_row][vc_column width=\u00bb1\/3&#8243;]<div class=\"smile-icon-timeline-wrap csstime   \"     style=\"\"><div class=\"timeline-line \" style=\"border-right-color:;\"><span><\/span><\/div><div class=\"timeline-wrapper\"><\/div><div class=\"timeline-feature-item feat-item  \"><div class=\"feat-dot \"><div class=\"timeline-dot\"><\/div><\/div><div class=\"ult-timeline-arrow \"><s><\/s><l><\/l><\/div><div class=\"timeline-icon-block\"><div class=\"ult-timeline-icon tl-icon-no-bg\" style=\"   \"><\/div> <!-- icon --><\/div><div class=\"timeline-header-block\" >\n\t\t\t\t\t\t\t<div class=\"timeline-header\" id=\"timeline-featured-1561\"  style=\"\"><h3\n\t\t\t class=\"ult-timeline-title ult-responsive\"   data-ultimate-target='#timeline-featured-1561 .ult-timeline-title'  data-responsive-json-new='{\"font-size\":\"\",\"line-height\":\"\"}'  style=\"\">WATERMAN<\/h3><div class=\"ult-responsive custom-lht\"  data-ultimate-target='#timeline-featured-1561 .custom-lht'  data-responsive-json-new='{\"font-size\":\"\",\"line-height\":\"\"}'  style=\"\"><\/p>\n<p style=\"text-align: center;\"><img decoding=\"async\" loading=\"lazy\" class=\"aligncenter size-medium wp-image-1934\" src=\"https:\/\/www.choreoscope.com\/ediciones-anteriores\/wp-content\/uploads\/2018\/09\/Photo-1-kkl-300x170.jpg\" alt=\"waterman\" width=\"300\" height=\"170\" srcset=\"https:\/\/www.choreoscope.com\/ediciones-anteriores\/wp-content\/uploads\/2018\/09\/Photo-1-kkl-300x170.jpg 300w, https:\/\/www.choreoscope.com\/ediciones-anteriores\/wp-content\/uploads\/2018\/09\/Photo-1-kkl-768x435.jpg 768w, https:\/\/www.choreoscope.com\/ediciones-anteriores\/wp-content\/uploads\/2018\/09\/Photo-1-kkl-1024x580.jpg 1024w, https:\/\/www.choreoscope.com\/ediciones-anteriores\/wp-content\/uploads\/2018\/09\/Photo-1-kkl.jpg 1736w\" sizes=\"(max-width: 300px) 100vw, 300px\" \/><\/p>\n<p style=\"text-align: center;\">India, 2018, 1\u2019 30&#8243;<\/p>\n<p style=\"text-align: left;\"><strong>Director: <\/strong>Anshul Sinha<br \/>\n<strong>Coreograf\u00eda:\u00a0<\/strong>Faux Pas<\/p>\n<p style=\"text-align: left;\"><strong>Sinopsis:\u00a0<\/strong><\/p>\n<p class=\"p1\" style=\"text-align: left;\">El agua viene de muy lejos.<\/p>\n<p style=\"text-align: left;\"><em>Water Comes From Very Far.<\/em><\/p>\n<p><\/div><\/div> <!-- header --><\/div><\/div><div class=\"timeline-wrapper \"><\/div><\/div>[\/vc_column][vc_column width=\u00bb1\/3&#8243;]<div class=\"smile-icon-timeline-wrap csstime   \"     style=\"\"><div class=\"timeline-line \" style=\"border-right-color:;\"><span><\/span><\/div><div class=\"timeline-wrapper\"><\/div><div class=\"timeline-feature-item feat-item  \"><div class=\"feat-dot \"><div class=\"timeline-dot\"><\/div><\/div><div class=\"ult-timeline-arrow \"><s><\/s><l><\/l><\/div><div class=\"timeline-icon-block\"><div class=\"ult-timeline-icon tl-icon-no-bg\" style=\"   \"><\/div> <!-- icon --><\/div><div class=\"timeline-header-block\" >\n\t\t\t\t\t\t\t<div class=\"timeline-header\" id=\"timeline-featured-7430\"  style=\"\"><h3\n\t\t\t class=\"ult-timeline-title ult-responsive\"   data-ultimate-target='#timeline-featured-7430 .ult-timeline-title'  data-responsive-json-new='{\"font-size\":\"\",\"line-height\":\"\"}'  style=\"\">GREEK TRAGEDY<\/h3><div class=\"ult-responsive custom-lht\"  data-ultimate-target='#timeline-featured-7430 .custom-lht'  data-responsive-json-new='{\"font-size\":\"\",\"line-height\":\"\"}'  style=\"\"><\/p>\n<p style=\"text-align: center;\"><img decoding=\"async\" loading=\"lazy\" class=\"aligncenter size-medium wp-image-1933\" src=\"https:\/\/www.choreoscope.com\/ediciones-anteriores\/wp-content\/uploads\/2018\/09\/Photo-1-Fotograma_1-300x131.jpg\" alt=\"tragedy\" width=\"300\" height=\"131\" srcset=\"https:\/\/www.choreoscope.com\/ediciones-anteriores\/wp-content\/uploads\/2018\/09\/Photo-1-Fotograma_1-300x131.jpg 300w, https:\/\/www.choreoscope.com\/ediciones-anteriores\/wp-content\/uploads\/2018\/09\/Photo-1-Fotograma_1-768x336.jpg 768w, https:\/\/www.choreoscope.com\/ediciones-anteriores\/wp-content\/uploads\/2018\/09\/Photo-1-Fotograma_1-1024x448.jpg 1024w, https:\/\/www.choreoscope.com\/ediciones-anteriores\/wp-content\/uploads\/2018\/09\/Photo-1-Fotograma_1.jpg 1782w\" sizes=\"(max-width: 300px) 100vw, 300px\" \/><\/p>\n<p style=\"text-align: center;\">Espa\u00f1a, 2018, 4\u2019 23&#8243;<\/p>\n<p style=\"text-align: left;\"><strong>Director:<\/strong> Norberto Trujillo<br \/>\n<strong>Coreograf\u00eda:<\/strong>\u00a0Faux Pas<\/p>\n<p style=\"text-align: left;\"><strong>Sinopsis:\u00a0<\/strong><\/p>\n<p style=\"text-align: left;\">Dos hombres caminan hacia su destino.<\/p>\n<p style=\"text-align: left;\"><em>Two men walk towards their destination.<\/em><\/p>\n<p><\/div><\/div> <!-- header --><\/div><\/div><div class=\"timeline-wrapper \"><\/div><\/div>[\/vc_column][vc_column width=\u00bb1\/3&#8243;]<div class=\"smile-icon-timeline-wrap csstime   \"     style=\"\"><div class=\"timeline-line \" style=\"border-right-color:;\"><span><\/span><\/div><div class=\"timeline-wrapper\"><\/div><div class=\"timeline-feature-item feat-item  \"><div class=\"feat-dot \"><div class=\"timeline-dot\"><\/div><\/div><div class=\"ult-timeline-arrow \"><s><\/s><l><\/l><\/div><div class=\"timeline-icon-block\"><div class=\"ult-timeline-icon tl-icon-no-bg\" style=\"   \"><\/div> <!-- icon --><\/div><div class=\"timeline-header-block\" >\n\t\t\t\t\t\t\t<div class=\"timeline-header\" id=\"timeline-featured-4205\"  style=\"\"><h3\n\t\t\t class=\"ult-timeline-title ult-responsive\"   data-ultimate-target='#timeline-featured-4205 .ult-timeline-title'  data-responsive-json-new='{\"font-size\":\"\",\"line-height\":\"\"}'  style=\"\">ONLINE<\/h3><div class=\"ult-responsive custom-lht\"  data-ultimate-target='#timeline-featured-4205 .custom-lht'  data-responsive-json-new='{\"font-size\":\"\",\"line-height\":\"\"}'  style=\"\"><\/p>\n<p style=\"text-align: center;\"><img decoding=\"async\" loading=\"lazy\" class=\"aligncenter size-medium wp-image-1931\" src=\"https:\/\/www.choreoscope.com\/ediciones-anteriores\/wp-content\/uploads\/2018\/09\/Photo-7-Captura_de_pantalla_2016-08-01_a_las_4.19.27-300x169.jpg\" alt=\"ONLINE\" width=\"300\" height=\"169\" srcset=\"https:\/\/www.choreoscope.com\/ediciones-anteriores\/wp-content\/uploads\/2018\/09\/Photo-7-Captura_de_pantalla_2016-08-01_a_las_4.19.27-300x169.jpg 300w, https:\/\/www.choreoscope.com\/ediciones-anteriores\/wp-content\/uploads\/2018\/09\/Photo-7-Captura_de_pantalla_2016-08-01_a_las_4.19.27-768x432.jpg 768w, https:\/\/www.choreoscope.com\/ediciones-anteriores\/wp-content\/uploads\/2018\/09\/Photo-7-Captura_de_pantalla_2016-08-01_a_las_4.19.27-1024x576.jpg 1024w, https:\/\/www.choreoscope.com\/ediciones-anteriores\/wp-content\/uploads\/2018\/09\/Photo-7-Captura_de_pantalla_2016-08-01_a_las_4.19.27.jpg 1920w\" sizes=\"(max-width: 300px) 100vw, 300px\" \/>Espa\u00f1a, 2016, 30\u2019\u2019<\/p>\n<p style=\"text-align: left;\"><strong>Director:<\/strong>\u00a0Daniel Hern\u00e1ndez Torrado<br \/>\n<strong>Coreograf\u00eda:<\/strong>\u00a0Faux Pas<\/p>\n<p style=\"text-align: left;\"><strong>Sinopsis:\u00a0<\/strong><\/p>\n<p class=\"p1\" style=\"text-align: left;\">La vida pasa muy r\u00e1pido cuando est\u00e1s delante de la pantalla.<\/p>\n<p style=\"text-align: left;\"><em>Life goes by so fast when you&#8217;re in front of the screen.<\/em><\/p>\n<p><\/div><\/div> <!-- header --><\/div><\/div><div class=\"timeline-wrapper \"><\/div><\/div>[\/vc_column][\/vc_row]<\/p>\n<\/section>","protected":false},"excerpt":{"rendered":"<p>[vc_row][vc_column width=\u00bb1\/6&#8243;][\/vc_column][vc_column width=\u00bb2\/3&#8243;][\/vc_column][\/vc_row][vc_row][vc_column width=\u00bb1\/2&#8243;][vc_column_text]Each year during the submission process Choreoscope receives hundreds of films. Some of them however do not respect our rules &amp; regulations, are not even dance films. However the festival would like to acknowledge the illusion, work, effort and invested time of these artists as well, and, inspired by the \u00abworst film&hellip;<\/p>\n","protected":false},"author":2,"featured_media":0,"parent":0,"menu_order":0,"comment_status":"closed","ping_status":"closed","template":"","meta":[],"_links":{"self":[{"href":"https:\/\/www.choreoscope.com\/ediciones-anteriores\/wp-json\/wp\/v2\/pages\/1918"}],"collection":[{"href":"https:\/\/www.choreoscope.com\/ediciones-anteriores\/wp-json\/wp\/v2\/pages"}],"about":[{"href":"https:\/\/www.choreoscope.com\/ediciones-anteriores\/wp-json\/wp\/v2\/types\/page"}],"author":[{"embeddable":true,"href":"https:\/\/www.choreoscope.com\/ediciones-anteriores\/wp-json\/wp\/v2\/users\/2"}],"replies":[{"embeddable":true,"href":"https:\/\/www.choreoscope.com\/ediciones-anteriores\/wp-json\/wp\/v2\/comments?post=1918"}],"version-history":[{"count":15,"href":"https:\/\/www.choreoscope.com\/ediciones-anteriores\/wp-json\/wp\/v2\/pages\/1918\/revisions"}],"predecessor-version":[{"id":1947,"href":"https:\/\/www.choreoscope.com\/ediciones-anteriores\/wp-json\/wp\/v2\/pages\/1918\/revisions\/1947"}],"wp:attachment":[{"href":"https:\/\/www.choreoscope.com\/ediciones-anteriores\/wp-json\/wp\/v2\/media?parent=1918"}],"curies":[{"name":"wp","href":"https:\/\/api.w.org\/{rel}","templated":true}]}}