{"id":2162,"date":"2019-09-16T17:19:08","date_gmt":"2019-09-16T15:19:08","guid":{"rendered":"https:\/\/www.choreoscope.com\/ediciones-anteriores\/?page_id=2162"},"modified":"2020-07-13T22:30:23","modified_gmt":"2020-07-13T20:30:23","slug":"inauguracion-de-rodillas-corazon","status":"publish","type":"page","link":"https:\/\/www.choreoscope.com\/ediciones-anteriores\/inauguracion-de-rodillas-corazon\/","title":{"rendered":"Inauguraci\u00f3n: De Rodillas Coraz\u00f3n"},"content":{"rendered":"<section class=\"wpb-content-wrapper\"><p>[vc_row][vc_column width=\u00bb1\/6&#8243;][\/vc_column][vc_column width=\u00bb2\/3&#8243;]<div class=\"smile-icon-timeline-wrap csstime   \"     style=\"\"><div class=\"timeline-line \" style=\"border-right-color:;\"><span><\/span><\/div><div class=\"timeline-wrapper\"><\/div><div class=\"timeline-feature-item feat-item feat-top \"><div class=\"feat-dot feat-top\"><div class=\"timeline-dot\"><\/div><\/div><div class=\"ult-timeline-arrow feat-top\"><s><\/s><l><\/l><\/div><div class=\"timeline-icon-block\"><div class=\"ult-timeline-icon tl-icon-no-bg\" style=\"   \"><\/div> <!-- icon --><\/div><div class=\"timeline-header-block\" >\n\t\t\t\t\t\t\t<div class=\"timeline-header\" id=\"timeline-featured-1411\"  style=\"\"><h3\n\t\t\t class=\"ult-timeline-title ult-responsive\"   data-ultimate-target='#timeline-featured-1411 .ult-timeline-title'  data-responsive-json-new='{\"font-size\":\"\",\"line-height\":\"\"}'  style=\"\"><\/h3><div class=\"ult-responsive custom-lht\"  data-ultimate-target='#timeline-featured-1411 .custom-lht'  data-responsive-json-new='{\"font-size\":\"\",\"line-height\":\"\"}'  style=\"\"><img decoding=\"async\" loading=\"lazy\" class=\"aligncenter wp-image-853 size-full\" src=\"https:\/\/www.choreoscope.com\/ediciones-anteriores\/wp-content\/uploads\/2016\/10\/filmoteca.png\" alt=\"filmoteca\" width=\"277\" height=\"100\" \/><\/div><\/div> <!-- header --><\/div><\/div><div class=\"timeline-wrapper \"><\/div><div class=\"timeline-feature-item feat-item  \"><div class=\"feat-dot \"><div class=\"timeline-dot\"><\/div><\/div><div class=\"ult-timeline-arrow \"><s><\/s><l><\/l><\/div><div class=\"timeline-icon-block\"><div class=\"ult-timeline-icon tl-icon-no-bg\" style=\"   \"><\/div> <!-- icon --><\/div><div class=\"timeline-header-block\" >\n\t\t\t\t\t\t\t<div class=\"timeline-header\" id=\"timeline-featured-1571\"  style=\"\"><h3\n\t\t\t class=\"ult-timeline-title ult-responsive\"   data-ultimate-target='#timeline-featured-1571 .ult-timeline-title'  data-responsive-json-new='{\"font-size\":\"\",\"line-height\":\"\"}'  style=\"\"><\/h3><div class=\"ult-responsive custom-lht\"  data-ultimate-target='#timeline-featured-1571 .custom-lht'  data-responsive-json-new='{\"font-size\":\"\",\"line-height\":\"\"}'  style=\"\"><\/p>\n<h2 style=\"text-align: center;\">Inauguraci\u00f3n: DE RODILLAS CORAZ\u00d3N<\/h2>\n<h4 class=\"p1\" style=\"text-align: center;\"><strong>Premio Retrato de una Generaci\u00f3n Choreoscope 2019<\/strong><\/h4>\n<p class=\"p1\" style=\"text-align: center;\"><strong>Sede<\/strong>: Filmoteca de Catalunya, Sala Chom\u00f3n<br \/>\n<strong>Documental. Estreno Barcelona: <\/strong>Martes, 15 de Octubre, 20h<br \/>\n<strong>Entradas<\/strong>: <a href=\"https:\/\/www.filmoteca.cat\/web\/ca\/informacio-practica\" target=\"_blank\" rel=\"noopener noreferrer\">https:\/\/www.filmoteca.cat\/web\/ca\/informacio-practica<\/a><\/p>\n<p style=\"text-align: center;\"><em><span style=\"font-family: 'Open Sans', Helvetica, Arial, Verdana, sans-serif;\"><span class=\"bold\"><span class=\"ox-a859b95c4c-bold\">*Las entradas se pueden comprar en la p\u00e1gina de La Filmoteca y directamente en la taquilla los d\u00edas de proyecci\u00f3n<\/span><\/span><\/span><\/em><\/p>\n<p style=\"text-align: center;\">Espa\u00f1a, 2018, 1h 45\u2019<\/p>\n<p style=\"text-align: center;\"><strong>Director:<\/strong> Susanna Barranco<\/p>\n<p style=\"text-align: center;\"><strong>Coreograf\u00eda:<\/strong> Sol Pic\u00f3<\/p>\n<p><\/div><\/div> <!-- header --><\/div><\/div><div class=\"timeline-wrapper \"><\/div><\/div><div class=\"smile-icon-timeline-wrap csstime   \"     style=\"\"><div class=\"timeline-line \" style=\"border-right-color:;\"><span><\/span><\/div><div class=\"timeline-wrapper\"><\/div><div class=\"timeline-feature-item feat-item  \"><div class=\"feat-dot \"><div class=\"timeline-dot\"><\/div><\/div><div class=\"ult-timeline-arrow \"><s><\/s><l><\/l><\/div><div class=\"timeline-icon-block\"><div class=\"ult-timeline-icon tl-icon-no-bg\" style=\"   \"><\/div> <!-- icon --><\/div><div class=\"timeline-header-block\" >\n\t\t\t\t\t\t\t<div class=\"timeline-header\" id=\"timeline-featured-1916\"  style=\"\"><h3\n\t\t\t class=\"ult-timeline-title ult-responsive\"   data-ultimate-target='#timeline-featured-1916 .ult-timeline-title'  data-responsive-json-new='{\"font-size\":\"\",\"line-height\":\"\"}'  style=\"\"><\/h3><div class=\"ult-responsive custom-lht\"  data-ultimate-target='#timeline-featured-1916 .custom-lht'  data-responsive-json-new='{\"font-size\":\"\",\"line-height\":\"\"}'  style=\"\"><\/p>\n<h4 style=\"text-align: center;\"><strong>Cerdanyola del Vall\u00e9s<\/strong><\/h4>\n<p class=\"p1\" style=\"text-align: center;\"><strong>Sede<\/strong>: Teatre Ateneu Cerdanyola del Vall\u00e9s<\/p>\n<p class=\"p1\" style=\"text-align: center;\">Mi\u00e9rcoles, 16 de Octubre, 19h<\/p>\n<p class=\"p1\" style=\"text-align: center;\"><strong>En colaboraci\u00f3n con [C]Screen [Plat Art\u00edstic]\u00a0<\/strong><\/p>\n<p><\/div><\/div> <!-- header --><\/div><\/div><div class=\"timeline-wrapper \"><\/div><\/div>[\/vc_column][vc_column width=\u00bb1\/6&#8243;][\/vc_column][\/vc_row][vc_row][vc_column width=\u00bb1\/6&#8243;][\/vc_column][vc_column width=\u00bb2\/3&#8243;][vc_raw_html]JTNDaWZyYW1lJTIwc3JjJTNEJTIyaHR0cHMlM0ElMkYlMkZwbGF5ZXIudmltZW8uY29tJTJGdmlkZW8lMkYyOTA0OTAxNTElM0ZhdXRvcGxheSUzRDElMjZ0aXRsZSUzRDAlMjZieWxpbmUlM0QwJTI2cG9ydHJhaXQlM0QwJTIyJTIwd2lkdGglM0QlMjI4MDAlMjIlMjBoZWlnaHQlM0QlMjI0NTAlMjIlMjBmcmFtZWJvcmRlciUzRCUyMjAlMjIlMjBhbGxvdyUzRCUyMmF1dG9wbGF5JTNCJTIwZnVsbHNjcmVlbiUyMiUyMGFsbG93ZnVsbHNjcmVlbiUzRSUzQyUyRmlmcmFtZSUzRQ==[\/vc_raw_html]<div class=\"ult-spacer spacer-69e3430b4adee\" data-id=\"69e3430b4adee\" data-height=\"40\" data-height-mobile=\"40\" data-height-tab=\"40\" data-height-tab-portrait=\"\" data-height-mobile-landscape=\"\" style=\"clear:both;display:block;\"><\/div>[\/vc_column][vc_column width=\u00bb1\/6&#8243;][\/vc_column][\/vc_row][vc_row][vc_column width=\u00bb1\/6&#8243;][\/vc_column][vc_column width=\u00bb2\/3&#8243;]<div class=\"smile-icon-timeline-wrap csstime   \"     style=\"\"><div class=\"timeline-line \" style=\"border-right-color:;\"><span><\/span><\/div><div class=\"timeline-wrapper\"><\/div><div class=\"timeline-feature-item feat-item  \"><div class=\"feat-dot \"><div class=\"timeline-dot\"><\/div><\/div><div class=\"ult-timeline-arrow \"><s><\/s><l><\/l><\/div><div class=\"timeline-icon-block\"><div class=\"ult-timeline-icon tl-icon-no-bg\" style=\"   \"><\/div> <!-- icon --><\/div><div class=\"timeline-header-block\" >\n\t\t\t\t\t\t\t<div class=\"timeline-header\" id=\"timeline-featured-3745\"  style=\"\"><h3\n\t\t\t class=\"ult-timeline-title ult-responsive\"   data-ultimate-target='#timeline-featured-3745 .ult-timeline-title'  data-responsive-json-new='{\"font-size\":\"\",\"line-height\":\"\"}'  style=\"\"><\/h3><div class=\"ult-responsive custom-lht\"  data-ultimate-target='#timeline-featured-3745 .custom-lht'  data-responsive-json-new='{\"font-size\":\"\",\"line-height\":\"\"}'  style=\"\"><img decoding=\"async\" loading=\"lazy\" class=\"aligncenter size-full wp-image-860\" src=\"https:\/\/www.choreoscope.com\/ediciones-anteriores\/wp-content\/uploads\/2016\/10\/santaMonica.png\" alt=\"santamonica\" width=\"173\" height=\"100\" \/><\/div><\/div> <!-- header --><\/div><\/div><div class=\"timeline-wrapper \"><\/div><div class=\"timeline-feature-item feat-item  \"><div class=\"feat-dot \"><div class=\"timeline-dot\"><\/div><\/div><div class=\"ult-timeline-arrow \"><s><\/s><l><\/l><\/div><div class=\"timeline-icon-block\"><div class=\"ult-timeline-icon tl-icon-no-bg\" style=\"   \"><\/div> <!-- icon --><\/div><div class=\"timeline-header-block\" >\n\t\t\t\t\t\t\t<div class=\"timeline-header\" id=\"timeline-featured-2343\"  style=\"\"><h3\n\t\t\t class=\"ult-timeline-title ult-responsive\"   data-ultimate-target='#timeline-featured-2343 .ult-timeline-title'  data-responsive-json-new='{\"font-size\":\"\",\"line-height\":\"\"}'  style=\"\">EXPOSICI\u00d3N FOTOGR\u00c1FICA: MOSCA DE BAILE<\/h3><div class=\"ult-responsive custom-lht\"  data-ultimate-target='#timeline-featured-2343 .custom-lht'  data-responsive-json-new='{\"font-size\":\"\",\"line-height\":\"\"}'  style=\"\"><\/p>\n<p style=\"text-align: center;\">CREADA POR SUSANNA BARRANCO<\/p>\n<p style=\"text-align: center;\"><strong>Sede:<\/strong>\u00a0Arts Santa M\u00f2nica<\/p>\n<p style=\"text-align: center;\"><strong>Fechas:<\/strong>\u00a0del 3 al 20 de Octubre 11h a 21h<\/p>\n<p style=\"text-align: center;\"><strong>Precio:<\/strong>\u00a0entrada libre<\/p>\n<p><\/div><\/div> <!-- header --><\/div><\/div><div class=\"timeline-wrapper \"><\/div><div class=\"timeline-feature-item feat-item  \"><div class=\"feat-dot \"><div class=\"timeline-dot\"><\/div><\/div><div class=\"ult-timeline-arrow \"><s><\/s><l><\/l><\/div><div class=\"timeline-icon-block\"><div class=\"ult-timeline-icon tl-icon-no-bg\" style=\"   \"><\/div> <!-- icon --><\/div><div class=\"timeline-header-block\" >\n\t\t\t\t\t\t\t<div class=\"timeline-header\" id=\"timeline-featured-9653\"  style=\"\"><h3\n\t\t\t class=\"ult-timeline-title ult-responsive\"   data-ultimate-target='#timeline-featured-9653 .ult-timeline-title'  data-responsive-json-new='{\"font-size\":\"\",\"line-height\":\"\"}'  style=\"\"><\/h3><div class=\"ult-responsive custom-lht\"  data-ultimate-target='#timeline-featured-9653 .custom-lht'  data-responsive-json-new='{\"font-size\":\"\",\"line-height\":\"\"}'  style=\"\"><\/p>\n<p style=\"text-align: left;\">Basada en el proyecto documental\u00a0<em>Amb el cor al genoll \/ De rodillas coraz\u00f3n<\/em>\u00a0de Susanna Barranco que retrata la vida y la trayectoria de la bailarina Sol Pic\u00f3, ganadora de 10 Premios Max de las Artes Esc\u00e9nicas, as\u00ed como del Premio Nacional de Danza de la Generalitat de Catalunya en 2004y Premio Nacional de Danza 2016, otorgado por el Ministerio de Cultura.<\/p>\n<p style=\"text-align: left;\">Este proyecto reivindica la mujer y a Sol como pionera de una generaci\u00f3n de mujeres artistas y bailarinas, reivindica el cuerpo de la mujer en todas sus formas, movimientos y dolores y celebra, por encima de todo, el arte hecho por mujeres.<\/p>\n<p style=\"text-align: left;\"><strong>La exposici\u00f3n permanecer\u00e1 en el Arts Santa M\u00f2nica del 3 al 20 de octubre.\u00a0<\/strong><\/p>\n<hr \/>\n<p>&nbsp;<\/p>\n<p style=\"text-align: left;\">Based on the feature length documentary\u00a0<em>From Knee to Heart<\/em>\u00a0by Susanna Barranco portraying the life and career of the dancer Sol Pic\u00f3, winner of 10 Max Awards of the Performing Arts, as well as of the National Prize of Dance of the Generalitat de Catalonia in 2004 and the National Dance Prize 2016, awarded by the Ministry of Culture.<\/p>\n<p style=\"text-align: left;\">This project vindicates women in general and Sol in particular as a pioneer of a generation of female artists and dancers. It vindicates the woman\u2019s body in all its forms, movements and grieves. It celebrates, above all, art made by women.<\/p>\n<p style=\"text-align: left;\"><strong>The exhibition will remain at the Arts Santa M\u00f2nica from October 3 to 20.\u00a0<\/strong><\/p>\n<p><\/div><\/div> <!-- header --><\/div><\/div><div class=\"timeline-wrapper \"><\/div><\/div>[vc_single_image image=\u00bb2192&#8243; img_size=\u00bbfull\u00bb][\/vc_column][vc_column width=\u00bb1\/6&#8243;][\/vc_column][\/vc_row][vc_column width=\u00bb1\/6&#8243;][\/vc_column][vc_column width=\u00bb2\/3&#8243;][\/vc_column]<\/p>\n<\/section>","protected":false},"excerpt":{"rendered":"<p>[vc_row][vc_column width=\u00bb1\/6&#8243;][\/vc_column][vc_column width=\u00bb2\/3&#8243;][\/vc_column][vc_column width=\u00bb1\/6&#8243;][\/vc_column][\/vc_row][vc_row][vc_column width=\u00bb1\/6&#8243;][\/vc_column][vc_column width=\u00bb2\/3&#8243;][vc_raw_html]JTNDaWZyYW1lJTIwc3JjJTNEJTIyaHR0cHMlM0ElMkYlMkZwbGF5ZXIudmltZW8uY29tJTJGdmlkZW8lMkYyOTA0OTAxNTElM0ZhdXRvcGxheSUzRDElMjZ0aXRsZSUzRDAlMjZieWxpbmUlM0QwJTI2cG9ydHJhaXQlM0QwJTIyJTIwd2lkdGglM0QlMjI4MDAlMjIlMjBoZWlnaHQlM0QlMjI0NTAlMjIlMjBmcmFtZWJvcmRlciUzRCUyMjAlMjIlMjBhbGxvdyUzRCUyMmF1dG9wbGF5JTNCJTIwZnVsbHNjcmVlbiUyMiUyMGFsbG93ZnVsbHNjcmVlbiUzRSUzQyUyRmlmcmFtZSUzRQ==[\/vc_raw_html][\/vc_column][vc_column width=\u00bb1\/6&#8243;][\/vc_column][\/vc_row][vc_row][vc_column width=\u00bb1\/6&#8243;][\/vc_column][vc_column width=\u00bb2\/3&#8243;][vc_single_image image=\u00bb2192&#8243; img_size=\u00bbfull\u00bb][\/vc_column][vc_column width=\u00bb1\/6&#8243;][\/vc_column][\/vc_row][vc_column width=\u00bb1\/6&#8243;][\/vc_column][vc_column width=\u00bb2\/3&#8243;][\/vc_column]<\/p>\n","protected":false},"author":2,"featured_media":0,"parent":0,"menu_order":0,"comment_status":"closed","ping_status":"closed","template":"","meta":[],"_links":{"self":[{"href":"https:\/\/www.choreoscope.com\/ediciones-anteriores\/wp-json\/wp\/v2\/pages\/2162"}],"collection":[{"href":"https:\/\/www.choreoscope.com\/ediciones-anteriores\/wp-json\/wp\/v2\/pages"}],"about":[{"href":"https:\/\/www.choreoscope.com\/ediciones-anteriores\/wp-json\/wp\/v2\/types\/page"}],"author":[{"embeddable":true,"href":"https:\/\/www.choreoscope.com\/ediciones-anteriores\/wp-json\/wp\/v2\/users\/2"}],"replies":[{"embeddable":true,"href":"https:\/\/www.choreoscope.com\/ediciones-anteriores\/wp-json\/wp\/v2\/comments?post=2162"}],"version-history":[{"count":24,"href":"https:\/\/www.choreoscope.com\/ediciones-anteriores\/wp-json\/wp\/v2\/pages\/2162\/revisions"}],"predecessor-version":[{"id":2531,"href":"https:\/\/www.choreoscope.com\/ediciones-anteriores\/wp-json\/wp\/v2\/pages\/2162\/revisions\/2531"}],"wp:attachment":[{"href":"https:\/\/www.choreoscope.com\/ediciones-anteriores\/wp-json\/wp\/v2\/media?parent=2162"}],"curies":[{"name":"wp","href":"https:\/\/api.w.org\/{rel}","templated":true}]}}