{"id":262,"date":"2015-09-23T17:08:01","date_gmt":"2015-09-23T15:08:01","guid":{"rendered":"https:\/\/www.choreoscope.com\/ediciones-anteriores\/?page_id=262"},"modified":"2015-11-13T16:24:29","modified_gmt":"2015-11-13T15:24:29","slug":"jueves-22-10","status":"publish","type":"page","link":"https:\/\/www.choreoscope.com\/ediciones-anteriores\/jueves-22-10\/","title":{"rendered":"Jueves 22.10"},"content":{"rendered":"<section class=\"wpb-content-wrapper\"><p>[vc_row margin_top=\u00bb0&#8243; margin_bottom=\u00bb0&#8243; full_width=\u00bb\u00bb padding_left=\u00bb0&#8243; padding_right=\u00bb0&#8243; animation=\u00bb\u00bb type=\u00bb\u00bb bg_color=\u00bb\u00bb bg_position=\u00bbtop\u00bb bg_repeat=\u00bbno-repeat\u00bb bg_cover=\u00bbfalse\u00bb bg_attachment=\u00bbfalse\u00bb padding_top=\u00bb0&#8243; padding_bottom=\u00bb0&#8243; enable_parallax=\u00bb\u00bb parallax_speed=\u00bb0.1&#8243; bg_video_src_mp4=\u00bb\u00bb bg_video_src_ogv=\u00bb\u00bb bg_video_src_webm=\u00bb\u00bb bg_type=\u00bb\u00bb parallax_style=\u00bb\u00bb bg_image_new=\u00bb\u00bb layer_image=\u00bb\u00bb bg_image_repeat=\u00bb\u00bb bg_image_size=\u00bb\u00bb bg_cstm_size=\u00bb\u00bb bg_img_attach=\u00bb\u00bb parallax_sense=\u00bb\u00bb bg_image_posiiton=\u00bb\u00bb animation_direction=\u00bb\u00bb animation_repeat=\u00bb\u00bb video_url=\u00bb\u00bb video_url_2=\u00bb\u00bb u_video_url=\u00bb\u00bb video_opts=\u00bb\u00bb video_poster=\u00bb\u00bb u_start_time=\u00bb\u00bb u_stop_time=\u00bb\u00bb viewport_vdo=\u00bb\u00bb enable_controls=\u00bb\u00bb bg_override=\u00bb\u00bb disable_on_mobile_img_parallax=\u00bb\u00bb parallax_content=\u00bb\u00bb parallax_content_sense=\u00bb\u00bb fadeout_row=\u00bb\u00bb fadeout_start_effect=\u00bb\u00bb enable_overlay=\u00bb\u00bb overlay_color=\u00bb\u00bb overlay_pattern=\u00bb\u00bb overlay_pattern_opacity=\u00bb\u00bb overlay_pattern_size=\u00bb\u00bb overlay_pattern_attachment=\u00bb\u00bb multi_color_overlay=\u00bb\u00bb multi_color_overlay_opacity=\u00bb\u00bb seperator_enable=\u00bb\u00bb seperator_type=\u00bb\u00bb seperator_position=\u00bb\u00bb seperator_shape_size=\u00bb\u00bb seperator_svg_height=\u00bb\u00bb seperator_shape_background=\u00bb\u00bb seperator_shape_border=\u00bb\u00bb seperator_shape_border_color=\u00bb\u00bb seperator_shape_border_width=\u00bb\u00bb icon_type=\u00bb\u00bb icon=\u00bb\u00bb icon_size=\u00bb\u00bb icon_color=\u00bb\u00bb icon_style=\u00bb\u00bb icon_color_bg=\u00bb\u00bb icon_border_style=\u00bb\u00bb icon_color_border=\u00bb\u00bb icon_border_size=\u00bb\u00bb icon_border_radius=\u00bb\u00bb icon_border_spacing=\u00bb\u00bb icon_img=\u00bb\u00bb img_width=\u00bb\u00bb ult_hide_row=\u00bb\u00bb ult_hide_row_large_screen=\u00bb\u00bb ult_hide_row_desktop=\u00bb\u00bb ult_hide_row_tablet=\u00bb\u00bb ult_hide_row_tablet_small=\u00bb\u00bb ult_hide_row_mobile=\u00bb\u00bb ult_hide_row_mobile_large=\u00bb\u00bb][vc_column width=\u00bb1\/1&#8243; animation=\u00bb\u00bb][vc_single_image image=\u00bb368&#8243; alignment=\u00bbcenter\u00bb style=\u00bbvc_box_shadow_3d\u00bb border_color=\u00bbgrey\u00bb img_link_large=\u00bb\u00bb img_link_target=\u00bb_self\u00bb image_hovers=\u00bbtrue\u00bb img_size=\u00bbfull\u00bb]<div class=\"ult-spacer spacer-69e086b0cc769\" data-id=\"69e086b0cc769\" data-height=\"50\" data-height-mobile=\"50\" data-height-tab=\"50\" data-height-tab-portrait=\"\" data-height-mobile-landscape=\"\" style=\"clear:both;display:block;\"><\/div>[vc_single_image image=\u00bb263&#8243; alignment=\u00bbcenter\u00bb style=\u00bbvc_box_shadow_3d\u00bb border_color=\u00bbgrey\u00bb img_link_large=\u00bb\u00bb img_link_target=\u00bb_self\u00bb css_animation=\u00bb\u00bb image_hovers=\u00bbtrue\u00bb img_size=\u00bbfull\u00bb]<div class=\"ult-spacer spacer-69e086b0cc799\" data-id=\"69e086b0cc799\" data-height=\"50\" data-height-mobile=\"50\" data-height-tab=\"50\" data-height-tab-portrait=\"\" data-height-mobile-landscape=\"\" style=\"clear:both;display:block;\"><\/div><div class=\"dt-fancy-separator h3-size accent-title-color\" style=\"width: 100%;\"><div class=\"dt-fancy-title\"><span class=\"separator-holder separator-left\"><\/span>JURADO DE LA SELECCI\u00d3N DOCUMENTAL 2015<span class=\"separator-holder separator-right\"><\/span><\/div><\/div>[vc_single_image image=\u00bb247&#8243; alignment=\u00bbcenter\u00bb style=\u00bbvc_box_shadow_3d\u00bb border_color=\u00bbgrey\u00bb img_link_large=\u00bb\u00bb img_link_target=\u00bb_self\u00bb image_hovers=\u00bbtrue\u00bb img_size=\u00bbfull\u00bb][vc_row_inner][vc_column_inner el_class=\u00bb\u00bb width=\u00bb1\/3&#8243;][vc_column_text]<a class=\"dt-single-image\" href=\"https:\/\/www.choreoscope.com\/ediciones-anteriores\/wp-content\/uploads\/2015\/10\/Valerie-Delpierre1.jpg\" data-dt-img-description=\"\"><img decoding=\"async\" loading=\"lazy\" class=\"alignleft size-thumbnail wp-image-327\" src=\"https:\/\/www.choreoscope.com\/ediciones-anteriores\/wp-content\/uploads\/2015\/10\/Valerie-Delpierre1-150x150.jpg\" alt=\"Valerie Delpierre\" width=\"150\" height=\"150\" \/><\/a><\/p>\n<div style=\"text-align: left;\">VAL\u00c9RIE DELPIERRE<\/div>\n<div style=\"text-align: justify;\">Productora fundadora de Inicia Films, Barcelona, desde donde produce documentales, cortometrajes y largometrajes de ficci\u00f3n con un especial inter\u00e9s en desarrollar proyectos de nuevos talentos y trabajar en coproducciones internacionales. En los \u00faltimos a\u00f1os ha participado en pel\u00edculas como B, de David Ilundain recientemente estrenada en Espa\u00f1a sobre la declaraci\u00f3n de Luis Barcenas ante el juez Ruz, el documental La\u00a0Int\u00e9rprete de Antonio P\u00e9rez Molero que se acaba de estrenar en el World Film Festival de Montreal o Godka Cirka de Alex Lora, premio mejor cortometraje Gaudi 2014. Inicia Films colabora tambi\u00e9n con productoras independientes para orientar y coordinar el desarrollo de sus proyectos. Val\u00e9rie Delpierre es\u00a0 vicepresidente de la asociaci\u00f3n de productores de documental PRODOCS.<\/div>\n<p>[\/vc_column_text][\/vc_column_inner][vc_column_inner el_class=\u00bb\u00bb width=\u00bb1\/3&#8243;][vc_column_text]<a class=\"dt-single-image\" href=\"https:\/\/www.choreoscope.com\/ediciones-anteriores\/wp-content\/uploads\/2015\/10\/manubl-e1445258139239.jpg\" data-dt-img-description=\"\"><img decoding=\"async\" loading=\"lazy\" class=\"alignleft wp-image-321 size-thumbnail\" src=\"https:\/\/www.choreoscope.com\/ediciones-anteriores\/wp-content\/uploads\/2015\/10\/manubl-e1445258139239-150x150.jpg\" alt=\"MANU BENAVENTE\" width=\"150\" height=\"150\" \/><\/a><\/p>\n<p class=\"ox-aa9fe42a4c-MsoNormal\" style=\"text-align: left;\">MANU BENAVENTE \u00a0 \u00a0 \u00a0 \u00a0 \u00a0 \u00a0Becat pel Ministeri de Cultura estudia a la Escuela Internacional de San Antonio de los Ba\u00f1os- Cuba, \u201c\u00c9stetica de la realizaci\u00f3n documental y fotograf\u00eda cinemotagrafica.<\/p>\n<p class=\"ox-aa9fe42a4c-MsoNormal\" style=\"text-align: justify;\">Realizador-coordinador pel programa d\u2019informaci\u00f3 cinematogr\u00e1fica \u201cVa de cine\u201d (TVE) als festivals internacionals de Cannes, Berlin, Sitges i San Sebasti\u00e1n.<\/p>\n<p class=\"ox-aa9fe42a4c-MsoNormal\" style=\"text-align: justify;\">En 1993 co-funda MANUAL SCCL juntament amb l&#8217;Alfons Garrido.\u00a0Com a realitzador de TV ha dirigit multitud de produccions (Programes de TV, Spots publicitaris, teatre per a TV, microespais TV, Documentals TV, retransmissions en directe, institucionals i v\u00eddeo corporatius.Professor de diferents cursos de capacitaci\u00f3 per a inmigrants en mitjans audiovisuals per la plataforma MIGRAMEDIA.\u00a0Professor a L\u2019institut d\u2019Educaci\u00f3 Continua de l\u2019UPF (M\u00e0ster video coorporativo, institucional y empresarial).\u00a0<span class=\"ox-aa9fe42a4c-Apple-style-span\">Codirector y Productor executiu del documental \u00abLa mirada d&#8217;un ge\u00f2graf. Vida i viatges de Gon\u00e7al de Reparaz\u00bb. TV3.\u00a0<\/span>Director-realitzador del programa especial \u00abNus\u00bb TV3.\u00a0Productor executiu del documental \u201cAzala\u00ef, la darrera caravana\u201d.\u00a0Productor Executiu i Codirector del documental \u00abLa hist\u00f2ria d&#8217;un teatre lliure\u00bb, co-produ\u00eft per a TV3.<\/p>\n<div>\n<div style=\"text-align: justify;\"><span class=\"ox-aa9fe42a4c-Apple-style-span\">Ha dirigit els curtmetrages: \u201cHermanos\u201d (35mm) (Ficci\u00f3) que ha estat finalista en diferents festivals internacionals destacant la seva participaci\u00f3 en el \u201cShooting Europe 2006\u201d i \u00abMi viejo y el Mar\u00bb (Documental) seleccionat a la darrera edici\u00f3 del Festival Internacional de Montreal 2015<\/span><\/div>\n<div style=\"text-align: justify;\"><span class=\"ox-aa9fe42a4c-Apple-style-span\">\u00a0<\/span><\/div>\n<div style=\"text-align: justify;\"><span class=\"ox-aa9fe42a4c-Apple-style-span\">Actualment produeix i co-dirigeix els documentals per a TV \u00abL&#8217;aventura del Catalunya\u00bb i \u00abGuillem d&#8217;Efak. La veu de l&#8217;Illa\u00bb en proces de post-producci\u00f3.<\/span><\/div>\n<\/div>\n<p>[\/vc_column_text][\/vc_column_inner][vc_column_inner el_class=\u00bb\u00bb width=\u00bb1\/3&#8243;][vc_column_text]<\/p>\n<p style=\"text-align: left;\"><a class=\"dt-single-image\" href=\"https:\/\/www.choreoscope.com\/ediciones-anteriores\/wp-content\/uploads\/2015\/10\/Producer-Laura-Collado.jpg\" data-dt-img-description=\"\"><img decoding=\"async\" loading=\"lazy\" class=\"alignleft size-thumbnail wp-image-328\" src=\"https:\/\/www.choreoscope.com\/ediciones-anteriores\/wp-content\/uploads\/2015\/10\/Producer-Laura-Collado-150x150.jpg\" alt=\"Laura Collado\" width=\"150\" height=\"150\" \/><\/a>LAURA COLLADO, Productora Ejecutiva de Trueday Films.<\/p>\n<p style=\"text-align: justify;\">Licenciada en Periodismo por la Universidad Aut\u00f3noma de Barcelona, se inicia en la producci\u00f3n audiovisual trabajando en late night-shows para MTV Italia (Italo Spagnolo) y TV3 (Boqueria 357). Con la productora JWP empieza en el documental colaborando en reportajes para \u201cPeople &amp; Power\u201d Al Jazeera Internacional y en documentales de TV como \u201cTransplantant la vida\u201d para TVC. Productora delegada de Andoliado Producciones durante 3 a\u00f1os, participa en varios largometrajes documentales entre los que podemos destacar \u201cLa Casa\u201d de Tayo Cort\u00e9s, galardonada con el Silver Dove en Dok Leipzig, y \u201cYorgos\u201d-Reiventando Rapa Nui\u201d del premiado director Paco Toledo y Jos\u00e9 Domingo Rivera, que consigue el apoyo de MEDIA y se presenta recientemente el Festival de M\u00e1laga. En 2012 funda Trueday Films con la que oferece servicios de producci\u00f3n y produce sus primeros cortos documentales, como \u201cAlianait-Art in the Arctic\u201d. Actualmente dirige su primer largometraje documental, \u201cConstructing Albert\u201d que tiene como protagonista a Albert Adri\u00e0, hermano de Ferran Adri\u00e0 y coart\u00edfice de elBulli.<\/p>\n<p>[\/vc_column_text][\/vc_column_inner][\/vc_row_inner][\/vc_column][\/vc_row]<\/p>\n<\/section>","protected":false},"excerpt":{"rendered":"<p>[vc_row margin_top=\u00bb0&#8243; margin_bottom=\u00bb0&#8243; full_width=\u00bb\u00bb padding_left=\u00bb0&#8243; padding_right=\u00bb0&#8243; animation=\u00bb\u00bb type=\u00bb\u00bb bg_color=\u00bb\u00bb bg_position=\u00bbtop\u00bb bg_repeat=\u00bbno-repeat\u00bb bg_cover=\u00bbfalse\u00bb bg_attachment=\u00bbfalse\u00bb padding_top=\u00bb0&#8243; padding_bottom=\u00bb0&#8243; enable_parallax=\u00bb\u00bb parallax_speed=\u00bb0.1&#8243; bg_video_src_mp4=\u00bb\u00bb bg_video_src_ogv=\u00bb\u00bb bg_video_src_webm=\u00bb\u00bb bg_type=\u00bb\u00bb parallax_style=\u00bb\u00bb bg_image_new=\u00bb\u00bb layer_image=\u00bb\u00bb bg_image_repeat=\u00bb\u00bb bg_image_size=\u00bb\u00bb bg_cstm_size=\u00bb\u00bb bg_img_attach=\u00bb\u00bb parallax_sense=\u00bb\u00bb bg_image_posiiton=\u00bb\u00bb animation_direction=\u00bb\u00bb animation_repeat=\u00bb\u00bb video_url=\u00bb\u00bb video_url_2=\u00bb\u00bb u_video_url=\u00bb\u00bb video_opts=\u00bb\u00bb video_poster=\u00bb\u00bb u_start_time=\u00bb\u00bb u_stop_time=\u00bb\u00bb viewport_vdo=\u00bb\u00bb enable_controls=\u00bb\u00bb bg_override=\u00bb\u00bb disable_on_mobile_img_parallax=\u00bb\u00bb parallax_content=\u00bb\u00bb parallax_content_sense=\u00bb\u00bb fadeout_row=\u00bb\u00bb fadeout_start_effect=\u00bb\u00bb enable_overlay=\u00bb\u00bb overlay_color=\u00bb\u00bb overlay_pattern=\u00bb\u00bb overlay_pattern_opacity=\u00bb\u00bb overlay_pattern_size=\u00bb\u00bb overlay_pattern_attachment=\u00bb\u00bb multi_color_overlay=\u00bb\u00bb multi_color_overlay_opacity=\u00bb\u00bb&hellip;<\/p>\n","protected":false},"author":1,"featured_media":0,"parent":0,"menu_order":0,"comment_status":"closed","ping_status":"closed","template":"","meta":[],"_links":{"self":[{"href":"https:\/\/www.choreoscope.com\/ediciones-anteriores\/wp-json\/wp\/v2\/pages\/262"}],"collection":[{"href":"https:\/\/www.choreoscope.com\/ediciones-anteriores\/wp-json\/wp\/v2\/pages"}],"about":[{"href":"https:\/\/www.choreoscope.com\/ediciones-anteriores\/wp-json\/wp\/v2\/types\/page"}],"author":[{"embeddable":true,"href":"https:\/\/www.choreoscope.com\/ediciones-anteriores\/wp-json\/wp\/v2\/users\/1"}],"replies":[{"embeddable":true,"href":"https:\/\/www.choreoscope.com\/ediciones-anteriores\/wp-json\/wp\/v2\/comments?post=262"}],"version-history":[{"count":11,"href":"https:\/\/www.choreoscope.com\/ediciones-anteriores\/wp-json\/wp\/v2\/pages\/262\/revisions"}],"predecessor-version":[{"id":288,"href":"https:\/\/www.choreoscope.com\/ediciones-anteriores\/wp-json\/wp\/v2\/pages\/262\/revisions\/288"}],"wp:attachment":[{"href":"https:\/\/www.choreoscope.com\/ediciones-anteriores\/wp-json\/wp\/v2\/media?parent=262"}],"curies":[{"name":"wp","href":"https:\/\/api.w.org\/{rel}","templated":true}]}}