{"id":28,"date":"2015-06-03T11:29:21","date_gmt":"2015-06-03T09:29:21","guid":{"rendered":"https:\/\/www.choreoscope.com\/ediciones-anteriores\/?page_id=28"},"modified":"2015-06-03T14:24:42","modified_gmt":"2015-06-03T12:24:42","slug":"edicion-2014","status":"publish","type":"page","link":"https:\/\/www.choreoscope.com\/ediciones-anteriores\/edicion-2014\/","title":{"rendered":"Edici\u00f3n 2014"},"content":{"rendered":"<section class=\"wpb-content-wrapper\"><p>[vc_row margin_top=\u00bb0&#8243; margin_bottom=\u00bb0&#8243; full_width=\u00bb\u00bb padding_left=\u00bb0&#8243; padding_right=\u00bb0&#8243; animation=\u00bb\u00bb type=\u00bb\u00bb bg_color=\u00bb\u00bb bg_position=\u00bbtop\u00bb bg_repeat=\u00bbno-repeat\u00bb bg_cover=\u00bbfalse\u00bb bg_attachment=\u00bbfalse\u00bb padding_top=\u00bb0&#8243; padding_bottom=\u00bb0&#8243; enable_parallax=\u00bb\u00bb parallax_speed=\u00bb0.1&#8243; bg_video_src_mp4=\u00bb\u00bb bg_video_src_ogv=\u00bb\u00bb bg_video_src_webm=\u00bb\u00bb bg_type=\u00bb\u00bb parallax_style=\u00bb\u00bb bg_image_new=\u00bb\u00bb layer_image=\u00bb\u00bb bg_image_repeat=\u00bb\u00bb bg_image_size=\u00bb\u00bb bg_cstm_size=\u00bb\u00bb bg_img_attach=\u00bb\u00bb parallax_sense=\u00bb\u00bb bg_image_posiiton=\u00bb\u00bb animation_direction=\u00bb\u00bb animation_repeat=\u00bb\u00bb video_url=\u00bb\u00bb video_url_2=\u00bb\u00bb u_video_url=\u00bb\u00bb video_opts=\u00bb\u00bb video_poster=\u00bb\u00bb u_start_time=\u00bb\u00bb u_stop_time=\u00bb\u00bb viewport_vdo=\u00bb\u00bb enable_controls=\u00bb\u00bb bg_override=\u00bb\u00bb disable_on_mobile_img_parallax=\u00bb\u00bb parallax_content=\u00bb\u00bb parallax_content_sense=\u00bb\u00bb fadeout_row=\u00bb\u00bb fadeout_start_effect=\u00bb\u00bb enable_overlay=\u00bb\u00bb overlay_color=\u00bb\u00bb overlay_pattern=\u00bb\u00bb overlay_pattern_opacity=\u00bb\u00bb overlay_pattern_size=\u00bb\u00bb overlay_pattern_attachment=\u00bb\u00bb multi_color_overlay=\u00bb\u00bb multi_color_overlay_opacity=\u00bb\u00bb seperator_enable=\u00bb\u00bb seperator_type=\u00bb\u00bb seperator_position=\u00bb\u00bb seperator_shape_size=\u00bb\u00bb seperator_svg_height=\u00bb\u00bb seperator_shape_background=\u00bb\u00bb seperator_shape_border=\u00bb\u00bb seperator_shape_border_color=\u00bb\u00bb seperator_shape_border_width=\u00bb\u00bb icon_type=\u00bb\u00bb icon=\u00bb\u00bb icon_size=\u00bb\u00bb icon_color=\u00bb\u00bb icon_style=\u00bb\u00bb icon_color_bg=\u00bb\u00bb icon_border_style=\u00bb\u00bb icon_color_border=\u00bb\u00bb icon_border_size=\u00bb\u00bb icon_border_radius=\u00bb\u00bb icon_border_spacing=\u00bb\u00bb icon_img=\u00bb\u00bb img_width=\u00bb\u00bb ult_hide_row=\u00bb\u00bb ult_hide_row_large_screen=\u00bb\u00bb ult_hide_row_desktop=\u00bb\u00bb ult_hide_row_tablet=\u00bb\u00bb ult_hide_row_tablet_small=\u00bb\u00bb ult_hide_row_mobile=\u00bb\u00bb ult_hide_row_mobile_large=\u00bb\u00bb][vc_column width=\u00bb1\/2&#8243; animation=\u00bb\u00bb][vc_column_text css_animation=\u00bbbounce\u00bb]<\/p>\n<p style=\"text-align: justify;\">Selecciones oficiales Choreoscope Barcelona 2014 \u00b7\u00a0Conferencia Choreoscope<\/p>\n<p style=\"text-align: justify;\">\u00bfQuieres contactar con alg\u00fan director, o core\u00f3grafo? \u00a1Puedes!<\/p>\n<p style=\"text-align: justify;\">El programa incluye su twitter, p\u00e1gina web, facebook, o vimeo.<\/p>\n<p style=\"text-align: justify;\">Es una oportunidad \u00fanica de conocerlos mejor, incluso, por qu\u00e9 no, trabajar con ellos. \u00a1Aprovecha!<\/p>\n<p style=\"text-align: justify;\">PD. Haciendo click sobre la imagen puedes descargarte el programa.<\/p>\n<p>[\/vc_column_text][\/vc_column][vc_column width=\u00bb1\/2&#8243; animation=\u00bb\u00bb][vc_column_text css_animation=\u00bbbounce\u00bb]<\/p>\n<p style=\"text-align: justify;\">Official selections of Choreoscope Barcelona 2014 \u00b7 Choreoscope Conference<\/p>\n<p style=\"text-align: justify;\">Do you want to contact the artists behind the films? You can!<\/p>\n<p style=\"text-align: justify;\">The program includes their twitter, website, facebook or vimeo page.<\/p>\n<p style=\"text-align: justify;\">Now you have a\u00a0unique opportunity to get to know them better, to communicate with them.<\/p>\n<p style=\"text-align: justify;\">PD. By clicking on the image you can download it.<\/p>\n<p>[\/vc_column_text][\/vc_column][\/vc_row][vc_row margin_top=\u00bb0&#8243; margin_bottom=\u00bb0&#8243; full_width=\u00bb\u00bb padding_left=\u00bb0&#8243; padding_right=\u00bb0&#8243; animation=\u00bb\u00bb type=\u00bb\u00bb bg_color=\u00bb\u00bb bg_position=\u00bbtop\u00bb bg_repeat=\u00bbno-repeat\u00bb bg_cover=\u00bbfalse\u00bb bg_attachment=\u00bbfalse\u00bb padding_top=\u00bb0&#8243; padding_bottom=\u00bb0&#8243; enable_parallax=\u00bb\u00bb parallax_speed=\u00bb0.1&#8243; bg_video_src_mp4=\u00bb\u00bb bg_video_src_ogv=\u00bb\u00bb bg_video_src_webm=\u00bb\u00bb bg_type=\u00bb\u00bb parallax_style=\u00bb\u00bb bg_image_new=\u00bb\u00bb layer_image=\u00bb\u00bb bg_image_repeat=\u00bb\u00bb bg_image_size=\u00bb\u00bb bg_cstm_size=\u00bb\u00bb bg_img_attach=\u00bb\u00bb parallax_sense=\u00bb\u00bb bg_image_posiiton=\u00bb\u00bb animation_direction=\u00bb\u00bb animation_repeat=\u00bb\u00bb video_url=\u00bb\u00bb video_url_2=\u00bb\u00bb u_video_url=\u00bb\u00bb video_opts=\u00bb\u00bb video_poster=\u00bb\u00bb u_start_time=\u00bb\u00bb u_stop_time=\u00bb\u00bb viewport_vdo=\u00bb\u00bb enable_controls=\u00bb\u00bb bg_override=\u00bb\u00bb disable_on_mobile_img_parallax=\u00bb\u00bb parallax_content=\u00bb\u00bb parallax_content_sense=\u00bb\u00bb fadeout_row=\u00bb\u00bb fadeout_start_effect=\u00bb\u00bb enable_overlay=\u00bb\u00bb overlay_color=\u00bb\u00bb overlay_pattern=\u00bb\u00bb overlay_pattern_opacity=\u00bb\u00bb overlay_pattern_size=\u00bb\u00bb overlay_pattern_attachment=\u00bb\u00bb multi_color_overlay=\u00bb\u00bb multi_color_overlay_opacity=\u00bb\u00bb seperator_enable=\u00bb\u00bb seperator_type=\u00bb\u00bb seperator_position=\u00bb\u00bb seperator_shape_size=\u00bb\u00bb seperator_svg_height=\u00bb\u00bb seperator_shape_background=\u00bb\u00bb seperator_shape_border=\u00bb\u00bb seperator_shape_border_color=\u00bb\u00bb seperator_shape_border_width=\u00bb\u00bb icon_type=\u00bb\u00bb icon=\u00bb\u00bb icon_size=\u00bb\u00bb icon_color=\u00bb\u00bb icon_style=\u00bb\u00bb icon_color_bg=\u00bb\u00bb icon_border_style=\u00bb\u00bb icon_color_border=\u00bb\u00bb icon_border_size=\u00bb\u00bb icon_border_radius=\u00bb\u00bb icon_border_spacing=\u00bb\u00bb icon_img=\u00bb\u00bb img_width=\u00bb\u00bb ult_hide_row=\u00bb\u00bb ult_hide_row_large_screen=\u00bb\u00bb ult_hide_row_desktop=\u00bb\u00bb ult_hide_row_tablet=\u00bb\u00bb ult_hide_row_tablet_small=\u00bb\u00bb ult_hide_row_mobile=\u00bb\u00bb ult_hide_row_mobile_large=\u00bb\u00bb][vc_column width=\u00bb1\/2&#8243; animation=\u00bb\u00bb]<div class=\"ult-spacer spacer-69e086b0c4151\" data-id=\"69e086b0c4151\" data-height=\"50\" data-height-mobile=\"50\" data-height-tab=\"50\" data-height-tab-portrait=\"\" data-height-mobile-landscape=\"\" style=\"clear:both;display:block;\"><\/div>[vc_single_image image=\u00bb47&#8243; alignment=\u00bbcenter\u00bb border_color=\u00bbgrey\u00bb img_link_large=\u00bbyes\u00bb img_link_target=\u00bb_self\u00bb css_animation=\u00bbpulse\u00bb image_hovers=\u00bbtrue\u00bb img_size=\u00bb474&#215;1218&#8243;][\/vc_column][vc_column width=\u00bb1\/2&#8243; animation=\u00bb\u00bb]<div class=\"ult-spacer spacer-69e086b0c418f\" data-id=\"69e086b0c418f\" data-height=\"50\" data-height-mobile=\"50\" data-height-tab=\"50\" data-height-tab-portrait=\"\" data-height-mobile-landscape=\"\" style=\"clear:both;display:block;\"><\/div>[vc_single_image image=\u00bb49&#8243; alignment=\u00bbcenter\u00bb border_color=\u00bbgrey\u00bb img_link_large=\u00bbyes\u00bb img_link_target=\u00bb_self\u00bb css_animation=\u00bbpulse\u00bb image_hovers=\u00bbtrue\u00bb img_size=\u00bb474&#215;1000&#8243;][\/vc_column][\/vc_row][vc_row margin_top=\u00bb0&#8243; margin_bottom=\u00bb0&#8243; full_width=\u00bb\u00bb padding_left=\u00bb0&#8243; padding_right=\u00bb0&#8243; animation=\u00bb\u00bb type=\u00bb\u00bb bg_color=\u00bb\u00bb bg_position=\u00bbtop\u00bb bg_repeat=\u00bbno-repeat\u00bb bg_cover=\u00bbfalse\u00bb bg_attachment=\u00bbfalse\u00bb padding_top=\u00bb0&#8243; padding_bottom=\u00bb0&#8243; enable_parallax=\u00bb\u00bb parallax_speed=\u00bb0.1&#8243; bg_video_src_mp4=\u00bb\u00bb bg_video_src_ogv=\u00bb\u00bb bg_video_src_webm=\u00bb\u00bb bg_type=\u00bb\u00bb parallax_style=\u00bb\u00bb bg_image_new=\u00bb\u00bb layer_image=\u00bb\u00bb bg_image_repeat=\u00bb\u00bb bg_image_size=\u00bb\u00bb bg_cstm_size=\u00bb\u00bb bg_img_attach=\u00bb\u00bb parallax_sense=\u00bb\u00bb bg_image_posiiton=\u00bb\u00bb animation_direction=\u00bb\u00bb animation_repeat=\u00bb\u00bb video_url=\u00bb\u00bb video_url_2=\u00bb\u00bb u_video_url=\u00bb\u00bb video_opts=\u00bb\u00bb video_poster=\u00bb\u00bb u_start_time=\u00bb\u00bb u_stop_time=\u00bb\u00bb viewport_vdo=\u00bb\u00bb enable_controls=\u00bb\u00bb bg_override=\u00bb\u00bb disable_on_mobile_img_parallax=\u00bb\u00bb parallax_content=\u00bb\u00bb parallax_content_sense=\u00bb\u00bb fadeout_row=\u00bb\u00bb fadeout_start_effect=\u00bb\u00bb enable_overlay=\u00bb\u00bb overlay_color=\u00bb\u00bb overlay_pattern=\u00bb\u00bb overlay_pattern_opacity=\u00bb\u00bb overlay_pattern_size=\u00bb\u00bb overlay_pattern_attachment=\u00bb\u00bb multi_color_overlay=\u00bb\u00bb multi_color_overlay_opacity=\u00bb\u00bb seperator_enable=\u00bb\u00bb seperator_type=\u00bb\u00bb seperator_position=\u00bb\u00bb seperator_shape_size=\u00bb\u00bb seperator_svg_height=\u00bb\u00bb seperator_shape_background=\u00bb\u00bb seperator_shape_border=\u00bb\u00bb seperator_shape_border_color=\u00bb\u00bb seperator_shape_border_width=\u00bb\u00bb icon_type=\u00bb\u00bb icon=\u00bb\u00bb icon_size=\u00bb\u00bb icon_color=\u00bb\u00bb icon_style=\u00bb\u00bb icon_color_bg=\u00bb\u00bb icon_border_style=\u00bb\u00bb icon_color_border=\u00bb\u00bb icon_border_size=\u00bb\u00bb icon_border_radius=\u00bb\u00bb icon_border_spacing=\u00bb\u00bb icon_img=\u00bb\u00bb img_width=\u00bb\u00bb ult_hide_row=\u00bb\u00bb ult_hide_row_large_screen=\u00bb\u00bb ult_hide_row_desktop=\u00bb\u00bb ult_hide_row_tablet=\u00bb\u00bb ult_hide_row_tablet_small=\u00bb\u00bb ult_hide_row_mobile=\u00bb\u00bb ult_hide_row_mobile_large=\u00bb\u00bb][vc_column width=\u00bb1\/1&#8243; animation=\u00bb\u00bb]<div class=\"ult-spacer spacer-69e086b0c41b8\" data-id=\"69e086b0c41b8\" data-height=\"50\" data-height-mobile=\"50\" data-height-tab=\"50\" data-height-tab-portrait=\"\" data-height-mobile-landscape=\"\" style=\"clear:both;display:block;\"><\/div><div class=\"dt-fancy-separator h4-size style-double accent-title-color\" style=\"width: 100%;\"><div class=\"dt-fancy-title\"><span class=\"separator-holder separator-left\"><\/span>Conferencia Choreoscope en colaboraci\u00f3n con D+I (Danza + Investigaci\u00f3n)<span class=\"separator-holder separator-right\"><\/span><\/div><\/div><div class=\"ult-spacer spacer-69e086b0c4227\" data-id=\"69e086b0c4227\" data-height=\"50\" data-height-mobile=\"50\" data-height-tab=\"50\" data-height-tab-portrait=\"\" data-height-mobile-landscape=\"\" style=\"clear:both;display:block;\"><\/div>[vc_single_image image=\u00bb36&#8243; alignment=\u00bbcenter\u00bb style=\u00bbvc_box_shadow_border\u00bb border_color=\u00bbgrey\u00bb img_link_large=\u00bb\u00bb img_link_target=\u00bb_self\u00bb css_animation=\u00bbpulse\u00bb image_hovers=\u00bbtrue\u00bb img_size=\u00bbfull\u00bb]<div class=\"ult-spacer spacer-69e086b0c4249\" data-id=\"69e086b0c4249\" data-height=\"50\" data-height-mobile=\"50\" data-height-tab=\"50\" data-height-tab-portrait=\"\" data-height-mobile-landscape=\"\" style=\"clear:both;display:block;\"><\/div><div class=\"dt-fancy-separator h4-size style-disabled accent-title-color\" style=\"width: 100%;\"><div class=\"dt-fancy-title\"><span class=\"separator-holder separator-left\"><\/span>El celuloide que bail\u00f3 el fin-de-si\u00e8cle: Cine primitivo y cuerpo moderno. Bego\u00f1a Olabarria Smith<span class=\"separator-holder separator-right\"><\/span><\/div><\/div><div class=\"ult-spacer spacer-69e086b0c4295\" data-id=\"69e086b0c4295\" data-height=\"30\" data-height-mobile=\"30\" data-height-tab=\"30\" data-height-tab-portrait=\"\" data-height-mobile-landscape=\"\" style=\"clear:both;display:block;\"><\/div>[vc_column_text]<\/p>\n<p style=\"text-align: justify;\">La danza y el cine han estado unidos desde que, por primera vez, Edison comenzara sus experimentos con su quinetoscopio a finales del siglo XIX. No fue por casualidad que en diferentes partes del mundo se buscara la manera de captar el movimiento, mientras que Loie Fuller deslumbraba con sus bailes luminosos a media Europa e Isadora Duncan comenzaba su camino de renovaci\u00f3n de la danza, ya que el cinemat\u00f3grafo apareci\u00f3 como el medio de registro ideal de las nuevas experiencias del cuerpo moderno, y la danza moderna como la manifestaci\u00f3n art\u00edstica por excelencia que lo llevaba a escena. Pero la fascinaci\u00f3n que sent\u00eda la c\u00e1mara por el cuerpo en movimiento iba m\u00e1s all\u00e1 del simple hecho de documentar.<\/p>\n<p style=\"text-align: justify;\"><strong>BEGO\u00d1A OLABARRIA SMITH\u00a0<\/strong>Licenciada en Comunicaci\u00f3n Audiovisual por la Universidad Europea de Madrid, obtiene el T\u00edtulo de Suficiencia Investigadora a la Universidad Carlos III de Madrid con su tesina\u00a0<em>Cuerpos Subversivos. Im\u00e1genes de la Mujer en la Danza Moderna Temprana<\/em>\u00a0dentro del programa de doctorado en Humanidades especialidad Teor\u00eda del Teatro, Literatura y Comunicaci\u00f3n.<\/p>\n<p style=\"text-align: justify;\">Participa en diferentes congresos de investigaci\u00f3n, como el Congreso de Investigaci\u00f3n en Danza, organizado por la asociaci\u00f3n D+I, de la que es socia fundadora, miembro de la junta directiva y responsable de comunicaci\u00f3n; el IV Congreso Internacional de An\u00e1lisis Textual S\u00edmbolos e Im\u00e1genes, organizado por la Asociaci\u00f3n Trama y Fondo; el congreso de la Society of Dance Historians and Scholars (2009) y el I Congreso Nacional de Investigaci\u00f3n en Danza Espa\u00f1ola (2011).<\/p>\n<p>[\/vc_column_text]<div class=\"ult-spacer spacer-69e086b0c42b2\" data-id=\"69e086b0c42b2\" data-height=\"30\" data-height-mobile=\"30\" data-height-tab=\"30\" data-height-tab-portrait=\"\" data-height-mobile-landscape=\"\" style=\"clear:both;display:block;\"><\/div><div class=\"dt-fancy-separator h4-size style-disabled accent-title-color\" style=\"width: 80%;\"><div class=\"dt-fancy-title\"><span class=\"separator-holder separator-left\"><\/span>Tocar para las c\u00e1maras: Reflexiones sobre el cuerpo del m\u00fasico cl\u00e1sico occidental en la era de la mediatizaci\u00f3n. \u00darsula San Crist\u00f3bal Opazo<span class=\"separator-holder separator-right\"><\/span><\/div><\/div><div class=\"ult-spacer spacer-69e086b0c42fc\" data-id=\"69e086b0c42fc\" data-height=\"30\" data-height-mobile=\"30\" data-height-tab=\"30\" data-height-tab-portrait=\"\" data-height-mobile-landscape=\"\" style=\"clear:both;display:block;\"><\/div>[vc_column_text]<\/p>\n<p style=\"text-align: justify;\">A trav\u00e9s de diferentes formatos, que van desde el videoclip hasta el DVD larga duraci\u00f3n, m\u00fasicos j\u00f3venes y consagrados exponen su cuerpo delante de la mirada intrusiva de la c\u00e1mara de v\u00eddeo, mostrando aquellas gesticulaciones que no podemos ver en el concierto en vivo y, en ocasiones, desafiando las convenciones corporales. C\u00f3mo se posiciona el cuerpo del m\u00fasico delante de las c\u00e1maras? \u00bfC\u00f3mo dialoga con el lenguaje audiovisual y cu\u00e1l es la imagen que proyecta a los espectadores? \u00bfQu\u00e9 potenciales creativos presenta el lenguaje audiovisual para la corporalidad del int\u00e9rprete de m\u00fasica cl\u00e1sica occidental?<\/p>\n<p style=\"text-align: justify;\"><strong>\u00daRSULA SAN CRIST\u00d3BAL OPAZO<\/strong> es m\u00fasico, investigadora y performer. Licenciada en m\u00fasica por la Pontificia Universidad Cat\u00f3lica de Chile, diplomada en flauta de pico por l\u2019Scuola Civica di Milano, M\u00e1ster en M\u00fasica Hispana por la Universidad de Valladolid y M\u00e1ster en musicolog\u00eda por la Universidad de Mil\u00e1n. Su actividad art\u00edstica se concentra en el di\u00e1logo entre la m\u00fasica medieval y el arte contempor\u00e1neo, especialmente el Performance Art. En el \u00e1mbito de la musicolog\u00eda, se especializa en dos \u00e1reas de investigaci\u00f3n: el an\u00e1lisis de la m\u00fasica antigua y cl\u00e1sica en el audiovisual, y el desarrollo de la investigaci\u00f3n art\u00edstica interdisciplinaria en m\u00fasica. Ha presentado investigaciones en varios congresos internacionales y ha impartido seminarios en la Escola Superior de M\u00fasica de Catalunya y la Escuela Superior de Arte Dram\u00e1tico de C\u00f3rdoba.<\/p>\n<p>[\/vc_column_text]<div class=\"ult-spacer spacer-69e086b0c430f\" data-id=\"69e086b0c430f\" data-height=\"30\" data-height-mobile=\"30\" data-height-tab=\"30\" data-height-tab-portrait=\"\" data-height-mobile-landscape=\"\" style=\"clear:both;display:block;\"><\/div><div class=\"dt-fancy-separator h4-size style-disabled accent-title-color\" style=\"width: 100%;\"><div class=\"dt-fancy-title\"><span class=\"separator-holder separator-left\"><\/span>Sobre cine de danza<span class=\"separator-holder separator-right\"><\/span><\/div><\/div><div class=\"ult-spacer spacer-69e086b0c4337\" data-id=\"69e086b0c4337\" data-height=\"30\" data-height-mobile=\"30\" data-height-tab=\"30\" data-height-tab-portrait=\"\" data-height-mobile-landscape=\"\" style=\"clear:both;display:block;\"><\/div>[vc_column_text]<strong>IZABEL BARSIVE<\/strong>\u00a0es una artista visual, productora independiente, realizadora, operadora de c\u00e1mara y editora. Su compa\u00f1\u00eda, Barsive Productions, tiene su sede en Ottawa, Canad\u00e1. Sus principales clientes incluyen el gobierno federal de Canad\u00e1, la ciudad de Ottawa, empresas, organizaciones sin fines de lucro y emisoras canadienses. Entre otros, est\u00e1 especializada en proyectos de danza (screendance\/ documentaci\u00f3n de espect\u00e1culos en directo). Una de su m\u00e1s reciente pel\u00edcula de danza, Lustrale, se present\u00f3 en Canad\u00e1, Am\u00e9rica Central, Am\u00e9rica del Sur, Jap\u00f3n y C\u00f3rcega. Patsy, su \u00faltimo proyecto de cine de danza ha sido estrenado en invierno 2011\/2012 y seleccionado por muchos festivales, adem\u00e1s de ser emitido\u00a0por TFO. Como directora y reportera obtuvo varias nominaciones y premios y particip\u00f3 como jurado de organizaciones art\u00edsticas como Ontario Arts Council, Consejo de las Artes de Manitoba, Ciudad de Ottawa, Saw Video, entre otros. Desde 2005, tambi\u00e9n ejerce como profesora a tiempo parcial en la Universidad de Ottawa y la Universidad de St-Paul, adem\u00e1s profesora de arte en escuelas, en la comunidad y para los proyectos en el extranjero. Como terapeuta ocupacional, tambi\u00e9n imparte talleres de arte media a personas con necesidades especiales.[\/vc_column_text]<div class=\"ult-spacer spacer-69e086b0c4345\" data-id=\"69e086b0c4345\" data-height=\"30\" data-height-mobile=\"30\" data-height-tab=\"30\" data-height-tab-portrait=\"\" data-height-mobile-landscape=\"\" style=\"clear:both;display:block;\"><\/div><div class=\"dt-fancy-separator h4-size style-disabled accent-title-color\" style=\"width: 75%;\"><div class=\"dt-fancy-title\"><span class=\"separator-holder separator-left\"><\/span>Analizando \u201cSur les pointes de l\u00b4indiff\u00e9rence\u201d (proyecci\u00f3n Jueves, 16 de Octubre): movimiento cinematogr\u00e1fico y movimiento del cuerpo en la actualidad<span class=\"separator-holder separator-right\"><\/span><\/div><\/div><div class=\"ult-spacer spacer-69e086b0c436b\" data-id=\"69e086b0c436b\" data-height=\"30\" data-height-mobile=\"30\" data-height-tab=\"30\" data-height-tab-portrait=\"\" data-height-mobile-landscape=\"\" style=\"clear:both;display:block;\"><\/div>[vc_column_text]<\/p>\n<div style=\"text-align: justify;\"><strong>CHARLOTTE AUDUREAU<\/strong> es una joven realizadora, fot\u00f3grafa y montadora que\u00a0estudi\u00f3 cine en Par\u00eds, se especializ\u00f3 en la danza y el documental. El ser humano y los artistas, en concreto, la empujan a trabajar sobre proyectos humanistas, favoreciendo la esencia de los seres humanos, comprender quienes son para trabajar con ellos. Sus temas preferidos son la libertad y el lugar del hombre en el mundo. Su modo de expresi\u00f3n es el cuerpo\u2026 y la imagen.<\/div>\n<div>\n<p style=\"text-align: justify;\">La fotograf\u00eda de la danza y el movimiento de la imagen aparecen de manera natural como sus puntos fuertes. La danza y el cine son la continuidad l\u00f3gica de este recorrido. En el 2013 realiza el cortometraje\u00a0<em><a href=\"https:\/\/vimeo.com\/69841437\" target=\"_blank\">Sur les pointes de l\u2019indiff\u00e9rence<\/a>, <\/em>pel\u00edcula que baila la libertad.<\/p>\n<p style=\"text-align: justify;\">Realizadora y editora de numeroso videos musicales, esta profesional de la imagen, pluridisciplinar, tambi\u00e9n\u00a0ha editado un documental de 52\u2032 sobre\u00a0Sandrine Bonnaire,<em><a href=\"http:\/\/www.mosaique-films.com\/index.php?option=com_k2&amp;view=item&amp;id=282:sandrine-bonnaire-d%C3%A9sir-dun-film&amp;Itemid=74\" target=\"_blank\">\u00a0L\u2019\u0153il dans la cave<\/a><\/em>, de Jean Bernard Thomasson, y un documental de 26\u2032 de\u00a0Laura Berson\u00a0<em><a href=\"https:\/\/vimeo.com\/72591791\" target=\"_blank\">Toi, Idem<\/a><\/em>, sobre la identidad.<\/p>\n<\/div>\n<p>[\/vc_column_text]<div class=\"ult-spacer spacer-69e086b0c4378\" data-id=\"69e086b0c4378\" data-height=\"30\" data-height-mobile=\"30\" data-height-tab=\"30\" data-height-tab-portrait=\"\" data-height-mobile-landscape=\"\" style=\"clear:both;display:block;\"><\/div><div class=\"dt-fancy-separator title-left h5-size style-disabled accent-title-color\" style=\"width: 100%;\"><div class=\"dt-fancy-title\"><span class=\"separator-holder separator-left\"><\/span>MODERADO POR<span class=\"separator-holder separator-right\"><\/span><\/div><\/div><div class=\"ult-spacer spacer-69e086b0c4396\" data-id=\"69e086b0c4396\" data-height=\"30\" data-height-mobile=\"30\" data-height-tab=\"30\" data-height-tab-portrait=\"\" data-height-mobile-landscape=\"\" style=\"clear:both;display:block;\"><\/div>[vc_column_text]<\/p>\n<p style=\"text-align: justify;\"><strong>PERE VALL \u2013\u00a0<\/strong>Redactor Jefe de Fotogramas en Barcelona.<\/p>\n<p style=\"text-align: justify;\">Colabora en la revista \u2018Time Out\u2019 y en el programa \u2018Gente despierta\u2019 de RNE. Ha colaborado en el el gabinete de prensa de TVE en Sant Cugat, en la distribuidora cinematogr\u00e1fica Lauren Films, BTV, RAC 1, COM R\u00e0dio y el diario \u2018El Observador de la Actualidad\u2019.<\/p>\n<p>[\/vc_column_text][\/vc_column][\/vc_row]<\/p>\n<\/section>","protected":false},"excerpt":{"rendered":"<p>[vc_row margin_top=\u00bb0&#8243; margin_bottom=\u00bb0&#8243; full_width=\u00bb\u00bb padding_left=\u00bb0&#8243; padding_right=\u00bb0&#8243; animation=\u00bb\u00bb type=\u00bb\u00bb bg_color=\u00bb\u00bb bg_position=\u00bbtop\u00bb bg_repeat=\u00bbno-repeat\u00bb bg_cover=\u00bbfalse\u00bb bg_attachment=\u00bbfalse\u00bb padding_top=\u00bb0&#8243; padding_bottom=\u00bb0&#8243; enable_parallax=\u00bb\u00bb parallax_speed=\u00bb0.1&#8243; bg_video_src_mp4=\u00bb\u00bb bg_video_src_ogv=\u00bb\u00bb bg_video_src_webm=\u00bb\u00bb bg_type=\u00bb\u00bb parallax_style=\u00bb\u00bb bg_image_new=\u00bb\u00bb layer_image=\u00bb\u00bb bg_image_repeat=\u00bb\u00bb bg_image_size=\u00bb\u00bb bg_cstm_size=\u00bb\u00bb bg_img_attach=\u00bb\u00bb parallax_sense=\u00bb\u00bb bg_image_posiiton=\u00bb\u00bb animation_direction=\u00bb\u00bb animation_repeat=\u00bb\u00bb video_url=\u00bb\u00bb video_url_2=\u00bb\u00bb u_video_url=\u00bb\u00bb video_opts=\u00bb\u00bb video_poster=\u00bb\u00bb u_start_time=\u00bb\u00bb u_stop_time=\u00bb\u00bb viewport_vdo=\u00bb\u00bb enable_controls=\u00bb\u00bb bg_override=\u00bb\u00bb disable_on_mobile_img_parallax=\u00bb\u00bb parallax_content=\u00bb\u00bb parallax_content_sense=\u00bb\u00bb fadeout_row=\u00bb\u00bb fadeout_start_effect=\u00bb\u00bb enable_overlay=\u00bb\u00bb overlay_color=\u00bb\u00bb overlay_pattern=\u00bb\u00bb overlay_pattern_opacity=\u00bb\u00bb overlay_pattern_size=\u00bb\u00bb overlay_pattern_attachment=\u00bb\u00bb multi_color_overlay=\u00bb\u00bb multi_color_overlay_opacity=\u00bb\u00bb&hellip;<\/p>\n","protected":false},"author":1,"featured_media":0,"parent":0,"menu_order":0,"comment_status":"closed","ping_status":"closed","template":"","meta":[],"_links":{"self":[{"href":"https:\/\/www.choreoscope.com\/ediciones-anteriores\/wp-json\/wp\/v2\/pages\/28"}],"collection":[{"href":"https:\/\/www.choreoscope.com\/ediciones-anteriores\/wp-json\/wp\/v2\/pages"}],"about":[{"href":"https:\/\/www.choreoscope.com\/ediciones-anteriores\/wp-json\/wp\/v2\/types\/page"}],"author":[{"embeddable":true,"href":"https:\/\/www.choreoscope.com\/ediciones-anteriores\/wp-json\/wp\/v2\/users\/1"}],"replies":[{"embeddable":true,"href":"https:\/\/www.choreoscope.com\/ediciones-anteriores\/wp-json\/wp\/v2\/comments?post=28"}],"version-history":[{"count":5,"href":"https:\/\/www.choreoscope.com\/ediciones-anteriores\/wp-json\/wp\/v2\/pages\/28\/revisions"}],"predecessor-version":[{"id":50,"href":"https:\/\/www.choreoscope.com\/ediciones-anteriores\/wp-json\/wp\/v2\/pages\/28\/revisions\/50"}],"wp:attachment":[{"href":"https:\/\/www.choreoscope.com\/ediciones-anteriores\/wp-json\/wp\/v2\/media?parent=28"}],"curies":[{"name":"wp","href":"https:\/\/api.w.org\/{rel}","templated":true}]}}