{"id":42,"date":"2015-06-03T14:10:57","date_gmt":"2015-06-03T12:10:57","guid":{"rendered":"https:\/\/www.choreoscope.com\/ediciones-anteriores\/?page_id=42"},"modified":"2015-06-03T15:46:26","modified_gmt":"2015-06-03T13:46:26","slug":"edicion-2013","status":"publish","type":"page","link":"https:\/\/www.choreoscope.com\/ediciones-anteriores\/edicion-2013\/","title":{"rendered":"Edici\u00f3n 2013"},"content":{"rendered":"<section class=\"wpb-content-wrapper\"><p>[vc_row margin_top=\u00bb0&#8243; margin_bottom=\u00bb0&#8243; full_width=\u00bb\u00bb padding_left=\u00bb0&#8243; padding_right=\u00bb0&#8243; animation=\u00bb\u00bb type=\u00bb\u00bb bg_color=\u00bb\u00bb bg_position=\u00bbtop\u00bb bg_repeat=\u00bbno-repeat\u00bb bg_cover=\u00bbfalse\u00bb bg_attachment=\u00bbfalse\u00bb padding_top=\u00bb0&#8243; padding_bottom=\u00bb0&#8243; enable_parallax=\u00bb\u00bb parallax_speed=\u00bb0.1&#8243; bg_video_src_mp4=\u00bb\u00bb bg_video_src_ogv=\u00bb\u00bb bg_video_src_webm=\u00bb\u00bb bg_type=\u00bb\u00bb parallax_style=\u00bb\u00bb bg_image_new=\u00bb\u00bb layer_image=\u00bb\u00bb bg_image_repeat=\u00bb\u00bb bg_image_size=\u00bb\u00bb bg_cstm_size=\u00bb\u00bb bg_img_attach=\u00bb\u00bb parallax_sense=\u00bb\u00bb bg_image_posiiton=\u00bb\u00bb animation_direction=\u00bb\u00bb animation_repeat=\u00bb\u00bb video_url=\u00bb\u00bb video_url_2=\u00bb\u00bb u_video_url=\u00bb\u00bb video_opts=\u00bb\u00bb video_poster=\u00bb\u00bb u_start_time=\u00bb\u00bb u_stop_time=\u00bb\u00bb viewport_vdo=\u00bb\u00bb enable_controls=\u00bb\u00bb bg_override=\u00bb\u00bb disable_on_mobile_img_parallax=\u00bb\u00bb parallax_content=\u00bb\u00bb parallax_content_sense=\u00bb\u00bb fadeout_row=\u00bb\u00bb fadeout_start_effect=\u00bb\u00bb enable_overlay=\u00bb\u00bb overlay_color=\u00bb\u00bb overlay_pattern=\u00bb\u00bb overlay_pattern_opacity=\u00bb\u00bb overlay_pattern_size=\u00bb\u00bb overlay_pattern_attachment=\u00bb\u00bb multi_color_overlay=\u00bb\u00bb multi_color_overlay_opacity=\u00bb\u00bb seperator_enable=\u00bb\u00bb seperator_type=\u00bb\u00bb seperator_position=\u00bb\u00bb seperator_shape_size=\u00bb\u00bb seperator_svg_height=\u00bb\u00bb seperator_shape_background=\u00bb\u00bb seperator_shape_border=\u00bb\u00bb seperator_shape_border_color=\u00bb\u00bb seperator_shape_border_width=\u00bb\u00bb icon_type=\u00bb\u00bb icon=\u00bb\u00bb icon_size=\u00bb\u00bb icon_color=\u00bb\u00bb icon_style=\u00bb\u00bb icon_color_bg=\u00bb\u00bb icon_border_style=\u00bb\u00bb icon_color_border=\u00bb\u00bb icon_border_size=\u00bb\u00bb icon_border_radius=\u00bb\u00bb icon_border_spacing=\u00bb\u00bb icon_img=\u00bb\u00bb img_width=\u00bb\u00bb ult_hide_row=\u00bb\u00bb ult_hide_row_large_screen=\u00bb\u00bb ult_hide_row_desktop=\u00bb\u00bb ult_hide_row_tablet=\u00bb\u00bb ult_hide_row_tablet_small=\u00bb\u00bb ult_hide_row_mobile=\u00bb\u00bb ult_hide_row_mobile_large=\u00bb\u00bb][vc_column width=\u00bb1\/2&#8243; animation=\u00bb\u00bb]<div class=\"dt-fancy-separator h5-size style-double accent-title-color\" style=\"width: 100%;\"><div class=\"dt-fancy-title\"><span class=\"separator-holder separator-left\"><\/span>Octubre 2013 - Barcelona, Abril 2014 - Bucarest<span class=\"separator-holder separator-right\"><\/span><\/div><\/div><div class=\"ult-spacer spacer-69e35c8db1272\" data-id=\"69e35c8db1272\" data-height=\"10\" data-height-mobile=\"10\" data-height-tab=\"10\" data-height-tab-portrait=\"\" data-height-mobile-landscape=\"\" style=\"clear:both;display:block;\"><\/div>[vc_column_text css_animation=\u00bbbounce\u00bb]<\/p>\n<p style=\"text-align: justify;\">El 24 de octubre de 2013, Lora\u0301n Ipsum Films presenta la Primera Muestra Internacional de Cine de Danza de Barcelona en el Cine Malda\u0300, con aforo completo y con lista de espera. El 30 de abril de 2013, y debido al intere\u0301s internacional que la muestra despierta, se llega a un acuerdo con el Instituto France\u0301s de Bucarest. Choreoscope se expande y se proyecta la muestra en el cine Elvira Popescu de la capital rumana.<\/p>\n<p>[\/vc_column_text][\/vc_column][vc_column width=\u00bb1\/2&#8243; animation=\u00bb\u00bb]<div class=\"dt-fancy-separator h5-size style-double accent-title-color\" style=\"width: 100%;\"><div class=\"dt-fancy-title\"><span class=\"separator-holder separator-left\"><\/span>October 2013 - Barcelona, April 2014 - Bucharest<span class=\"separator-holder separator-right\"><\/span><\/div><\/div><div class=\"ult-spacer spacer-69e35c8db12ba\" data-id=\"69e35c8db12ba\" data-height=\"10\" data-height-mobile=\"10\" data-height-tab=\"10\" data-height-tab-portrait=\"\" data-height-mobile-landscape=\"\" style=\"clear:both;display:block;\"><\/div>[vc_column_text css_animation=\u00bbbounce\u00bb]<\/p>\n<p style=\"text-align: justify;\">13 short dance films have been screened in a two-hour event, including a Bollywood-dance animation created by the team who won the Oscar for special effects for \u00abThe Life of Pi\u00bb. This was an exclusive Spanish and Romanian premiere. Choreoscope lined up some of the best and most outstanding dance and film artists of the XXIst Century: Chevi Muraday, Christian Larsson, Holly Rothschild, Sidi Larbi Cherkaoui, Chris Parker, Emery LeCrone, Marc Brew, Peter Clausen, Vartan Bassil.<\/p>\n<p>[\/vc_column_text][\/vc_column][\/vc_row][vc_row margin_top=\u00bb0&#8243; margin_bottom=\u00bb0&#8243; full_width=\u00bb\u00bb padding_left=\u00bb0&#8243; padding_right=\u00bb0&#8243; animation=\u00bb\u00bb type=\u00bb\u00bb bg_color=\u00bb\u00bb bg_position=\u00bbtop\u00bb bg_repeat=\u00bbno-repeat\u00bb bg_cover=\u00bbfalse\u00bb bg_attachment=\u00bbfalse\u00bb padding_top=\u00bb0&#8243; padding_bottom=\u00bb0&#8243; enable_parallax=\u00bb\u00bb parallax_speed=\u00bb0.1&#8243; bg_video_src_mp4=\u00bb\u00bb bg_video_src_ogv=\u00bb\u00bb bg_video_src_webm=\u00bb\u00bb bg_type=\u00bb\u00bb parallax_style=\u00bb\u00bb bg_image_new=\u00bb\u00bb layer_image=\u00bb\u00bb bg_image_repeat=\u00bb\u00bb bg_image_size=\u00bb\u00bb bg_cstm_size=\u00bb\u00bb bg_img_attach=\u00bb\u00bb parallax_sense=\u00bb\u00bb bg_image_posiiton=\u00bb\u00bb animation_direction=\u00bb\u00bb animation_repeat=\u00bb\u00bb video_url=\u00bb\u00bb video_url_2=\u00bb\u00bb u_video_url=\u00bb\u00bb video_opts=\u00bb\u00bb video_poster=\u00bb\u00bb u_start_time=\u00bb\u00bb u_stop_time=\u00bb\u00bb viewport_vdo=\u00bb\u00bb enable_controls=\u00bb\u00bb bg_override=\u00bb\u00bb disable_on_mobile_img_parallax=\u00bb\u00bb parallax_content=\u00bb\u00bb parallax_content_sense=\u00bb\u00bb fadeout_row=\u00bb\u00bb fadeout_start_effect=\u00bb\u00bb enable_overlay=\u00bb\u00bb overlay_color=\u00bb\u00bb overlay_pattern=\u00bb\u00bb overlay_pattern_opacity=\u00bb\u00bb overlay_pattern_size=\u00bb\u00bb overlay_pattern_attachment=\u00bb\u00bb multi_color_overlay=\u00bb\u00bb multi_color_overlay_opacity=\u00bb\u00bb seperator_enable=\u00bb\u00bb seperator_type=\u00bb\u00bb seperator_position=\u00bb\u00bb seperator_shape_size=\u00bb\u00bb seperator_svg_height=\u00bb\u00bb seperator_shape_background=\u00bb\u00bb seperator_shape_border=\u00bb\u00bb seperator_shape_border_color=\u00bb\u00bb seperator_shape_border_width=\u00bb\u00bb icon_type=\u00bb\u00bb icon=\u00bb\u00bb icon_size=\u00bb\u00bb icon_color=\u00bb\u00bb icon_style=\u00bb\u00bb icon_color_bg=\u00bb\u00bb icon_border_style=\u00bb\u00bb icon_color_border=\u00bb\u00bb icon_border_size=\u00bb\u00bb icon_border_radius=\u00bb\u00bb icon_border_spacing=\u00bb\u00bb icon_img=\u00bb\u00bb img_width=\u00bb\u00bb ult_hide_row=\u00bb\u00bb ult_hide_row_large_screen=\u00bb\u00bb ult_hide_row_desktop=\u00bb\u00bb ult_hide_row_tablet=\u00bb\u00bb ult_hide_row_tablet_small=\u00bb\u00bb ult_hide_row_mobile=\u00bb\u00bb ult_hide_row_mobile_large=\u00bb\u00bb][vc_column width=\u00bb1\/1&#8243; animation=\u00bb\u00bb]<div class=\"ult-spacer spacer-69e35c8db12d1\" data-id=\"69e35c8db12d1\" data-height=\"50\" data-height-mobile=\"50\" data-height-tab=\"50\" data-height-tab-portrait=\"\" data-height-mobile-landscape=\"\" style=\"clear:both;display:block;\"><\/div><div class=\"dt-fancy-separator h4-size style-double accent-title-color\" style=\"width: 100%;\"><div class=\"dt-fancy-title\"><span class=\"separator-holder separator-left\"><\/span>Programa Choreoscope Barcelona 2013<span class=\"separator-holder separator-right\"><\/span><\/div><\/div><div class=\"ult-spacer spacer-69e35c8db1307\" data-id=\"69e35c8db1307\" data-height=\"30\" data-height-mobile=\"30\" data-height-tab=\"30\" data-height-tab-portrait=\"\" data-height-mobile-landscape=\"\" style=\"clear:both;display:block;\"><\/div>[vc_single_image image=\u00bb43&#8243; alignment=\u00bbcenter\u00bb style=\u00bbvc_box_shadow_border\u00bb border_color=\u00bbgrey\u00bb img_link_large=\u00bb\u00bb img_link_target=\u00bb_self\u00bb css_animation=\u00bbfadeIn\u00bb image_hovers=\u00bbtrue\u00bb img_size=\u00bbfull\u00bb][\/vc_column][\/vc_row][vc_row margin_top=\u00bb0&#8243; margin_bottom=\u00bb0&#8243; full_width=\u00bb\u00bb padding_left=\u00bb0&#8243; padding_right=\u00bb0&#8243; animation=\u00bb\u00bb type=\u00bb\u00bb bg_color=\u00bb\u00bb bg_position=\u00bbtop\u00bb bg_repeat=\u00bbno-repeat\u00bb bg_cover=\u00bbfalse\u00bb bg_attachment=\u00bbfalse\u00bb padding_top=\u00bb0&#8243; padding_bottom=\u00bb0&#8243; enable_parallax=\u00bb\u00bb parallax_speed=\u00bb0.1&#8243; bg_video_src_mp4=\u00bb\u00bb bg_video_src_ogv=\u00bb\u00bb bg_video_src_webm=\u00bb\u00bb bg_type=\u00bb\u00bb parallax_style=\u00bb\u00bb bg_image_new=\u00bb\u00bb layer_image=\u00bb\u00bb bg_image_repeat=\u00bb\u00bb bg_image_size=\u00bb\u00bb bg_cstm_size=\u00bb\u00bb bg_img_attach=\u00bb\u00bb parallax_sense=\u00bb\u00bb bg_image_posiiton=\u00bb\u00bb animation_direction=\u00bb\u00bb animation_repeat=\u00bb\u00bb video_url=\u00bb\u00bb video_url_2=\u00bb\u00bb u_video_url=\u00bb\u00bb video_opts=\u00bb\u00bb video_poster=\u00bb\u00bb u_start_time=\u00bb\u00bb u_stop_time=\u00bb\u00bb viewport_vdo=\u00bb\u00bb enable_controls=\u00bb\u00bb bg_override=\u00bb\u00bb disable_on_mobile_img_parallax=\u00bb\u00bb parallax_content=\u00bb\u00bb parallax_content_sense=\u00bb\u00bb fadeout_row=\u00bb\u00bb fadeout_start_effect=\u00bb\u00bb enable_overlay=\u00bb\u00bb overlay_color=\u00bb\u00bb overlay_pattern=\u00bb\u00bb overlay_pattern_opacity=\u00bb\u00bb overlay_pattern_size=\u00bb\u00bb overlay_pattern_attachment=\u00bb\u00bb multi_color_overlay=\u00bb\u00bb multi_color_overlay_opacity=\u00bb\u00bb seperator_enable=\u00bb\u00bb seperator_type=\u00bb\u00bb seperator_position=\u00bb\u00bb seperator_shape_size=\u00bb\u00bb seperator_svg_height=\u00bb\u00bb seperator_shape_background=\u00bb\u00bb seperator_shape_border=\u00bb\u00bb seperator_shape_border_color=\u00bb\u00bb seperator_shape_border_width=\u00bb\u00bb icon_type=\u00bb\u00bb icon=\u00bb\u00bb icon_size=\u00bb\u00bb icon_color=\u00bb\u00bb icon_style=\u00bb\u00bb icon_color_bg=\u00bb\u00bb icon_border_style=\u00bb\u00bb icon_color_border=\u00bb\u00bb icon_border_size=\u00bb\u00bb icon_border_radius=\u00bb\u00bb icon_border_spacing=\u00bb\u00bb icon_img=\u00bb\u00bb img_width=\u00bb\u00bb ult_hide_row=\u00bb\u00bb ult_hide_row_large_screen=\u00bb\u00bb ult_hide_row_desktop=\u00bb\u00bb ult_hide_row_tablet=\u00bb\u00bb ult_hide_row_tablet_small=\u00bb\u00bb ult_hide_row_mobile=\u00bb\u00bb ult_hide_row_mobile_large=\u00bb\u00bb][vc_column width=\u00bb1\/1&#8243; animation=\u00bb\u00bb]<div class=\"ult-spacer spacer-69e35c8db1356\" data-id=\"69e35c8db1356\" data-height=\"50\" data-height-mobile=\"50\" data-height-tab=\"50\" data-height-tab-portrait=\"\" data-height-mobile-landscape=\"\" style=\"clear:both;display:block;\"><\/div><div class=\"dt-fancy-separator h4-size style-double accent-title-color\" style=\"width: 100%;\"><div class=\"dt-fancy-title\"><span class=\"separator-holder separator-left\"><\/span>Programa Choreoscope Bucarest 2013\/2014<span class=\"separator-holder separator-right\"><\/span><\/div><\/div><div class=\"ult-spacer spacer-69e35c8db1387\" data-id=\"69e35c8db1387\" data-height=\"30\" data-height-mobile=\"30\" data-height-tab=\"30\" data-height-tab-portrait=\"\" data-height-mobile-landscape=\"\" style=\"clear:both;display:block;\"><\/div>[vc_single_image image=\u00bb98&#8243; alignment=\u00bbcenter\u00bb style=\u00bbvc_box_shadow_border\u00bb border_color=\u00bbgrey\u00bb img_link_large=\u00bb\u00bb img_link_target=\u00bb_self\u00bb css_animation=\u00bbfadeIn\u00bb image_hovers=\u00bbtrue\u00bb img_size=\u00bbfull\u00bb][\/vc_column][\/vc_row][vc_row margin_top=\u00bb0&#8243; margin_bottom=\u00bb0&#8243; full_width=\u00bb\u00bb padding_left=\u00bb0&#8243; padding_right=\u00bb0&#8243; animation=\u00bb\u00bb type=\u00bb\u00bb bg_color=\u00bb\u00bb bg_position=\u00bbtop\u00bb bg_repeat=\u00bbno-repeat\u00bb bg_cover=\u00bbfalse\u00bb bg_attachment=\u00bbfalse\u00bb padding_top=\u00bb0&#8243; padding_bottom=\u00bb0&#8243; enable_parallax=\u00bb\u00bb parallax_speed=\u00bb0.1&#8243; bg_video_src_mp4=\u00bb\u00bb bg_video_src_ogv=\u00bb\u00bb bg_video_src_webm=\u00bb\u00bb bg_type=\u00bb\u00bb parallax_style=\u00bb\u00bb bg_image_new=\u00bb\u00bb layer_image=\u00bb\u00bb bg_image_repeat=\u00bb\u00bb bg_image_size=\u00bb\u00bb bg_cstm_size=\u00bb\u00bb bg_img_attach=\u00bb\u00bb parallax_sense=\u00bb\u00bb bg_image_posiiton=\u00bb\u00bb animation_direction=\u00bb\u00bb animation_repeat=\u00bb\u00bb video_url=\u00bb\u00bb video_url_2=\u00bb\u00bb u_video_url=\u00bb\u00bb video_opts=\u00bb\u00bb video_poster=\u00bb\u00bb u_start_time=\u00bb\u00bb u_stop_time=\u00bb\u00bb viewport_vdo=\u00bb\u00bb enable_controls=\u00bb\u00bb bg_override=\u00bb\u00bb disable_on_mobile_img_parallax=\u00bb\u00bb parallax_content=\u00bb\u00bb parallax_content_sense=\u00bb\u00bb fadeout_row=\u00bb\u00bb fadeout_start_effect=\u00bb\u00bb enable_overlay=\u00bb\u00bb overlay_color=\u00bb\u00bb overlay_pattern=\u00bb\u00bb overlay_pattern_opacity=\u00bb\u00bb overlay_pattern_size=\u00bb\u00bb overlay_pattern_attachment=\u00bb\u00bb multi_color_overlay=\u00bb\u00bb multi_color_overlay_opacity=\u00bb\u00bb seperator_enable=\u00bb\u00bb seperator_type=\u00bb\u00bb seperator_position=\u00bb\u00bb seperator_shape_size=\u00bb\u00bb seperator_svg_height=\u00bb\u00bb seperator_shape_background=\u00bb\u00bb seperator_shape_border=\u00bb\u00bb seperator_shape_border_color=\u00bb\u00bb seperator_shape_border_width=\u00bb\u00bb icon_type=\u00bb\u00bb icon=\u00bb\u00bb icon_size=\u00bb\u00bb icon_color=\u00bb\u00bb icon_style=\u00bb\u00bb icon_color_bg=\u00bb\u00bb icon_border_style=\u00bb\u00bb icon_color_border=\u00bb\u00bb icon_border_size=\u00bb\u00bb icon_border_radius=\u00bb\u00bb icon_border_spacing=\u00bb\u00bb icon_img=\u00bb\u00bb img_width=\u00bb\u00bb ult_hide_row=\u00bb\u00bb ult_hide_row_large_screen=\u00bb\u00bb ult_hide_row_desktop=\u00bb\u00bb ult_hide_row_tablet=\u00bb\u00bb ult_hide_row_tablet_small=\u00bb\u00bb ult_hide_row_mobile=\u00bb\u00bb ult_hide_row_mobile_large=\u00bb\u00bb][vc_column width=\u00bb1\/4&#8243; animation=\u00bb\u00bb][\/vc_column][vc_column width=\u00bb1\/2&#8243; animation=\u00bb\u00bb]<div class=\"ult-spacer spacer-69e35c8db1398\" data-id=\"69e35c8db1398\" data-height=\"30\" data-height-mobile=\"30\" data-height-tab=\"30\" data-height-tab-portrait=\"\" data-height-mobile-landscape=\"\" style=\"clear:both;display:block;\"><\/div><div class=\"dt-fancy-separator h4-size style-disabled accent-title-color\" style=\"width: 100%;\"><div class=\"dt-fancy-title\"><span class=\"separator-holder separator-left\"><\/span>Apoyo<span class=\"separator-holder separator-right\"><\/span><\/div><\/div>[vc_column_text]<\/p>\n<p style=\"text-align: justify;\">Para la edici\u00f3n de 2013, Choreoscope cont\u00f3 con el apoyo de asociaciones nacionales e internacionales relacionadas con la cultura, el cine y la danza.<\/p>\n<p>[\/vc_column_text]<div class=\"ult-spacer spacer-69e35c8db13c0\" data-id=\"69e35c8db13c0\" data-height=\"10\" data-height-mobile=\"10\" data-height-tab=\"10\" data-height-tab-portrait=\"\" data-height-mobile-landscape=\"\" style=\"clear:both;display:block;\"><\/div><div class=\"dt-fancy-separator title-left h4-size style-disabled accent-title-color\" style=\"width: 100%;\"><div class=\"dt-fancy-title\"><span class=\"separator-holder separator-left\"><\/span>New York Dance Films Association<span class=\"separator-holder separator-right\"><\/span><\/div><\/div><div class=\"ult-spacer spacer-69e35c8db13eb\" data-id=\"69e35c8db13eb\" data-height=\"10\" data-height-mobile=\"10\" data-height-tab=\"10\" data-height-tab-portrait=\"\" data-height-mobile-landscape=\"\" style=\"clear:both;display:block;\"><\/div>[vc_column_text]<\/p>\n<p style=\"text-align: justify;\">La asociaci\u00f3n de Cine de Danza de Nueva York es una organizaci\u00f3n sin \u00e1nimo de lucro que act\u00faa de catalizador para la producci\u00f3n, presentaci\u00f3n y conservaci\u00f3n del cine de danza. Se dedica a promover el cine de danza\u00a0mediante la conexi\u00f3n de artistas y organizaciones, el fomento de nuevas obras y nuevos p\u00fablicos, as\u00ed como compartir recursos esenciales.<\/p>\n<p>[\/vc_column_text]<div class=\"ult-spacer spacer-69e35c8db13fc\" data-id=\"69e35c8db13fc\" data-height=\"10\" data-height-mobile=\"10\" data-height-tab=\"10\" data-height-tab-portrait=\"\" data-height-mobile-landscape=\"\" style=\"clear:both;display:block;\"><\/div><div class=\"dt-fancy-separator title-left h4-size style-disabled accent-title-color\" style=\"width: 100%;\"><div class=\"dt-fancy-title\"><span class=\"separator-holder separator-left\"><\/span>ASB Centro de Artes y Danza <span class=\"separator-holder separator-right\"><\/span><\/div><\/div><div class=\"ult-spacer spacer-69e35c8db1424\" data-id=\"69e35c8db1424\" data-height=\"10\" data-height-mobile=\"10\" data-height-tab=\"10\" data-height-tab-portrait=\"\" data-height-mobile-landscape=\"\" style=\"clear:both;display:block;\"><\/div>[vc_column_text]<\/p>\n<p style=\"text-align: justify;\">Nace en 2004 como una escuela de danza que se ha convertido en una referencia en Barcelona. Su filosof\u00eda se centra en celebrar la vida mediante el baile y para ello se rodean de un gran equipo de profesionales. Su principal objetivo es ver como la gente disfruta aprendiendo, mejorando t\u00e9cnica y personalmente.<\/p>\n<p>[\/vc_column_text]<div class=\"ult-spacer spacer-69e35c8db1434\" data-id=\"69e35c8db1434\" data-height=\"10\" data-height-mobile=\"10\" data-height-tab=\"10\" data-height-tab-portrait=\"\" data-height-mobile-landscape=\"\" style=\"clear:both;display:block;\"><\/div><div class=\"dt-fancy-separator title-left h4-size style-disabled accent-title-color\" style=\"width: 100%;\"><div class=\"dt-fancy-title\"><span class=\"separator-holder separator-left\"><\/span>Escola Luthier M\u00fasica &amp; Dansa <span class=\"separator-holder separator-right\"><\/span><\/div><\/div><div class=\"ult-spacer spacer-69e35c8db1474\" data-id=\"69e35c8db1474\" data-height=\"10\" data-height-mobile=\"10\" data-height-tab=\"10\" data-height-tab-portrait=\"\" data-height-mobile-landscape=\"\" style=\"clear:both;display:block;\"><\/div>[vc_column_text]<\/p>\n<p style=\"text-align: justify;\">Luthier Danza se crea en octubre de 2011 con la intenci\u00f3n de ser un centro de alta calidad, especializado en Claqu\u00e9, Jazz, Hip Hop y Swing. Sin embargo, tambi\u00e9n se imparten clases de Danza Cl\u00e1sica, Danza Contempor\u00e1nea, Danza Africana, Danza Barroca (para bailarines y m\u00fasicos) y R\u00edtmica J. Dalcroze.\u00a0Situada en los bajos del edificio de la Escuela Luthier de Artes Musicales, esta nueva escuela comienza su recorrido en octubre de 2011 bajo la direcci\u00f3n de Guillem Alonso, bailar\u00edn de claqu\u00e9 y core\u00f3grafo, ganador del Premio Dansacat 2010.<\/p>\n<p>[\/vc_column_text]<div class=\"ult-spacer spacer-69e35c8db1485\" data-id=\"69e35c8db1485\" data-height=\"10\" data-height-mobile=\"10\" data-height-tab=\"10\" data-height-tab-portrait=\"\" data-height-mobile-landscape=\"\" style=\"clear:both;display:block;\"><\/div><div class=\"dt-fancy-separator h4-size style-disabled accent-title-color\" style=\"width: 100%;\"><div class=\"dt-fancy-title\"><span class=\"separator-holder separator-left\"><\/span>Ubicaci\u00f3n<span class=\"separator-holder separator-right\"><\/span><\/div><\/div><div class=\"ult-spacer spacer-69e35c8db14ab\" data-id=\"69e35c8db14ab\" data-height=\"10\" data-height-mobile=\"10\" data-height-tab=\"10\" data-height-tab-portrait=\"\" data-height-mobile-landscape=\"\" style=\"clear:both;display:block;\"><\/div>[vc_column_text]<\/p>\n<p style=\"text-align: justify;\">La edici\u00f3n de 2013 tuvo lugar el\u00a024 de octubre en los Cines Mald\u00e0 (Barcelona).<\/p>\n<p>[\/vc_column_text][\/vc_column][vc_column width=\u00bb1\/4&#8243; animation=\u00bb\u00bb][\/vc_column][\/vc_row]<\/p>\n<\/section>","protected":false},"excerpt":{"rendered":"<p>[vc_row margin_top=\u00bb0&#8243; margin_bottom=\u00bb0&#8243; full_width=\u00bb\u00bb padding_left=\u00bb0&#8243; padding_right=\u00bb0&#8243; animation=\u00bb\u00bb type=\u00bb\u00bb bg_color=\u00bb\u00bb bg_position=\u00bbtop\u00bb bg_repeat=\u00bbno-repeat\u00bb bg_cover=\u00bbfalse\u00bb bg_attachment=\u00bbfalse\u00bb padding_top=\u00bb0&#8243; padding_bottom=\u00bb0&#8243; enable_parallax=\u00bb\u00bb parallax_speed=\u00bb0.1&#8243; bg_video_src_mp4=\u00bb\u00bb bg_video_src_ogv=\u00bb\u00bb bg_video_src_webm=\u00bb\u00bb bg_type=\u00bb\u00bb parallax_style=\u00bb\u00bb bg_image_new=\u00bb\u00bb layer_image=\u00bb\u00bb bg_image_repeat=\u00bb\u00bb bg_image_size=\u00bb\u00bb bg_cstm_size=\u00bb\u00bb bg_img_attach=\u00bb\u00bb parallax_sense=\u00bb\u00bb bg_image_posiiton=\u00bb\u00bb animation_direction=\u00bb\u00bb animation_repeat=\u00bb\u00bb video_url=\u00bb\u00bb video_url_2=\u00bb\u00bb u_video_url=\u00bb\u00bb video_opts=\u00bb\u00bb video_poster=\u00bb\u00bb u_start_time=\u00bb\u00bb u_stop_time=\u00bb\u00bb viewport_vdo=\u00bb\u00bb enable_controls=\u00bb\u00bb bg_override=\u00bb\u00bb disable_on_mobile_img_parallax=\u00bb\u00bb parallax_content=\u00bb\u00bb parallax_content_sense=\u00bb\u00bb fadeout_row=\u00bb\u00bb fadeout_start_effect=\u00bb\u00bb enable_overlay=\u00bb\u00bb overlay_color=\u00bb\u00bb overlay_pattern=\u00bb\u00bb overlay_pattern_opacity=\u00bb\u00bb overlay_pattern_size=\u00bb\u00bb overlay_pattern_attachment=\u00bb\u00bb multi_color_overlay=\u00bb\u00bb multi_color_overlay_opacity=\u00bb\u00bb&hellip;<\/p>\n","protected":false},"author":1,"featured_media":0,"parent":0,"menu_order":0,"comment_status":"closed","ping_status":"closed","template":"","meta":[],"_links":{"self":[{"href":"https:\/\/www.choreoscope.com\/ediciones-anteriores\/wp-json\/wp\/v2\/pages\/42"}],"collection":[{"href":"https:\/\/www.choreoscope.com\/ediciones-anteriores\/wp-json\/wp\/v2\/pages"}],"about":[{"href":"https:\/\/www.choreoscope.com\/ediciones-anteriores\/wp-json\/wp\/v2\/types\/page"}],"author":[{"embeddable":true,"href":"https:\/\/www.choreoscope.com\/ediciones-anteriores\/wp-json\/wp\/v2\/users\/1"}],"replies":[{"embeddable":true,"href":"https:\/\/www.choreoscope.com\/ediciones-anteriores\/wp-json\/wp\/v2\/comments?post=42"}],"version-history":[{"count":3,"href":"https:\/\/www.choreoscope.com\/ediciones-anteriores\/wp-json\/wp\/v2\/pages\/42\/revisions"}],"predecessor-version":[{"id":99,"href":"https:\/\/www.choreoscope.com\/ediciones-anteriores\/wp-json\/wp\/v2\/pages\/42\/revisions\/99"}],"wp:attachment":[{"href":"https:\/\/www.choreoscope.com\/ediciones-anteriores\/wp-json\/wp\/v2\/media?parent=42"}],"curies":[{"name":"wp","href":"https:\/\/api.w.org\/{rel}","templated":true}]}}